{"id":966,"date":"2024-06-05T20:27:12","date_gmt":"2024-06-05T18:27:12","guid":{"rendered":"https:\/\/sarmirsteel.sk\/?page_id=966"},"modified":"2024-06-28T18:59:24","modified_gmt":"2024-06-28T16:59:24","slug":"kovove-brany-senec-2","status":"publish","type":"page","link":"https:\/\/sarmirsteel.sk\/cz\/kovove-brany-senec-2\/","title":{"rendered":"Kovov\u00e9 br\u00e1ny Senec a okolie"},"content":{"rendered":"<div data-elementor-type=\"wp-page\" data-elementor-id=\"966\" class=\"elementor elementor-966\" data-elementor-post-type=\"page\">\n\t\t\t\t\t\t<section class=\"elementor-section elementor-top-section elementor-element elementor-element-2a7312e8 elementor-section-height-min-height elementor-section-boxed elementor-section-height-default elementor-section-items-middle\" data-id=\"2a7312e8\" data-element_type=\"section\" data-settings=\"{&quot;background_background&quot;:&quot;classic&quot;}\">\n\t\t\t\t\t\t<div class=\"elementor-container elementor-column-gap-default\">\n\t\t\t\t\t<div class=\"elementor-column elementor-col-100 elementor-top-column elementor-element elementor-element-2f30df85\" data-id=\"2f30df85\" data-element_type=\"column\">\n\t\t\t<div class=\"elementor-widget-wrap elementor-element-populated\">\n\t\t\t\t\t\t<div class=\"elementor-element elementor-element-2c6f2f83 elementor-widget elementor-widget-heading\" data-id=\"2c6f2f83\" data-element_type=\"widget\" data-widget_type=\"heading.default\">\n\t\t\t\t<div class=\"elementor-widget-container\">\n\t\t\t<h1 class=\"elementor-heading-title elementor-size-default\">Kovov\u00e9 br\u00e1ny Senec a okolie<\/h1>\t\t<\/div>\n\t\t\t\t<\/div>\n\t\t\t\t\t<\/div>\n\t\t<\/div>\n\t\t\t\t\t<\/div>\n\t\t<\/section>\n\t\t\t\t<section class=\"elementor-section elementor-top-section elementor-element elementor-element-6b4f2d1b elementor-section-content-middle elementor-section-boxed elementor-section-height-default elementor-section-height-default\" data-id=\"6b4f2d1b\" data-element_type=\"section\" id=\"sluzby\" data-settings=\"{&quot;background_background&quot;:&quot;classic&quot;}\">\n\t\t\t\t\t\t<div class=\"elementor-container elementor-column-gap-no\">\n\t\t\t\t\t<div class=\"elementor-column elementor-col-100 elementor-top-column elementor-element elementor-element-5e885875\" data-id=\"5e885875\" data-element_type=\"column\">\n\t\t\t<div class=\"elementor-widget-wrap elementor-element-populated\">\n\t\t\t\t\t\t<section class=\"elementor-section elementor-inner-section elementor-element elementor-element-4401447c elementor-section-boxed elementor-section-height-default elementor-section-height-default\" data-id=\"4401447c\" data-element_type=\"section\">\n\t\t\t\t\t\t<div class=\"elementor-container elementor-column-gap-default\">\n\t\t\t\t\t<div class=\"elementor-column elementor-col-100 elementor-inner-column elementor-element elementor-element-3451c9f5\" data-id=\"3451c9f5\" data-element_type=\"column\">\n\t\t\t<div class=\"elementor-widget-wrap elementor-element-populated\">\n\t\t\t\t\t\t<div class=\"elementor-element elementor-element-733a93f5 elementor-widget elementor-widget-heading\" data-id=\"733a93f5\" data-element_type=\"widget\" data-widget_type=\"heading.default\">\n\t\t\t\t<div class=\"elementor-widget-container\">\n\t\t\t<h2 class=\"elementor-heading-title elementor-size-default\">Spo\u013eahlivos\u0165 a elegancia pre v\u00e1\u0161 domov<\/h2>\t\t<\/div>\n\t\t\t\t<\/div>\n\t\t\t\t<div class=\"elementor-element elementor-element-221e52c2 elementor-widget elementor-widget-text-editor\" data-id=\"221e52c2\" data-element_type=\"widget\" data-widget_type=\"text-editor.default\">\n\t\t\t\t<div class=\"elementor-widget-container\">\n\t\t\t\t\t\t\t<p><strong>Kovov\u00e9 br\u00e1ny Senec a okolie <\/strong>s\u00fa ide\u00e1lnym rie\u0161en\u00edm pre t\u00fdch, ktor\u00ed h\u013eadaj\u00fa bezpe\u010dn\u00e9, odoln\u00e9 a esteticky pr\u00edjemn\u00e9 rie\u0161enie pre svoj domov alebo podnik. Na\u0161a spolo\u010dnos\u0165 pon\u00faka \u0161irok\u00fd v\u00fdber kovov\u00fdch br\u00e1n, ktor\u00e9 sp\u00e1jaj\u00fa kvalitu, \u0161t\u00fdl a spo\u013eahlivos\u0165.<\/p>\t\t\t\t\t\t<\/div>\n\t\t\t\t<\/div>\n\t\t\t\t<div class=\"elementor-element elementor-element-30bf2072 elementor-widget elementor-widget-heading\" data-id=\"30bf2072\" data-element_type=\"widget\" data-widget_type=\"heading.default\">\n\t\t\t\t<div class=\"elementor-widget-container\">\n\t\t\t<h2 class=\"elementor-heading-title elementor-size-default\">V\u00fdhody kovov\u00fdch br\u00e1n<\/h2>\t\t<\/div>\n\t\t\t\t<\/div>\n\t\t\t\t<div class=\"elementor-element elementor-element-44372d9b elementor-widget elementor-widget-text-editor\" data-id=\"44372d9b\" data-element_type=\"widget\" data-widget_type=\"text-editor.default\">\n\t\t\t\t<div class=\"elementor-widget-container\">\n\t\t\t\t\t\t\t<ul><li class=\"article_title align-center\"><strong>Odolnos\u0165<\/strong><\/li><\/ul><div class=\"article_indents\"><p class=\"article_indent align-center\">Kovov\u00e9 br\u00e1ny s\u00fa zn\u00e1me svojou vysokou pevnos\u0165ou a odolnos\u0165ou vo\u010di poveternostn\u00fdm vplyvom, \u010do zaru\u010duje dlh\u00fa \u017eivotnos\u0165.<\/p><ul><li class=\"article_title align-center\"><strong>Jednoduch\u00e1 obsluha<\/strong><\/li><\/ul><div class=\"article_indents\"><p class=\"article_indent align-center\">Modern\u00e9 posuvn\u00e9 br\u00e1ny s\u00fa vybaven\u00e9 automatick\u00fdmi pohonmi, ktor\u00e9 umo\u017e\u0148uj\u00fa jednoduch\u00e9 a pohodln\u00e9 ovl\u00e1danie pomocou dia\u013ekov\u00e9ho ovl\u00e1da\u010da.<\/p><ul><li class=\"article_title align-center\"><strong>Bezpe\u010dnos\u0165<\/strong><\/li><\/ul><div class=\"article_indents\"><p class=\"article_indent align-center\">Pevn\u00e1 kon\u0161trukcia a kvalitn\u00e9 materi\u00e1ly zabezpe\u010duj\u00fa vysok\u00fa \u00farove\u0148 bezpe\u010dnosti a ochrany v\u00e1\u0161ho majetku.<\/p><ul><li class=\"article_title align-center\"><strong>Estetika<\/strong><\/li><\/ul><div class=\"article_indents\"><p class=\"article_indent align-center\">Pon\u00fakame r\u00f4zne dizajnov\u00e9 varianty a farebn\u00e9 prevedenia, aby kovov\u00e1 br\u00e1na dokonale ladila s va\u0161im exteri\u00e9rom a sp\u013a\u0148ala va\u0161e individu\u00e1lne po\u017eiadavky.<\/p><\/div><\/div><\/div><\/div>\t\t\t\t\t\t<\/div>\n\t\t\t\t<\/div>\n\t\t\t\t<div class=\"elementor-element elementor-element-5b53f3a0 elementor-widget elementor-widget-heading\" data-id=\"5b53f3a0\" data-element_type=\"widget\" data-widget_type=\"heading.default\">\n\t\t\t\t<div class=\"elementor-widget-container\">\n\t\t\t<h2 class=\"elementor-heading-title elementor-size-default\">Technick\u00e9 vlastnosti - Kovov\u00e9 br\u00e1ny senec<\/h2>\t\t<\/div>\n\t\t\t\t<\/div>\n\t\t\t\t<div class=\"elementor-element elementor-element-7cf87461 elementor-widget elementor-widget-text-editor\" data-id=\"7cf87461\" data-element_type=\"widget\" data-widget_type=\"text-editor.default\">\n\t\t\t\t<div class=\"elementor-widget-container\">\n\t\t\t\t\t\t\t<p>Na\u0161e kovov\u00e9 br\u00e1ny s\u00fa vyroben\u00e9 z prvotriednych materi\u00e1lov, ktor\u00e9 zaru\u010duj\u00fa pevnos\u0165 a trv\u00e1cnos\u0165. Povrchov\u00e1 \u00faprava, vr\u00e1tane galvaniz\u00e1cie a pr\u00e1\u0161kov\u00e9ho lakovania, zabezpe\u010duje ochranu proti kor\u00f3zii a dlhodob\u00fa estetick\u00fa hodnotu. Ka\u017ed\u00e1 br\u00e1na je vyr\u00e1ban\u00e1 na mieru pod\u013ea va\u0161ich po\u017eiadaviek, \u010do zaru\u010duje presnos\u0165 a kvalitu ka\u017ed\u00e9ho v\u00fdrobku.<\/p>\t\t\t\t\t\t<\/div>\n\t\t\t\t<\/div>\n\t\t\t\t<div class=\"elementor-element elementor-element-59b4bc4b elementor-widget elementor-widget-heading\" data-id=\"59b4bc4b\" data-element_type=\"widget\" data-widget_type=\"heading.default\">\n\t\t\t\t<div class=\"elementor-widget-container\">\n\t\t\t<h2 class=\"elementor-heading-title elementor-size-default\">Kovov\u00e9 br\u00e1ny Senec - mont\u00e1\u017e a servis<\/h2>\t\t<\/div>\n\t\t\t\t<\/div>\n\t\t\t\t<div class=\"elementor-element elementor-element-39fa93c5 elementor-widget elementor-widget-text-editor\" data-id=\"39fa93c5\" data-element_type=\"widget\" data-widget_type=\"text-editor.default\">\n\t\t\t\t<div class=\"elementor-widget-container\">\n\t\t\t\t\t\t\t<p>Na\u0161a spolo\u010dnos\u0165 poskytuje komplexn\u00e9 slu\u017eby vr\u00e1tane profesion\u00e1lnej mont\u00e1\u017ee a servisu kovov\u00fdch br\u00e1n. Na\u0161i sk\u00fasen\u00ed technici zabezpe\u010dia odborn\u00fa in\u0161tal\u00e1ciu a pravideln\u00fa \u00fadr\u017ebu, aby va\u0161e br\u00e1ny fungovali bezchybne po dlh\u00e9 roky. Sme pripraven\u00ed rie\u0161i\u0165 v\u0161etky va\u0161e po\u017eiadavky a zabezpe\u010di\u0165, \u017ee va\u0161a br\u00e1na bude v\u017edy v perfektnom stave.<\/p>\t\t\t\t\t\t<\/div>\n\t\t\t\t<\/div>\n\t\t\t\t<div class=\"elementor-element elementor-element-38170c4e elementor-widget elementor-widget-heading\" data-id=\"38170c4e\" data-element_type=\"widget\" data-widget_type=\"heading.default\">\n\t\t\t\t<div class=\"elementor-widget-container\">\n\t\t\t<h2 class=\"elementor-heading-title elementor-size-default\">Pre\u010do si vybra\u0165 n\u00e1s?<\/h2>\t\t<\/div>\n\t\t\t\t<\/div>\n\t\t\t\t<div class=\"elementor-element elementor-element-6788af45 elementor-widget elementor-widget-text-editor\" data-id=\"6788af45\" data-element_type=\"widget\" data-widget_type=\"text-editor.default\">\n\t\t\t\t<div class=\"elementor-widget-container\">\n\t\t\t\t\t\t\t<ul><li class=\"article_title align-center\"><strong>Kvalita<\/strong><\/li><\/ul><div class=\"article_indents\"><p class=\"article_indent align-center\">\u0160arm\u00edr Steel je z\u00e1rukou toho, \u017ee va\u0161a br\u00e1na bude odoln\u00e1, vysokokvalitn\u00e1 a spo\u013eahliv\u00e1.<\/p><ul><li class=\"article_title align-center\"><strong>Sk\u00fasenosti<\/strong><\/li><\/ul><div class=\"article_indents\"><p class=\"article_indent align-center\">M\u00e1me bohat\u00e9 sk\u00fasenosti v oblasti v\u00fdroby posuvn\u00fdch br\u00e1n a aj ich in\u0161tal\u00e1cie.\u00a0<\/p><ul><li class=\"article_title align-center\"><strong>Z\u00e1kazn\u00edcky servis<\/strong><\/li><\/ul><div class=\"article_indents\"><p class=\"article_indent align-center\">N\u00e1\u0161 t\u00edm je pripraven\u00fd odpoveda\u0165 na v\u0161etky va\u0161e ot\u00e1zky a poskytn\u00fa\u0165 v\u00e1m odborn\u00e9 poradenstvo.<\/p><ul><li class=\"article_title align-center\"><strong>Cenov\u00e1 dostupnos\u0165<\/strong><\/li><\/ul><div class=\"article_indents\"><p class=\"article_indent align-center\">Poskytujeme kvalitn\u00e9 produkty za konkurencieschopn\u00e9 ceny.<\/p><\/div><p>Ak m\u00e1te z\u00e1ujem o na\u0161e kovov\u00e9 br\u00e1ny na mieru v Senci a okol\u00ed alebo potrebujete viac inform\u00e1ci\u00ed, nev\u00e1hajte n\u00e1s kontaktova\u0165. Radi v\u00e1m pom\u00f4\u017eeme s v\u00fdberom ide\u00e1lneho rie\u0161enia pre v\u00e1\u0161 domov.<\/p><\/div><\/div><\/div>\t\t\t\t\t\t<\/div>\n\t\t\t\t<\/div>\n\t\t\t\t\t<\/div>\n\t\t<\/div>\n\t\t\t\t\t<\/div>\n\t\t<\/section>\n\t\t\t\t\t<\/div>\n\t\t<\/div>\n\t\t\t\t\t<\/div>\n\t\t<\/section>\n\t\t\t\t<section class=\"elementor-section elementor-top-section elementor-element elementor-element-46368d56 elementor-section-boxed elementor-section-height-default elementor-section-height-default\" data-id=\"46368d56\" data-element_type=\"section\">\n\t\t\t\t\t\t<div class=\"elementor-container elementor-column-gap-default\">\n\t\t\t\t\t<div class=\"elementor-column elementor-col-100 elementor-top-column elementor-element elementor-element-68b4546e\" data-id=\"68b4546e\" data-element_type=\"column\">\n\t\t\t<div class=\"elementor-widget-wrap elementor-element-populated\">\n\t\t\t\t\t\t<div class=\"elementor-element elementor-element-66dc5322 elementor-widget elementor-widget-heading\" data-id=\"66dc5322\" data-element_type=\"widget\" data-widget_type=\"heading.default\">\n\t\t\t\t<div class=\"elementor-widget-container\">\n\t\t\t<h2 class=\"elementor-heading-title elementor-size-default\">Kovov\u00e9 br\u00e1ny Senec a okolie z na\u0161ej v\u00fdroby<\/h2>\t\t<\/div>\n\t\t\t\t<\/div>\n\t\t\t\t<div class=\"elementor-element elementor-element-153f3cc9 elementor-widget elementor-widget-gallery\" data-id=\"153f3cc9\" data-element_type=\"widget\" data-settings=\"{&quot;lazyload&quot;:&quot;yes&quot;,&quot;gallery_layout&quot;:&quot;grid&quot;,&quot;columns&quot;:4,&quot;columns_tablet&quot;:2,&quot;columns_mobile&quot;:1,&quot;gap&quot;:{&quot;unit&quot;:&quot;px&quot;,&quot;size&quot;:10,&quot;sizes&quot;:[]},&quot;gap_tablet&quot;:{&quot;unit&quot;:&quot;px&quot;,&quot;size&quot;:10,&quot;sizes&quot;:[]},&quot;gap_mobile&quot;:{&quot;unit&quot;:&quot;px&quot;,&quot;size&quot;:10,&quot;sizes&quot;:[]},&quot;link_to&quot;:&quot;file&quot;,&quot;aspect_ratio&quot;:&quot;3:2&quot;,&quot;overlay_background&quot;:&quot;yes&quot;,&quot;content_hover_animation&quot;:&quot;fade-in&quot;}\" data-widget_type=\"gallery.default\">\n\t\t\t\t<div class=\"elementor-widget-container\">\n\t\t\t\t\t<div class=\"elementor-gallery__container\">\n\t\t\t\t\t\t\t<a class=\"e-gallery-item elementor-gallery-item elementor-animated-content\" href=\"https:\/\/sarmirsteel.sk\/wp-content\/uploads\/2024\/06\/kovove-brany-senec.jpg\" data-elementor-open-lightbox=\"yes\" data-elementor-lightbox-slideshow=\"153f3cc9\" data-elementor-lightbox-title=\"kovove-brany-senec\" data-e-action-hash=\"#elementor-action%3Aaction%3Dlightbox%26settings%3DeyJpZCI6MjExMSwidXJsIjoiaHR0cHM6XC9cL3Nhcm1pcnN0ZWVsLnNrXC93cC1jb250ZW50XC91cGxvYWRzXC8yMDI0XC8wNlwva292b3ZlLWJyYW55LXNlbmVjLmpwZyIsInNsaWRlc2hvdyI6IjE1M2YzY2M5In0%3D\">\n\t\t\t\t\t<div class=\"e-gallery-image elementor-gallery-item__image\" data-thumbnail=\"https:\/\/sarmirsteel.sk\/wp-content\/uploads\/2024\/06\/kovove-brany-senec-300x225.jpg\" data-width=\"300\" data-height=\"225\" aria-label=\"kovove brany senec\" role=\"img\" ><\/div>\n\t\t\t\t\t\t\t\t\t\t\t<div class=\"elementor-gallery-item__overlay\"><\/div>\n\t\t\t\t\t\t\t\t\t\t\t\t\t\t<\/a>\n\t\t\t\t\t<\/div>\n\t\t\t<\/div>\n\t\t\t\t<\/div>\n\t\t\t\t<div class=\"elementor-element elementor-element-6115eb2 elementor-widget elementor-widget-text-editor\" data-id=\"6115eb2\" data-element_type=\"widget\" data-widget_type=\"text-editor.default\">\n\t\t\t\t<div class=\"elementor-widget-container\">\n\t\t\t\t\t\t\t<div class=\"elementor-element elementor-element-4c5f9c2a elementor-widget elementor-widget-gallery\" data-id=\"4c5f9c2a\" data-element_type=\"widget\" data-settings=\"{&quot;lazyload&quot;:&quot;yes&quot;,&quot;gallery_layout&quot;:&quot;grid&quot;,&quot;columns&quot;:4,&quot;columns_tablet&quot;:2,&quot;columns_mobile&quot;:1,&quot;gap&quot;:{&quot;unit&quot;:&quot;px&quot;,&quot;size&quot;:10,&quot;sizes&quot;:[]},&quot;gap_tablet&quot;:{&quot;unit&quot;:&quot;px&quot;,&quot;size&quot;:10,&quot;sizes&quot;:[]},&quot;gap_mobile&quot;:{&quot;unit&quot;:&quot;px&quot;,&quot;size&quot;:10,&quot;sizes&quot;:[]},&quot;link_to&quot;:&quot;file&quot;,&quot;aspect_ratio&quot;:&quot;3:2&quot;,&quot;overlay_background&quot;:&quot;yes&quot;,&quot;content_hover_animation&quot;:&quot;fade-in&quot;}\" data-widget_type=\"gallery.default\"><div class=\"elementor-widget-container\"><div class=\"elementor-gallery__container e-gallery-container e-gallery-grid e-gallery--ltr e-gallery--lazyload\"><div class=\"elementor-gallery-item__overlay\">Viac fotiek realiz\u00e1ci\u00ed kovov\u00fdch br\u00e1n v Senci a okol\u00ed n\u00e1jdete na na\u0161om <a href=\"https:\/\/www.facebook.com\/sarmirsteel.sk\">Facebook \u00fa\u010dte<\/a>.<\/div><\/div><\/div><\/div>\t\t\t\t\t\t<\/div>\n\t\t\t\t<\/div>\n\t\t\t\t\t<\/div>\n\t\t<\/div>\n\t\t\t\t\t<\/div>\n\t\t<\/section>\n\t\t\t\t<\/div>","protected":false},"excerpt":{"rendered":"<p>Kovov\u00e9 br\u00e1ny Senec a okolie Spo\u013eahlivos\u0165 a elegancia pre v\u00e1\u0161 domov Kovov\u00e9 br\u00e1ny Senec a okolie s\u00fa ide\u00e1lnym rie\u0161en\u00edm pre t\u00fdch, ktor\u00ed h\u013eadaj\u00fa bezpe\u010dn\u00e9, odoln\u00e9 a esteticky pr\u00edjemn\u00e9 rie\u0161enie pre svoj domov alebo podnik. Na\u0161a spolo\u010dnos\u0165 pon\u00faka \u0161irok\u00fd v\u00fdber kovov\u00fdch br\u00e1n, ktor\u00e9 sp\u00e1jaj\u00fa kvalitu, \u0161t\u00fdl a spo\u013eahlivos\u0165. V\u00fdhody kovov\u00fdch br\u00e1n Odolnos\u0165 Kovov\u00e9 br\u00e1ny s\u00fa zn\u00e1me [&hellip;]<\/p>","protected":false},"author":3,"featured_media":2111,"parent":0,"menu_order":0,"comment_status":"closed","ping_status":"closed","template":"","meta":{"footnotes":""},"class_list":["post-966","page","type-page","status-publish","has-post-thumbnail","hentry"],"_links":{"self":[{"href":"https:\/\/sarmirsteel.sk\/cz\/wp-json\/wp\/v2\/pages\/966","targetHints":{"allow":["GET"]}}],"collection":[{"href":"https:\/\/sarmirsteel.sk\/cz\/wp-json\/wp\/v2\/pages"}],"about":[{"href":"https:\/\/sarmirsteel.sk\/cz\/wp-json\/wp\/v2\/types\/page"}],"author":[{"embeddable":true,"href":"https:\/\/sarmirsteel.sk\/cz\/wp-json\/wp\/v2\/users\/3"}],"replies":[{"embeddable":true,"href":"https:\/\/sarmirsteel.sk\/cz\/wp-json\/wp\/v2\/comments?post=966"}],"version-history":[{"count":0,"href":"https:\/\/sarmirsteel.sk\/cz\/wp-json\/wp\/v2\/pages\/966\/revisions"}],"wp:featuredmedia":[{"embeddable":true,"href":"https:\/\/sarmirsteel.sk\/cz\/wp-json\/wp\/v2\/media\/2111"}],"wp:attachment":[{"href":"https:\/\/sarmirsteel.sk\/cz\/wp-json\/wp\/v2\/media?parent=966"}],"curies":[{"name":"wp","href":"https:\/\/api.w.org\/{rel}","templated":true}]}}