{"id":885,"date":"2024-06-03T17:35:50","date_gmt":"2024-06-03T15:35:50","guid":{"rendered":"https:\/\/sarmirsteel.sk\/?page_id=885"},"modified":"2024-06-14T18:41:32","modified_gmt":"2024-06-14T16:41:32","slug":"jednokridlove-brany-bratislava","status":"publish","type":"page","link":"https:\/\/sarmirsteel.sk\/cz\/jednokridlove-brany-bratislava\/","title":{"rendered":"Jednokr\u00eddlov\u00e9 br\u00e1ny Bratislava"},"content":{"rendered":"<div data-elementor-type=\"wp-page\" data-elementor-id=\"885\" class=\"elementor elementor-885\" data-elementor-post-type=\"page\">\n\t\t\t\t\t\t<section class=\"elementor-section elementor-top-section elementor-element elementor-element-281fda8a elementor-section-height-min-height elementor-section-boxed elementor-section-height-default elementor-section-items-middle\" data-id=\"281fda8a\" data-element_type=\"section\" data-settings=\"{&quot;background_background&quot;:&quot;classic&quot;}\">\n\t\t\t\t\t\t<div class=\"elementor-container elementor-column-gap-default\">\n\t\t\t\t\t<div class=\"elementor-column elementor-col-100 elementor-top-column elementor-element elementor-element-7b2bd31a\" data-id=\"7b2bd31a\" data-element_type=\"column\">\n\t\t\t<div class=\"elementor-widget-wrap elementor-element-populated\">\n\t\t\t\t\t\t<div class=\"elementor-element elementor-element-35f95a0f elementor-widget elementor-widget-heading\" data-id=\"35f95a0f\" data-element_type=\"widget\" data-widget_type=\"heading.default\">\n\t\t\t\t<div class=\"elementor-widget-container\">\n\t\t\t<h1 class=\"elementor-heading-title elementor-size-default\">Jednokr\u00eddlov\u00e9 br\u00e1ny Bratislava<\/h1>\t\t<\/div>\n\t\t\t\t<\/div>\n\t\t\t\t\t<\/div>\n\t\t<\/div>\n\t\t\t\t\t<\/div>\n\t\t<\/section>\n\t\t\t\t<section class=\"elementor-section elementor-top-section elementor-element elementor-element-24e5c689 elementor-section-content-middle elementor-section-boxed elementor-section-height-default elementor-section-height-default\" data-id=\"24e5c689\" data-element_type=\"section\" id=\"sluzby\" data-settings=\"{&quot;background_background&quot;:&quot;classic&quot;}\">\n\t\t\t\t\t\t<div class=\"elementor-container elementor-column-gap-no\">\n\t\t\t\t\t<div class=\"elementor-column elementor-col-100 elementor-top-column elementor-element elementor-element-3d996b41\" data-id=\"3d996b41\" data-element_type=\"column\">\n\t\t\t<div class=\"elementor-widget-wrap elementor-element-populated\">\n\t\t\t\t\t\t<section class=\"elementor-section elementor-inner-section elementor-element elementor-element-2fe1eae elementor-section-boxed elementor-section-height-default elementor-section-height-default\" data-id=\"2fe1eae\" data-element_type=\"section\">\n\t\t\t\t\t\t<div class=\"elementor-container elementor-column-gap-default\">\n\t\t\t\t\t<div class=\"elementor-column elementor-col-100 elementor-inner-column elementor-element elementor-element-3382f49a\" data-id=\"3382f49a\" data-element_type=\"column\">\n\t\t\t<div class=\"elementor-widget-wrap elementor-element-populated\">\n\t\t\t\t\t\t<div class=\"elementor-element elementor-element-214c4fcf elementor-widget elementor-widget-heading\" data-id=\"214c4fcf\" data-element_type=\"widget\" data-widget_type=\"heading.default\">\n\t\t\t\t<div class=\"elementor-widget-container\">\n\t\t\t<h2 class=\"elementor-heading-title elementor-size-default\">Praktick\u00e9 a spo\u013eahliv\u00e9 rie\u0161enie pre v\u00e1\u0161 vstup<\/h2>\t\t<\/div>\n\t\t\t\t<\/div>\n\t\t\t\t<div class=\"elementor-element elementor-element-533ff474 elementor-widget elementor-widget-text-editor\" data-id=\"533ff474\" data-element_type=\"widget\" data-widget_type=\"text-editor.default\">\n\t\t\t\t<div class=\"elementor-widget-container\">\n\t\t\t\t\t\t\t<p><strong>Jednokr\u00eddlov\u00e9 br\u00e1ny Bratislava <\/strong>od \u0160arm\u00edr Steel s\u00fa ide\u00e1lnym rie\u0161en\u00edm pre men\u0161ie vchody a priestory, kde je potrebn\u00e1 jednoduch\u00e1 a efekt\u00edvna kontrola vstupu. Na\u0161a spolo\u010dnos\u0165 pon\u00faka \u0161irok\u00fa \u0161k\u00e1lu jednokr\u00eddlov\u00fdch br\u00e1n, ktor\u00e9 s\u00fa navrhnut\u00e9 tak, aby sp\u013a\u0148ali v\u0161etky va\u0161e po\u017eiadavky na kvalitu, bezpe\u010dnos\u0165 a dizajn.<\/p>\t\t\t\t\t\t<\/div>\n\t\t\t\t<\/div>\n\t\t\t\t<div class=\"elementor-element elementor-element-504aae2f elementor-widget elementor-widget-heading\" data-id=\"504aae2f\" data-element_type=\"widget\" data-widget_type=\"heading.default\">\n\t\t\t\t<div class=\"elementor-widget-container\">\n\t\t\t<h2 class=\"elementor-heading-title elementor-size-default\">V\u00fdhody jednokr\u00eddlov\u00fdch br\u00e1n<\/h2>\t\t<\/div>\n\t\t\t\t<\/div>\n\t\t\t\t<div class=\"elementor-element elementor-element-c6e3c3 elementor-widget elementor-widget-text-editor\" data-id=\"c6e3c3\" data-element_type=\"widget\" data-widget_type=\"text-editor.default\">\n\t\t\t\t<div class=\"elementor-widget-container\">\n\t\t\t\t\t\t\t<ul><li class=\"article_title align-center\"><strong>\u00daspora miesta<\/strong><\/li><\/ul><div class=\"article_indents\"><p class=\"article_indent align-center\">Jednokr\u00eddlov\u00e9 br\u00e1ny vy\u017eaduj\u00fa menej priestoru na otv\u00e1ranie, \u010do je ide\u00e1lne pre men\u0161ie vstupy a obmedzen\u00e9 priestory.<\/p><ul><li class=\"article_title align-center\"><strong>Jednoduchos\u0165<\/strong><\/li><\/ul><div class=\"article_indents\"><p class=\"article_indent align-center\">Ich jednoduch\u00e1 kon\u0161trukcia a dizajn zaru\u010duj\u00fa \u013eahk\u00fa manipul\u00e1ciu a \u00fadr\u017ebu.<\/p><ul><li class=\"article_title align-center\"><strong>Bezpe\u010dnos\u0165<\/strong><\/li><\/ul><div class=\"article_indents\"><p class=\"article_indent align-center\">Robustn\u00e1 kon\u0161trukcia a kvalitn\u00e9 materi\u00e1ly poskytuj\u00fa spo\u013eahliv\u00fa ochranu pred neopr\u00e1vnen\u00fdm vstupom.<\/p><ul><li class=\"article_title align-center\"><strong>Estetika<\/strong><\/li><\/ul><div class=\"article_indents\"><p class=\"article_indent align-center\">Na\u0161e jednokr\u00eddlov\u00e9 br\u00e1ny s\u00fa dostupn\u00e9 v r\u00f4znych dizajnoch a farb\u00e1ch, \u010do umo\u017e\u0148uje ich prisp\u00f4sobenie \u0161t\u00fdlu v\u00e1\u0161ho domu a okolia.<\/p><div class=\"content_section position-1\"><article id=\"Article_idm139968259295648-15\"><div class=\"Article notab_br decoration-none\"><div class=\"article_indents\">\u00a0<\/div><\/div><\/article><\/div><\/div><\/div><\/div><\/div>\t\t\t\t\t\t<\/div>\n\t\t\t\t<\/div>\n\t\t\t\t<div class=\"elementor-element elementor-element-15697ef1 elementor-widget elementor-widget-heading\" data-id=\"15697ef1\" data-element_type=\"widget\" data-widget_type=\"heading.default\">\n\t\t\t\t<div class=\"elementor-widget-container\">\n\t\t\t<h2 class=\"elementor-heading-title elementor-size-default\">Technick\u00e9 vlastnosti - jednokr\u00eddlov\u00e9 br\u00e1ny Bratislava<\/h2>\t\t<\/div>\n\t\t\t\t<\/div>\n\t\t\t\t<div class=\"elementor-element elementor-element-4f8bec7e elementor-widget elementor-widget-text-editor\" data-id=\"4f8bec7e\" data-element_type=\"widget\" data-widget_type=\"text-editor.default\">\n\t\t\t\t<div class=\"elementor-widget-container\">\n\t\t\t\t\t\t\t<p>Na\u0161e jednokr\u00eddlov\u00e9 br\u00e1ny s\u00fa vyroben\u00e9 z vysokokvalitn\u00fdch materi\u00e1lov, ktor\u00e9 zaru\u010duj\u00fa dlh\u00fa \u017eivotnos\u0165 a odolnos\u0165 vo\u010di poveternostn\u00fdm vplyvom. Pon\u00fakame r\u00f4zne povrchov\u00e9 \u00fapravy a farebn\u00e9 prevedenia, aby va\u0161a br\u00e1na nielen fungovala bezchybne, ale aj esteticky dop\u013a\u0148ala v\u00e1\u0161 exteri\u00e9r.<\/p>\t\t\t\t\t\t<\/div>\n\t\t\t\t<\/div>\n\t\t\t\t<div class=\"elementor-element elementor-element-1cdcdf86 elementor-widget elementor-widget-heading\" data-id=\"1cdcdf86\" data-element_type=\"widget\" data-widget_type=\"heading.default\">\n\t\t\t\t<div class=\"elementor-widget-container\">\n\t\t\t<h2 class=\"elementor-heading-title elementor-size-default\">Jednokr\u00eddlov\u00e9 br\u00e1ny Bratislava - mont\u00e1\u017e a servis<\/h2>\t\t<\/div>\n\t\t\t\t<\/div>\n\t\t\t\t<div class=\"elementor-element elementor-element-3465749 elementor-widget elementor-widget-text-editor\" data-id=\"3465749\" data-element_type=\"widget\" data-widget_type=\"text-editor.default\">\n\t\t\t\t<div class=\"elementor-widget-container\">\n\t\t\t\t\t\t\t<p>S\u00fa\u010das\u0165ou na\u0161ej ponuky je aj profesion\u00e1lna mont\u00e1\u017e a servis jednokr\u00eddlov\u00fdch br\u00e1n. Na\u0161i sk\u00fasen\u00ed technici zabezpe\u010dia odborn\u00fa in\u0161tal\u00e1ciu a pravideln\u00fa \u00fadr\u017ebu, aby va\u0161e br\u00e1ny fungovali spo\u013eahlivo po dlh\u00e9 roky. Zaru\u010dujeme, \u017ee va\u0161e br\u00e1ny bud\u00fa v\u017edy v perfektnom stave.<\/p>\t\t\t\t\t\t<\/div>\n\t\t\t\t<\/div>\n\t\t\t\t<div class=\"elementor-element elementor-element-3a92ea89 elementor-widget elementor-widget-heading\" data-id=\"3a92ea89\" data-element_type=\"widget\" data-widget_type=\"heading.default\">\n\t\t\t\t<div class=\"elementor-widget-container\">\n\t\t\t<h2 class=\"elementor-heading-title elementor-size-default\">Pre\u010do si vybra\u0165 n\u00e1s?<\/h2>\t\t<\/div>\n\t\t\t\t<\/div>\n\t\t\t\t<div class=\"elementor-element elementor-element-30a56785 elementor-widget elementor-widget-text-editor\" data-id=\"30a56785\" data-element_type=\"widget\" data-widget_type=\"text-editor.default\">\n\t\t\t\t<div class=\"elementor-widget-container\">\n\t\t\t\t\t\t\t<ul><li class=\"article_title align-center\"><strong>Kvalita<\/strong><\/li><\/ul><div class=\"article_indents\"><p class=\"article_indent align-center\">\u0160armirsteel je z\u00e1rukou toho, \u017ee va\u0161a br\u00e1na bude odoln\u00e1, vysokokvalitn\u00e1 a spo\u013eahliv\u00e1.<\/p><ul><li class=\"article_title align-center\"><strong>Sk\u00fasenosti<\/strong><\/li><\/ul><div class=\"article_indents\"><p class=\"article_indent align-center\">M\u00e1me bohat\u00e9 sk\u00fasenosti v oblasti v\u00fdroby posuvn\u00fdch br\u00e1n a aj ich in\u0161tal\u00e1cie.\u00a0<\/p><ul><li class=\"article_title align-center\"><strong>Z\u00e1kazn\u00edcky servis<\/strong><\/li><\/ul><div class=\"article_indents\"><p class=\"article_indent align-center\">N\u00e1\u0161 t\u00edm je pripraven\u00fd odpoveda\u0165 na v\u0161etky va\u0161e ot\u00e1zky a poskytn\u00fa\u0165 v\u00e1m odborn\u00e9 poradenstvo.<\/p><ul><li class=\"article_title align-center\"><strong>Cenov\u00e1 dostupnos\u0165<\/strong><\/li><\/ul><div class=\"article_indents\"><p class=\"article_indent align-center\">Poskytujeme kvalitn\u00e9 produkty za konkurencieschopn\u00e9 ceny.<\/p><\/div><p>Ak m\u00e1te z\u00e1ujem o na\u0161e jednokr\u00eddlov\u00e9 br\u00e1ny v Bratislave a okol\u00ed alebo potrebujete viac inform\u00e1ci\u00ed, nev\u00e1hajte n\u00e1s kontaktova\u0165. Radi v\u00e1m pom\u00f4\u017eeme s v\u00fdberom ide\u00e1lneho rie\u0161enia pre v\u00e1\u0161 domov.<\/p><div class=\"article_indents\"><div class=\"content_section position-1\"><article id=\"Article_idm139968259295648-15\"><div class=\"Article notab_br decoration-none\"><div class=\"article_indents\">\u00a0<\/div><\/div><\/article><\/div><\/div><\/div><\/div><\/div>\t\t\t\t\t\t<\/div>\n\t\t\t\t<\/div>\n\t\t\t\t\t<\/div>\n\t\t<\/div>\n\t\t\t\t\t<\/div>\n\t\t<\/section>\n\t\t\t\t\t<\/div>\n\t\t<\/div>\n\t\t\t\t\t<\/div>\n\t\t<\/section>\n\t\t\t\t<section class=\"elementor-section elementor-top-section elementor-element elementor-element-265e7c0b elementor-section-boxed elementor-section-height-default elementor-section-height-default\" data-id=\"265e7c0b\" data-element_type=\"section\">\n\t\t\t\t\t\t<div class=\"elementor-container elementor-column-gap-default\">\n\t\t\t\t\t<div class=\"elementor-column elementor-col-100 elementor-top-column elementor-element elementor-element-6831ab12\" data-id=\"6831ab12\" data-element_type=\"column\">\n\t\t\t<div class=\"elementor-widget-wrap elementor-element-populated\">\n\t\t\t\t\t\t<div class=\"elementor-element elementor-element-7d2ca8ea elementor-widget elementor-widget-heading\" data-id=\"7d2ca8ea\" data-element_type=\"widget\" data-widget_type=\"heading.default\">\n\t\t\t\t<div class=\"elementor-widget-container\">\n\t\t\t<h2 class=\"elementor-heading-title elementor-size-default\">Jednokr\u00eddlov\u00e9 br\u00e1ny Bratislava z na\u0161ej v\u00fdroby<\/h2>\t\t<\/div>\n\t\t\t\t<\/div>\n\t\t\t\t<div class=\"elementor-element elementor-element-6a0bab82 elementor-widget elementor-widget-gallery\" data-id=\"6a0bab82\" data-element_type=\"widget\" data-settings=\"{&quot;lazyload&quot;:&quot;yes&quot;,&quot;gallery_layout&quot;:&quot;grid&quot;,&quot;columns&quot;:4,&quot;columns_tablet&quot;:2,&quot;columns_mobile&quot;:1,&quot;gap&quot;:{&quot;unit&quot;:&quot;px&quot;,&quot;size&quot;:10,&quot;sizes&quot;:[]},&quot;gap_tablet&quot;:{&quot;unit&quot;:&quot;px&quot;,&quot;size&quot;:10,&quot;sizes&quot;:[]},&quot;gap_mobile&quot;:{&quot;unit&quot;:&quot;px&quot;,&quot;size&quot;:10,&quot;sizes&quot;:[]},&quot;link_to&quot;:&quot;file&quot;,&quot;aspect_ratio&quot;:&quot;3:2&quot;,&quot;overlay_background&quot;:&quot;yes&quot;,&quot;content_hover_animation&quot;:&quot;fade-in&quot;}\" data-widget_type=\"gallery.default\">\n\t\t\t\t<div class=\"elementor-widget-container\">\n\t\t\t\t\t<div class=\"elementor-gallery__container\">\n\t\t\t\t\t\t\t<a class=\"e-gallery-item elementor-gallery-item elementor-animated-content\" href=\"https:\/\/sarmirsteel.sk\/wp-content\/uploads\/2024\/06\/jednokridlova-brana-bratislava.jpg\" data-elementor-open-lightbox=\"yes\" data-elementor-lightbox-slideshow=\"6a0bab82\" data-elementor-lightbox-title=\"jednokridlove-brany-bratislava\" data-e-action-hash=\"#elementor-action%3Aaction%3Dlightbox%26settings%3DeyJpZCI6MTE1NiwidXJsIjoiaHR0cHM6XC9cL3Nhcm1pcnN0ZWVsLnNrXC93cC1jb250ZW50XC91cGxvYWRzXC8yMDI0XC8wNlwvamVkbm9rcmlkbG92YS1icmFuYS1icmF0aXNsYXZhLmpwZyIsInNsaWRlc2hvdyI6IjZhMGJhYjgyIn0%3D\">\n\t\t\t\t\t<div class=\"e-gallery-image elementor-gallery-item__image\" data-thumbnail=\"https:\/\/sarmirsteel.sk\/wp-content\/uploads\/2024\/06\/jednokridlova-brana-bratislava-300x200.jpg\" data-width=\"300\" data-height=\"200\" aria-label=\"jednokridlove brany bratislava\" role=\"img\" ><\/div>\n\t\t\t\t\t\t\t\t\t\t\t<div class=\"elementor-gallery-item__overlay\"><\/div>\n\t\t\t\t\t\t\t\t\t\t\t\t\t\t<\/a>\n\t\t\t\t\t<\/div>\n\t\t\t<\/div>\n\t\t\t\t<\/div>\n\t\t\t\t<div class=\"elementor-element elementor-element-0876787 elementor-widget elementor-widget-text-editor\" data-id=\"0876787\" data-element_type=\"widget\" data-widget_type=\"text-editor.default\">\n\t\t\t\t<div class=\"elementor-widget-container\">\n\t\t\t\t\t\t\t<p>Viac fotiek realiz\u00e1ci\u00ed jednokr\u00eddlov\u00fdch br\u00e1n v Bratislave a okol\u00ed n\u00e1jdete na na\u0161om <a href=\"https:\/\/www.facebook.com\/sarmirsteel.sk\">Facebook \u00fa\u010dte<\/a>.<\/p>\t\t\t\t\t\t<\/div>\n\t\t\t\t<\/div>\n\t\t\t\t\t<\/div>\n\t\t<\/div>\n\t\t\t\t\t<\/div>\n\t\t<\/section>\n\t\t\t\t<\/div>","protected":false},"excerpt":{"rendered":"<p>Jednokr\u00eddlov\u00e9 br\u00e1ny Bratislava Praktick\u00e9 a spo\u013eahliv\u00e9 rie\u0161enie pre v\u00e1\u0161 vstup Jednokr\u00eddlov\u00e9 br\u00e1ny Bratislava od \u0160arm\u00edr Steel s\u00fa ide\u00e1lnym rie\u0161en\u00edm pre men\u0161ie vchody a priestory, kde je potrebn\u00e1 jednoduch\u00e1 a efekt\u00edvna kontrola vstupu. Na\u0161a spolo\u010dnos\u0165 pon\u00faka \u0161irok\u00fa \u0161k\u00e1lu jednokr\u00eddlov\u00fdch br\u00e1n, ktor\u00e9 s\u00fa navrhnut\u00e9 tak, aby sp\u013a\u0148ali v\u0161etky va\u0161e po\u017eiadavky na kvalitu, bezpe\u010dnos\u0165 a dizajn. V\u00fdhody jednokr\u00eddlov\u00fdch [&hellip;]<\/p>","protected":false},"author":3,"featured_media":1156,"parent":0,"menu_order":0,"comment_status":"closed","ping_status":"closed","template":"","meta":{"footnotes":""},"class_list":["post-885","page","type-page","status-publish","has-post-thumbnail","hentry"],"_links":{"self":[{"href":"https:\/\/sarmirsteel.sk\/cz\/wp-json\/wp\/v2\/pages\/885","targetHints":{"allow":["GET"]}}],"collection":[{"href":"https:\/\/sarmirsteel.sk\/cz\/wp-json\/wp\/v2\/pages"}],"about":[{"href":"https:\/\/sarmirsteel.sk\/cz\/wp-json\/wp\/v2\/types\/page"}],"author":[{"embeddable":true,"href":"https:\/\/sarmirsteel.sk\/cz\/wp-json\/wp\/v2\/users\/3"}],"replies":[{"embeddable":true,"href":"https:\/\/sarmirsteel.sk\/cz\/wp-json\/wp\/v2\/comments?post=885"}],"version-history":[{"count":0,"href":"https:\/\/sarmirsteel.sk\/cz\/wp-json\/wp\/v2\/pages\/885\/revisions"}],"wp:featuredmedia":[{"embeddable":true,"href":"https:\/\/sarmirsteel.sk\/cz\/wp-json\/wp\/v2\/media\/1156"}],"wp:attachment":[{"href":"https:\/\/sarmirsteel.sk\/cz\/wp-json\/wp\/v2\/media?parent=885"}],"curies":[{"name":"wp","href":"https:\/\/api.w.org\/{rel}","templated":true}]}}