{"id":2447,"date":"2024-07-02T12:12:16","date_gmt":"2024-07-02T10:12:16","guid":{"rendered":"https:\/\/sarmirsteel.sk\/?page_id=2447"},"modified":"2024-07-02T12:13:45","modified_gmt":"2024-07-02T10:13:45","slug":"brany-z-tahokovu-nitra-a-okolie","status":"publish","type":"page","link":"https:\/\/sarmirsteel.sk\/cz\/brany-z-tahokovu-nitra-a-okolie\/","title":{"rendered":"Br\u00e1ny z \u0165ahokovu Nitra a okolie"},"content":{"rendered":"<div data-elementor-type=\"wp-page\" data-elementor-id=\"2447\" class=\"elementor elementor-2447\" data-elementor-post-type=\"page\">\n\t\t\t\t\t\t<section class=\"elementor-section elementor-top-section elementor-element elementor-element-6843b0e3 elementor-section-height-min-height elementor-section-boxed elementor-section-height-default elementor-section-items-middle\" data-id=\"6843b0e3\" data-element_type=\"section\" data-settings=\"{&quot;background_background&quot;:&quot;classic&quot;}\">\n\t\t\t\t\t\t<div class=\"elementor-container elementor-column-gap-default\">\n\t\t\t\t\t<div class=\"elementor-column elementor-col-100 elementor-top-column elementor-element elementor-element-2e7162c6\" data-id=\"2e7162c6\" data-element_type=\"column\">\n\t\t\t<div class=\"elementor-widget-wrap elementor-element-populated\">\n\t\t\t\t\t\t<div class=\"elementor-element elementor-element-41356292 elementor-widget elementor-widget-heading\" data-id=\"41356292\" data-element_type=\"widget\" data-widget_type=\"heading.default\">\n\t\t\t\t<div class=\"elementor-widget-container\">\n\t\t\t<h1 class=\"elementor-heading-title elementor-size-default\">Br\u00e1ny z \u0165ahokovu Nitra a okolie<\/h1>\t\t<\/div>\n\t\t\t\t<\/div>\n\t\t\t\t\t<\/div>\n\t\t<\/div>\n\t\t\t\t\t<\/div>\n\t\t<\/section>\n\t\t\t\t<section class=\"elementor-section elementor-top-section elementor-element elementor-element-3af1485d elementor-section-content-middle elementor-section-boxed elementor-section-height-default elementor-section-height-default\" data-id=\"3af1485d\" data-element_type=\"section\" id=\"sluzby\" data-settings=\"{&quot;background_background&quot;:&quot;classic&quot;}\">\n\t\t\t\t\t\t<div class=\"elementor-container elementor-column-gap-no\">\n\t\t\t\t\t<div class=\"elementor-column elementor-col-100 elementor-top-column elementor-element elementor-element-29b9ca66\" data-id=\"29b9ca66\" data-element_type=\"column\">\n\t\t\t<div class=\"elementor-widget-wrap elementor-element-populated\">\n\t\t\t\t\t\t<section class=\"elementor-section elementor-inner-section elementor-element elementor-element-68fc2f1d elementor-section-boxed elementor-section-height-default elementor-section-height-default\" data-id=\"68fc2f1d\" data-element_type=\"section\">\n\t\t\t\t\t\t<div class=\"elementor-container elementor-column-gap-default\">\n\t\t\t\t\t<div class=\"elementor-column elementor-col-100 elementor-inner-column elementor-element elementor-element-16e9c1d7\" data-id=\"16e9c1d7\" data-element_type=\"column\">\n\t\t\t<div class=\"elementor-widget-wrap elementor-element-populated\">\n\t\t\t\t\t\t<div class=\"elementor-element elementor-element-7b72c614 elementor-widget elementor-widget-heading\" data-id=\"7b72c614\" data-element_type=\"widget\" data-widget_type=\"heading.default\">\n\t\t\t\t<div class=\"elementor-widget-container\">\n\t\t\t<h2 class=\"elementor-heading-title elementor-size-default\">Elegancia a bezpe\u010dnos\u0165 pre v\u00e1\u0161 domov<\/h2>\t\t<\/div>\n\t\t\t\t<\/div>\n\t\t\t\t<div class=\"elementor-element elementor-element-6c0a3630 elementor-widget elementor-widget-text-editor\" data-id=\"6c0a3630\" data-element_type=\"widget\" data-widget_type=\"text-editor.default\">\n\t\t\t\t<div class=\"elementor-widget-container\">\n\t\t\t\t\t\t\t<p>H\u013ead\u00e1te spo\u013eahliv\u00e9 a esteticky pr\u00edjemn\u00e9 rie\u0161enie pre vstup do v\u00e1\u0161ho domu \u010di pozemku? <strong>Br\u00e1ny z \u0165ahokovu Nitra <\/strong>a okolie s\u00fa ide\u00e1lnym rie\u0161en\u00edm pre va\u0161e potreby. V spolo\u010dnosti \u0160arm\u00edr Steel sme \u0161pecialisti na v\u00fdrobu a mont\u00e1\u017e br\u00e1n z \u0165ahokovu na mieru v Nitre a okol\u00ed.<\/p>\t\t\t\t\t\t<\/div>\n\t\t\t\t<\/div>\n\t\t\t\t<div class=\"elementor-element elementor-element-5c40de98 elementor-widget elementor-widget-heading\" data-id=\"5c40de98\" data-element_type=\"widget\" data-widget_type=\"heading.default\">\n\t\t\t\t<div class=\"elementor-widget-container\">\n\t\t\t<h2 class=\"elementor-heading-title elementor-size-default\">Pre\u010do zvoli\u0165 br\u00e1nu z \u0165ahokovu?<\/h2>\t\t<\/div>\n\t\t\t\t<\/div>\n\t\t\t\t<div class=\"elementor-element elementor-element-3cb51bf2 elementor-widget elementor-widget-text-editor\" data-id=\"3cb51bf2\" data-element_type=\"widget\" data-widget_type=\"text-editor.default\">\n\t\t\t\t<div class=\"elementor-widget-container\">\n\t\t\t\t\t\t\t<ul><li class=\"article_title align-center\"><strong>Trv\u00e1cnos\u0165<\/strong><\/li><\/ul><div class=\"article_indents\"><p class=\"article_indent align-center\">\u0164ahokov je zn\u00e1my svojou vysokou odolnos\u0165ou proti poveternostn\u00fdm podmienkam a kor\u00f3zii, \u010do zaru\u010duje dlh\u00fa \u017eivotnos\u0165 br\u00e1ny.<\/p><ul><li class=\"article_title align-center\"><strong>Elegancia<\/strong><\/li><\/ul><div class=\"article_indents\"><p class=\"article_indent align-center\">Br\u00e1ny z \u0165ahokovu s\u00fa esteticky pr\u00edjemn\u00e9 a dokonale dop\u013a\u0148aj\u00fa exteri\u00e9r v\u00e1\u0161ho domu.<\/p><ul><li class=\"article_title align-center\"><strong>Bezpe\u010dnos\u0165<\/strong><\/li><\/ul><div class=\"article_indents\"><p class=\"article_indent align-center\">Pevn\u00e1 kon\u0161trukcia br\u00e1ny z \u0165ahokovu poskytuje spo\u013eahliv\u00fa ochranu v\u00e1\u0161ho majetku a zabezpe\u010duje bezpe\u010dn\u00fd vstup na v\u00e1\u0161 pozemok.<\/p><ul><li class=\"article_title align-center\"><strong>Jednoduch\u00e1 \u00fadr\u017eba<\/strong><\/li><\/ul><div class=\"article_indents\"><p class=\"article_indent align-center\">Br\u00e1na z \u0165ahokovu vy\u017eaduje minim\u00e1lnu \u00fadr\u017ebu a je odoln\u00e1 vo\u010di vplyvom po\u010dasia.<\/p><div class=\"content_section position-1\"><article id=\"Article_idm139968259295648-15\"><div class=\"Article notab_br decoration-none\"><div class=\"article_indents\">\u00a0<\/div><\/div><\/article><\/div><\/div><\/div><\/div><\/div>\t\t\t\t\t\t<\/div>\n\t\t\t\t<\/div>\n\t\t\t\t<div class=\"elementor-element elementor-element-31b27679 elementor-widget elementor-widget-heading\" data-id=\"31b27679\" data-element_type=\"widget\" data-widget_type=\"heading.default\">\n\t\t\t\t<div class=\"elementor-widget-container\">\n\t\t\t<h2 class=\"elementor-heading-title elementor-size-default\">Technick\u00e9 vlastnosti<\/h2>\t\t<\/div>\n\t\t\t\t<\/div>\n\t\t\t\t<div class=\"elementor-element elementor-element-2e6c807c elementor-widget elementor-widget-text-editor\" data-id=\"2e6c807c\" data-element_type=\"widget\" data-widget_type=\"text-editor.default\">\n\t\t\t\t<div class=\"elementor-widget-container\">\n\t\t\t\t\t\t\t<p>V spolo\u010dnosti \u0160arm\u00edr Steel pon\u00fakame komplexn\u00e9 slu\u017eby v oblasti v\u00fdroby, mont\u00e1\u017ee a \u00fadr\u017eby br\u00e1n z \u0165ahokovu. Na\u0161i sk\u00fasen\u00ed odborn\u00edci v\u00e1m pom\u00f4\u017eu s v\u00fdberom vhodn\u00e9ho dizajnu a rozmery br\u00e1ny pod\u013ea va\u0161ich individu\u00e1lnych po\u017eiadaviek. Sledujeme najnov\u0161ie trendy a technol\u00f3gie, aby sme v\u00e1m mohli poskytn\u00fa\u0165 br\u00e1nu z \u0165ahokovu najvy\u0161\u0161ej kvality.<\/p>\t\t\t\t\t\t<\/div>\n\t\t\t\t<\/div>\n\t\t\t\t<div class=\"elementor-element elementor-element-5ea20bf5 elementor-widget elementor-widget-heading\" data-id=\"5ea20bf5\" data-element_type=\"widget\" data-widget_type=\"heading.default\">\n\t\t\t\t<div class=\"elementor-widget-container\">\n\t\t\t<h2 class=\"elementor-heading-title elementor-size-default\">Br\u00e1ny z \u0165ahokovu Nitra - mont\u00e1\u017e a servis<\/h2>\t\t<\/div>\n\t\t\t\t<\/div>\n\t\t\t\t<div class=\"elementor-element elementor-element-10117e1b elementor-widget elementor-widget-text-editor\" data-id=\"10117e1b\" data-element_type=\"widget\" data-widget_type=\"text-editor.default\">\n\t\t\t\t<div class=\"elementor-widget-container\">\n\t\t\t\t\t\t\t<p>S\u00fa\u010das\u0165ou na\u0161ej ponuky je aj profesion\u00e1lna mont\u00e1\u017e a servis br\u00e1n z \u0165ahokovu v Nitre a okol\u00ed. Na\u0161i sk\u00fasen\u00ed technici zabezpe\u010dia r\u00fdchlu a spo\u013eahliv\u00fa in\u0161tal\u00e1ciu, ako aj pravideln\u00fa \u00fadr\u017ebu a opravy pod\u013ea potreby. Zaru\u010dujeme, \u017ee va\u0161e br\u00e1ny bud\u00fa v\u017edy v perfektnom stave.<\/p>\t\t\t\t\t\t<\/div>\n\t\t\t\t<\/div>\n\t\t\t\t<div class=\"elementor-element elementor-element-1b8e841a elementor-widget elementor-widget-heading\" data-id=\"1b8e841a\" data-element_type=\"widget\" data-widget_type=\"heading.default\">\n\t\t\t\t<div class=\"elementor-widget-container\">\n\t\t\t<h2 class=\"elementor-heading-title elementor-size-default\">Pre\u010do si vybra\u0165 n\u00e1s?<\/h2>\t\t<\/div>\n\t\t\t\t<\/div>\n\t\t\t\t<div class=\"elementor-element elementor-element-17a89efe elementor-widget elementor-widget-text-editor\" data-id=\"17a89efe\" data-element_type=\"widget\" data-widget_type=\"text-editor.default\">\n\t\t\t\t<div class=\"elementor-widget-container\">\n\t\t\t\t\t\t\t<ul><li class=\"article_title align-center\"><strong>Kvalita<\/strong><\/li><\/ul><div class=\"article_indents\"><p class=\"article_indent align-center\">\u0160arm\u00edr Steel je z\u00e1rukou toho, \u017ee va\u0161a br\u00e1na bude odoln\u00e1, vysokokvalitn\u00e1 a spo\u013eahliv\u00e1.<\/p><ul><li class=\"article_title align-center\"><strong>Sk\u00fasenosti<\/strong><\/li><\/ul><div class=\"article_indents\"><p class=\"article_indent align-center\">M\u00e1me bohat\u00e9 sk\u00fasenosti v oblasti v\u00fdroby posuvn\u00fdch br\u00e1n a aj ich in\u0161tal\u00e1cie.\u00a0<\/p><ul><li class=\"article_title align-center\"><strong>Z\u00e1kazn\u00edcky servis<\/strong><\/li><\/ul><div class=\"article_indents\"><p class=\"article_indent align-center\">N\u00e1\u0161 t\u00edm je pripraven\u00fd odpoveda\u0165 na v\u0161etky va\u0161e ot\u00e1zky a poskytn\u00fa\u0165 v\u00e1m odborn\u00e9 poradenstvo.<\/p><ul><li class=\"article_title align-center\"><strong>Cenov\u00e1 dostupnos\u0165<\/strong><\/li><\/ul><div class=\"article_indents\"><p class=\"article_indent align-center\">Poskytujeme kvalitn\u00e9 produkty za konkurencieschopn\u00e9 ceny.<\/p><\/div><p>Ak m\u00e1te z\u00e1ujem o br\u00e1nu z \u0165ahokovu na mieru v Nitre a okol\u00ed, nev\u00e1hajte n\u00e1s kontaktova\u0165. Radi v\u00e1m poskytneme viac inform\u00e1ci\u00ed a porad\u00edme v\u00e1m s va\u0161imi po\u017eiadavkami. \u0160arm\u00edr Steel &#8211; Va\u0161a prvotriedna vo\u013eba pre br\u00e1ny z \u0165ahokovu.<\/p><div class=\"article_indents\"><div class=\"content_section position-1\"><article id=\"Article_idm139968259295648-15\"><div class=\"Article notab_br decoration-none\"><div class=\"article_indents\">\u00a0<\/div><\/div><\/article><\/div><\/div><\/div><\/div><\/div>\t\t\t\t\t\t<\/div>\n\t\t\t\t<\/div>\n\t\t\t\t\t<\/div>\n\t\t<\/div>\n\t\t\t\t\t<\/div>\n\t\t<\/section>\n\t\t\t\t\t<\/div>\n\t\t<\/div>\n\t\t\t\t\t<\/div>\n\t\t<\/section>\n\t\t\t\t<section class=\"elementor-section elementor-top-section elementor-element elementor-element-44ec64b2 elementor-section-boxed elementor-section-height-default elementor-section-height-default\" data-id=\"44ec64b2\" data-element_type=\"section\">\n\t\t\t\t\t\t<div class=\"elementor-container elementor-column-gap-default\">\n\t\t\t\t\t<div class=\"elementor-column elementor-col-100 elementor-top-column elementor-element elementor-element-42911cfd\" data-id=\"42911cfd\" data-element_type=\"column\">\n\t\t\t<div class=\"elementor-widget-wrap elementor-element-populated\">\n\t\t\t\t\t\t<div class=\"elementor-element elementor-element-5a932b0f elementor-widget elementor-widget-heading\" data-id=\"5a932b0f\" data-element_type=\"widget\" data-widget_type=\"heading.default\">\n\t\t\t\t<div class=\"elementor-widget-container\">\n\t\t\t<h2 class=\"elementor-heading-title elementor-size-default\">Br\u00e1ny z \u0165ahokovu Nitra a okolie z na\u0161ej v\u00fdroby<\/h2>\t\t<\/div>\n\t\t\t\t<\/div>\n\t\t\t\t<div class=\"elementor-element elementor-element-46cc4e87 elementor-widget elementor-widget-gallery\" data-id=\"46cc4e87\" data-element_type=\"widget\" data-settings=\"{&quot;lazyload&quot;:&quot;yes&quot;,&quot;gallery_layout&quot;:&quot;grid&quot;,&quot;columns&quot;:4,&quot;columns_tablet&quot;:2,&quot;columns_mobile&quot;:1,&quot;gap&quot;:{&quot;unit&quot;:&quot;px&quot;,&quot;size&quot;:10,&quot;sizes&quot;:[]},&quot;gap_tablet&quot;:{&quot;unit&quot;:&quot;px&quot;,&quot;size&quot;:10,&quot;sizes&quot;:[]},&quot;gap_mobile&quot;:{&quot;unit&quot;:&quot;px&quot;,&quot;size&quot;:10,&quot;sizes&quot;:[]},&quot;link_to&quot;:&quot;file&quot;,&quot;aspect_ratio&quot;:&quot;3:2&quot;,&quot;overlay_background&quot;:&quot;yes&quot;,&quot;content_hover_animation&quot;:&quot;fade-in&quot;}\" data-widget_type=\"gallery.default\">\n\t\t\t\t<div class=\"elementor-widget-container\">\n\t\t\t\t\t<div class=\"elementor-gallery__container\">\n\t\t\t\t\t\t\t<a class=\"e-gallery-item elementor-gallery-item elementor-animated-content\" href=\"https:\/\/sarmirsteel.sk\/wp-content\/uploads\/2024\/07\/brany-z-tahokovu-nitra.jpg\" data-elementor-open-lightbox=\"yes\" data-elementor-lightbox-slideshow=\"46cc4e87\" data-elementor-lightbox-title=\"brany-z-\u0165ahokovu-nitra\" data-e-action-hash=\"#elementor-action%3Aaction%3Dlightbox%26settings%3DeyJpZCI6MjQ0OSwidXJsIjoiaHR0cHM6XC9cL3Nhcm1pcnN0ZWVsLnNrXC93cC1jb250ZW50XC91cGxvYWRzXC8yMDI0XC8wN1wvYnJhbnktei10YWhva292dS1uaXRyYS5qcGciLCJzbGlkZXNob3ciOiI0NmNjNGU4NyJ9\">\n\t\t\t\t\t<div class=\"e-gallery-image elementor-gallery-item__image\" data-thumbnail=\"https:\/\/sarmirsteel.sk\/wp-content\/uploads\/2024\/07\/brany-z-tahokovu-nitra-300x225.jpg\" data-width=\"300\" data-height=\"225\" aria-label=\"brany z tahokovu nitra a okolie\" role=\"img\" ><\/div>\n\t\t\t\t\t\t\t\t\t\t\t<div class=\"elementor-gallery-item__overlay\"><\/div>\n\t\t\t\t\t\t\t\t\t\t\t\t\t\t<\/a>\n\t\t\t\t\t<\/div>\n\t\t\t<\/div>\n\t\t\t\t<\/div>\n\t\t\t\t<div class=\"elementor-element elementor-element-bee9a96 elementor-widget elementor-widget-text-editor\" data-id=\"bee9a96\" data-element_type=\"widget\" data-widget_type=\"text-editor.default\">\n\t\t\t\t<div class=\"elementor-widget-container\">\n\t\t\t\t\t\t\t<div class=\"elementor-element elementor-element-4c5f9c2a elementor-widget elementor-widget-gallery\" data-id=\"4c5f9c2a\" data-element_type=\"widget\" data-settings=\"{&quot;lazyload&quot;:&quot;yes&quot;,&quot;gallery_layout&quot;:&quot;grid&quot;,&quot;columns&quot;:4,&quot;columns_tablet&quot;:2,&quot;columns_mobile&quot;:1,&quot;gap&quot;:{&quot;unit&quot;:&quot;px&quot;,&quot;size&quot;:10,&quot;sizes&quot;:[]},&quot;gap_tablet&quot;:{&quot;unit&quot;:&quot;px&quot;,&quot;size&quot;:10,&quot;sizes&quot;:[]},&quot;gap_mobile&quot;:{&quot;unit&quot;:&quot;px&quot;,&quot;size&quot;:10,&quot;sizes&quot;:[]},&quot;link_to&quot;:&quot;file&quot;,&quot;aspect_ratio&quot;:&quot;3:2&quot;,&quot;overlay_background&quot;:&quot;yes&quot;,&quot;content_hover_animation&quot;:&quot;fade-in&quot;}\" data-widget_type=\"gallery.default\"><div class=\"elementor-widget-container\"><div class=\"elementor-gallery__container e-gallery-container e-gallery-grid e-gallery--ltr e-gallery--lazyload\"><div class=\"elementor-gallery-item__overlay\">Viac fotiek realiz\u00e1ci\u00ed br\u00e1n z \u0165ahokovu v Nitre a okol\u00ed n\u00e1jdete na na\u0161om <a href=\"https:\/\/www.facebook.com\/sarmirsteel.sk\">Facebook \u00fa\u010dte<\/a>.<\/div><\/div><\/div><\/div>\t\t\t\t\t\t<\/div>\n\t\t\t\t<\/div>\n\t\t\t\t\t<\/div>\n\t\t<\/div>\n\t\t\t\t\t<\/div>\n\t\t<\/section>\n\t\t\t\t<\/div>","protected":false},"excerpt":{"rendered":"<p>Br\u00e1ny z \u0165ahokovu Nitra a okolie Elegancia a bezpe\u010dnos\u0165 pre v\u00e1\u0161 domov H\u013ead\u00e1te spo\u013eahliv\u00e9 a esteticky pr\u00edjemn\u00e9 rie\u0161enie pre vstup do v\u00e1\u0161ho domu \u010di pozemku? Br\u00e1ny z \u0165ahokovu Nitra a okolie s\u00fa ide\u00e1lnym rie\u0161en\u00edm pre va\u0161e potreby. V spolo\u010dnosti \u0160arm\u00edr Steel sme \u0161pecialisti na v\u00fdrobu a mont\u00e1\u017e br\u00e1n z \u0165ahokovu na mieru v Nitre a [&hellip;]<\/p>","protected":false},"author":3,"featured_media":2449,"parent":0,"menu_order":0,"comment_status":"closed","ping_status":"closed","template":"","meta":{"footnotes":""},"class_list":["post-2447","page","type-page","status-publish","has-post-thumbnail","hentry"],"_links":{"self":[{"href":"https:\/\/sarmirsteel.sk\/cz\/wp-json\/wp\/v2\/pages\/2447","targetHints":{"allow":["GET"]}}],"collection":[{"href":"https:\/\/sarmirsteel.sk\/cz\/wp-json\/wp\/v2\/pages"}],"about":[{"href":"https:\/\/sarmirsteel.sk\/cz\/wp-json\/wp\/v2\/types\/page"}],"author":[{"embeddable":true,"href":"https:\/\/sarmirsteel.sk\/cz\/wp-json\/wp\/v2\/users\/3"}],"replies":[{"embeddable":true,"href":"https:\/\/sarmirsteel.sk\/cz\/wp-json\/wp\/v2\/comments?post=2447"}],"version-history":[{"count":0,"href":"https:\/\/sarmirsteel.sk\/cz\/wp-json\/wp\/v2\/pages\/2447\/revisions"}],"wp:featuredmedia":[{"embeddable":true,"href":"https:\/\/sarmirsteel.sk\/cz\/wp-json\/wp\/v2\/media\/2449"}],"wp:attachment":[{"href":"https:\/\/sarmirsteel.sk\/cz\/wp-json\/wp\/v2\/media?parent=2447"}],"curies":[{"name":"wp","href":"https:\/\/api.w.org\/{rel}","templated":true}]}}