{"id":2292,"date":"2024-07-02T09:08:11","date_gmt":"2024-07-02T07:08:11","guid":{"rendered":"https:\/\/sarmirsteel.sk\/?page_id=2292"},"modified":"2024-07-02T09:09:54","modified_gmt":"2024-07-02T07:09:54","slug":"plotova-brana-pezinok-na-mieru","status":"publish","type":"page","link":"https:\/\/sarmirsteel.sk\/cz\/plotova-brana-pezinok-na-mieru\/","title":{"rendered":"Plotov\u00e1 br\u00e1na Pezinok na mieru"},"content":{"rendered":"<div data-elementor-type=\"wp-page\" data-elementor-id=\"2292\" class=\"elementor elementor-2292\" data-elementor-post-type=\"page\">\n\t\t\t\t\t\t<section class=\"elementor-section elementor-top-section elementor-element elementor-element-359b0833 elementor-section-height-min-height elementor-section-boxed elementor-section-height-default elementor-section-items-middle\" data-id=\"359b0833\" data-element_type=\"section\" data-settings=\"{&quot;background_background&quot;:&quot;classic&quot;}\">\n\t\t\t\t\t\t<div class=\"elementor-container elementor-column-gap-default\">\n\t\t\t\t\t<div class=\"elementor-column elementor-col-100 elementor-top-column elementor-element elementor-element-3c083589\" data-id=\"3c083589\" data-element_type=\"column\">\n\t\t\t<div class=\"elementor-widget-wrap elementor-element-populated\">\n\t\t\t\t\t\t<div class=\"elementor-element elementor-element-4910adb4 elementor-widget elementor-widget-heading\" data-id=\"4910adb4\" data-element_type=\"widget\" data-widget_type=\"heading.default\">\n\t\t\t\t<div class=\"elementor-widget-container\">\n\t\t\t<h1 class=\"elementor-heading-title elementor-size-default\">Plotov\u00e1 br\u00e1na Pezinok na mieru\n<\/h1>\t\t<\/div>\n\t\t\t\t<\/div>\n\t\t\t\t\t<\/div>\n\t\t<\/div>\n\t\t\t\t\t<\/div>\n\t\t<\/section>\n\t\t\t\t<section class=\"elementor-section elementor-top-section elementor-element elementor-element-2c0f01ba elementor-section-content-middle elementor-section-boxed elementor-section-height-default elementor-section-height-default\" data-id=\"2c0f01ba\" data-element_type=\"section\" id=\"sluzby\" data-settings=\"{&quot;background_background&quot;:&quot;classic&quot;}\">\n\t\t\t\t\t\t<div class=\"elementor-container elementor-column-gap-no\">\n\t\t\t\t\t<div class=\"elementor-column elementor-col-100 elementor-top-column elementor-element elementor-element-7ee9c927\" data-id=\"7ee9c927\" data-element_type=\"column\">\n\t\t\t<div class=\"elementor-widget-wrap elementor-element-populated\">\n\t\t\t\t\t\t<section class=\"elementor-section elementor-inner-section elementor-element elementor-element-72a7d8f3 elementor-section-boxed elementor-section-height-default elementor-section-height-default\" data-id=\"72a7d8f3\" data-element_type=\"section\">\n\t\t\t\t\t\t<div class=\"elementor-container elementor-column-gap-default\">\n\t\t\t\t\t<div class=\"elementor-column elementor-col-100 elementor-inner-column elementor-element elementor-element-618e4600\" data-id=\"618e4600\" data-element_type=\"column\">\n\t\t\t<div class=\"elementor-widget-wrap elementor-element-populated\">\n\t\t\t\t\t\t<div class=\"elementor-element elementor-element-77c37fd4 elementor-widget elementor-widget-heading\" data-id=\"77c37fd4\" data-element_type=\"widget\" data-widget_type=\"heading.default\">\n\t\t\t\t<div class=\"elementor-widget-container\">\n\t\t\t<h2 class=\"elementor-heading-title elementor-size-default\">Kompletn\u00e9 rie\u0161enie pre v\u00e1\u0161 pozemok<\/h2>\t\t<\/div>\n\t\t\t\t<\/div>\n\t\t\t\t<div class=\"elementor-element elementor-element-602e00fd elementor-widget elementor-widget-text-editor\" data-id=\"602e00fd\" data-element_type=\"widget\" data-widget_type=\"text-editor.default\">\n\t\t\t\t<div class=\"elementor-widget-container\">\n\t\t\t\t\t\t\t<p><strong>Plotov\u00e1 br\u00e1na Pezinok a okolie na mieru <\/strong>je ide\u00e1lnou vo\u013ebou pre t\u00fdch, ktor\u00ed h\u013eadaj\u00fa kompletn\u00e9 a bezstarostn\u00e9 rie\u0161enie pre ohrani\u010denie a zabezpe\u010denie svojho pozemku. Na\u0161a spolo\u010dnos\u0165 pon\u00faka \u0161irok\u00fd v\u00fdber plotov\u00fdch br\u00e1n na k\u013e\u00fa\u010d, ktor\u00e9 s\u00fa navrhnut\u00e9 tak, aby sp\u013a\u0148ali v\u0161etky va\u0161e po\u017eiadavky na kvalitu, bezpe\u010dnos\u0165 a dizajn.<\/p>\t\t\t\t\t\t<\/div>\n\t\t\t\t<\/div>\n\t\t\t\t<div class=\"elementor-element elementor-element-4700b87e elementor-widget elementor-widget-heading\" data-id=\"4700b87e\" data-element_type=\"widget\" data-widget_type=\"heading.default\">\n\t\t\t\t<div class=\"elementor-widget-container\">\n\t\t\t<h2 class=\"elementor-heading-title elementor-size-default\">V\u00fdhody plotov\u00fdch br\u00e1n<\/h2>\t\t<\/div>\n\t\t\t\t<\/div>\n\t\t\t\t<div class=\"elementor-element elementor-element-3af84074 elementor-widget elementor-widget-text-editor\" data-id=\"3af84074\" data-element_type=\"widget\" data-widget_type=\"text-editor.default\">\n\t\t\t\t<div class=\"elementor-widget-container\">\n\t\t\t\t\t\t\t<ul><li class=\"article_title align-center\"><strong>Kompletn\u00e9 rie\u0161enie<\/strong><\/li><\/ul><div class=\"article_indents\"><p class=\"article_indent align-center\">Pon\u00fakame v\u00e1m kompletn\u00e9 rie\u0161enie od n\u00e1vrhu, cez v\u00fdrobu a\u017e po mont\u00e1\u017e plotovej br\u00e1ny, \u010d\u00edm \u0161etr\u00edme v\u00e1\u0161 \u010das a \u00fasilie.<\/p><ul><li class=\"article_title align-center\"><strong>Bezprobl\u00e9mov\u00e1 in\u0161tal\u00e1cia<\/strong><\/li><\/ul><div class=\"article_indents\"><p class=\"article_indent align-center\">Na\u0161i sk\u00fasen\u00ed technici zabezpe\u010dia profesion\u00e1lnu a r\u00fdchlu in\u0161tal\u00e1ciu, tak\u017ee sa nemus\u00edte stara\u0165 o \u017eiadne detaily. Ke\u010f plotov\u00e1 br\u00e1na Pezinok &#8211; tak od \u0160arm\u00edr Steel.<\/p><ul><li class=\"article_title align-center\"><strong>Kvalitn\u00e9 materi\u00e1ly<\/strong><\/li><\/ul><div class=\"article_indents\"><p class=\"article_indent align-center\">Na\u0161e plotov\u00e9 br\u00e1ny s\u00fa vyroben\u00e9 z prvotriednych materi\u00e1lov, ktor\u00e9 zaru\u010duj\u00fa dlh\u00fa \u017eivotnos\u0165 a odolnos\u0165 vo\u010di poveternostn\u00fdm vplyvom.<\/p><ul><li class=\"article_title align-center\"><strong>Estetick\u00fd vzh\u013ead<\/strong><\/li><\/ul><div class=\"article_indents\"><p class=\"article_indent align-center\">Pon\u00fakame r\u00f4zne dizajny a farebn\u00e9 prevedenia, aby va\u0161a plotov\u00e1 br\u00e1na harmonizovala s va\u0161im exteri\u00e9rom a zv\u00fd\u0161ila estetick\u00fa hodnotu v\u00e1\u0161ho pozemku.<\/p><div class=\"content_section position-1\"><article id=\"Article_idm139968259295648-15\"><div class=\"Article notab_br decoration-none\"><div class=\"article_indents\">\u00a0<\/div><\/div><\/article><\/div><\/div><\/div><\/div><\/div>\t\t\t\t\t\t<\/div>\n\t\t\t\t<\/div>\n\t\t\t\t<div class=\"elementor-element elementor-element-244812fa elementor-widget elementor-widget-heading\" data-id=\"244812fa\" data-element_type=\"widget\" data-widget_type=\"heading.default\">\n\t\t\t\t<div class=\"elementor-widget-container\">\n\t\t\t<h2 class=\"elementor-heading-title elementor-size-default\">Plotov\u00e1 br\u00e1na Pezinok - technick\u00e9 vlastnosti<\/h2>\t\t<\/div>\n\t\t\t\t<\/div>\n\t\t\t\t<div class=\"elementor-element elementor-element-48df3c89 elementor-widget elementor-widget-text-editor\" data-id=\"48df3c89\" data-element_type=\"widget\" data-widget_type=\"text-editor.default\">\n\t\t\t\t<div class=\"elementor-widget-container\">\n\t\t\t\t\t\t\t<p>Na\u0161a <strong>plotov\u00e1 br\u00e1na Bratislava<\/strong> na k\u013e\u00fa\u010d je vyroben\u00e1 z vysoko kvalitn\u00fdch materi\u00e1lov, ktor\u00e9 zaru\u010duj\u00fa pevnos\u0165, odolnos\u0165 a minim\u00e1lne n\u00e1roky na \u00fadr\u017ebu. M\u00f4\u017eete si vybra\u0165 z r\u00f4znych typov povrchov\u00fdch \u00faprav a farebn\u00fdch preveden\u00ed, aby va\u0161a br\u00e1na nielen sp\u013a\u0148ala svoju funkciu, ale aj esteticky dop\u013a\u0148ala v\u00e1\u0161 pozemok.<\/p>\t\t\t\t\t\t<\/div>\n\t\t\t\t<\/div>\n\t\t\t\t<div class=\"elementor-element elementor-element-488bd238 elementor-widget elementor-widget-heading\" data-id=\"488bd238\" data-element_type=\"widget\" data-widget_type=\"heading.default\">\n\t\t\t\t<div class=\"elementor-widget-container\">\n\t\t\t<h2 class=\"elementor-heading-title elementor-size-default\">Mont\u00e1\u017e a servis plotovej br\u00e1ny v Pezinku a okol\u00ed<\/h2>\t\t<\/div>\n\t\t\t\t<\/div>\n\t\t\t\t<div class=\"elementor-element elementor-element-4de878 elementor-widget elementor-widget-text-editor\" data-id=\"4de878\" data-element_type=\"widget\" data-widget_type=\"text-editor.default\">\n\t\t\t\t<div class=\"elementor-widget-container\">\n\t\t\t\t\t\t\t<p>S\u00fa\u010das\u0165ou na\u0161ej ponuky je aj komplexn\u00e1 mont\u00e1\u017e a servis plotov\u00fdch br\u00e1n. Na\u0161i technici zabezpe\u010dia odborn\u00fa in\u0161tal\u00e1ciu a pravideln\u00fa \u00fadr\u017ebu, aby va\u0161e br\u00e1ny fungovali spo\u013eahlivo po dlh\u00e9 roky. Garantujeme, \u017ee va\u0161e br\u00e1ny bud\u00fa v\u017edy v perfektnom stave.<\/p>\t\t\t\t\t\t<\/div>\n\t\t\t\t<\/div>\n\t\t\t\t<div class=\"elementor-element elementor-element-df0eb29 elementor-widget elementor-widget-heading\" data-id=\"df0eb29\" data-element_type=\"widget\" data-widget_type=\"heading.default\">\n\t\t\t\t<div class=\"elementor-widget-container\">\n\t\t\t<h2 class=\"elementor-heading-title elementor-size-default\">Pre\u010do si vybra\u0165 n\u00e1s?<\/h2>\t\t<\/div>\n\t\t\t\t<\/div>\n\t\t\t\t<div class=\"elementor-element elementor-element-2df8a63f elementor-widget elementor-widget-text-editor\" data-id=\"2df8a63f\" data-element_type=\"widget\" data-widget_type=\"text-editor.default\">\n\t\t\t\t<div class=\"elementor-widget-container\">\n\t\t\t\t\t\t\t<ul><li class=\"article_title align-center\"><strong>Kvalita<\/strong><\/li><\/ul><div class=\"article_indents\"><p class=\"article_indent align-center\">\u0160armir Steel je z\u00e1rukou toho, \u017ee va\u0161a br\u00e1na bude odoln\u00e1, vysokokvalitn\u00e1 a spo\u013eahliv\u00e1.<\/p><ul><li class=\"article_title align-center\"><strong>Sk\u00fasenosti<\/strong><\/li><\/ul><div class=\"article_indents\"><p class=\"article_indent align-center\">M\u00e1me bohat\u00e9 sk\u00fasenosti v oblasti v\u00fdroby posuvn\u00fdch br\u00e1n a aj ich in\u0161tal\u00e1cie.\u00a0<\/p><ul><li class=\"article_title align-center\"><strong>Z\u00e1kazn\u00edcky servis<\/strong><\/li><\/ul><div class=\"article_indents\"><p class=\"article_indent align-center\">N\u00e1\u0161 t\u00edm je pripraven\u00fd odpoveda\u0165 na v\u0161etky va\u0161e ot\u00e1zky a poskytn\u00fa\u0165 v\u00e1m odborn\u00e9 poradenstvo.<\/p><ul><li class=\"article_title align-center\"><strong>Cenov\u00e1 dostupnos\u0165<\/strong><\/li><\/ul><div class=\"article_indents\"><p class=\"article_indent align-center\">Poskytujeme kvalitn\u00e9 produkty za konkurencieschopn\u00e9 ceny.<\/p><\/div><p>Ak m\u00e1te z\u00e1ujem o na\u0161e <strong>plotov\u00e9 br\u00e1ny na k\u013e\u00fa\u010d v Pezinku a okol\u00ed<\/strong> alebo potrebujete viac inform\u00e1ci\u00ed, nev\u00e1hajte n\u00e1s kontaktova\u0165. Radi v\u00e1m pom\u00f4\u017eeme s v\u00fdberom ide\u00e1lneho rie\u0161enia pre v\u00e1\u0161 pozemok.<\/p><div class=\"article_indents\"><div class=\"content_section position-1\"><article id=\"Article_idm139968259295648-15\"><div class=\"Article notab_br decoration-none\"><div class=\"article_indents\">\u00a0<\/div><\/div><\/article><\/div><\/div><\/div><\/div><\/div>\t\t\t\t\t\t<\/div>\n\t\t\t\t<\/div>\n\t\t\t\t\t<\/div>\n\t\t<\/div>\n\t\t\t\t\t<\/div>\n\t\t<\/section>\n\t\t\t\t\t<\/div>\n\t\t<\/div>\n\t\t\t\t\t<\/div>\n\t\t<\/section>\n\t\t\t\t<section class=\"elementor-section elementor-top-section elementor-element elementor-element-1abcecdb elementor-section-boxed elementor-section-height-default elementor-section-height-default\" data-id=\"1abcecdb\" data-element_type=\"section\">\n\t\t\t\t\t\t<div class=\"elementor-container elementor-column-gap-default\">\n\t\t\t\t\t<div class=\"elementor-column elementor-col-100 elementor-top-column elementor-element elementor-element-33c55e\" data-id=\"33c55e\" data-element_type=\"column\">\n\t\t\t<div class=\"elementor-widget-wrap elementor-element-populated\">\n\t\t\t\t\t\t<div class=\"elementor-element elementor-element-3ceba3d5 elementor-widget elementor-widget-heading\" data-id=\"3ceba3d5\" data-element_type=\"widget\" data-widget_type=\"heading.default\">\n\t\t\t\t<div class=\"elementor-widget-container\">\n\t\t\t<h2 class=\"elementor-heading-title elementor-size-default\">Plotov\u00e1 br\u00e1na Pezinok a okolie z na\u0161ej v\u00fdroby<\/h2>\t\t<\/div>\n\t\t\t\t<\/div>\n\t\t\t\t<div class=\"elementor-element elementor-element-52ecfd60 elementor-widget elementor-widget-gallery\" data-id=\"52ecfd60\" data-element_type=\"widget\" data-settings=\"{&quot;lazyload&quot;:&quot;yes&quot;,&quot;gallery_layout&quot;:&quot;grid&quot;,&quot;columns&quot;:4,&quot;columns_tablet&quot;:2,&quot;columns_mobile&quot;:1,&quot;gap&quot;:{&quot;unit&quot;:&quot;px&quot;,&quot;size&quot;:10,&quot;sizes&quot;:[]},&quot;gap_tablet&quot;:{&quot;unit&quot;:&quot;px&quot;,&quot;size&quot;:10,&quot;sizes&quot;:[]},&quot;gap_mobile&quot;:{&quot;unit&quot;:&quot;px&quot;,&quot;size&quot;:10,&quot;sizes&quot;:[]},&quot;link_to&quot;:&quot;file&quot;,&quot;aspect_ratio&quot;:&quot;3:2&quot;,&quot;overlay_background&quot;:&quot;yes&quot;,&quot;content_hover_animation&quot;:&quot;fade-in&quot;}\" data-widget_type=\"gallery.default\">\n\t\t\t\t<div class=\"elementor-widget-container\">\n\t\t\t\t\t<div class=\"elementor-gallery__container\">\n\t\t\t\t\t\t\t<a class=\"e-gallery-item elementor-gallery-item elementor-animated-content\" href=\"https:\/\/sarmirsteel.sk\/wp-content\/uploads\/2024\/07\/plotova-brana-pezinok.jpg\" data-elementor-open-lightbox=\"yes\" data-elementor-lightbox-slideshow=\"52ecfd60\" data-elementor-lightbox-title=\"plotova-brana-pezinok\" data-e-action-hash=\"#elementor-action%3Aaction%3Dlightbox%26settings%3DeyJpZCI6MjI5NCwidXJsIjoiaHR0cHM6XC9cL3Nhcm1pcnN0ZWVsLnNrXC93cC1jb250ZW50XC91cGxvYWRzXC8yMDI0XC8wN1wvcGxvdG92YS1icmFuYS1wZXppbm9rLmpwZyIsInNsaWRlc2hvdyI6IjUyZWNmZDYwIn0%3D\">\n\t\t\t\t\t<div class=\"e-gallery-image elementor-gallery-item__image\" data-thumbnail=\"https:\/\/sarmirsteel.sk\/wp-content\/uploads\/2024\/07\/plotova-brana-pezinok-300x225.jpg\" data-width=\"300\" data-height=\"225\" aria-label=\"plotova brana pezinok\" role=\"img\" ><\/div>\n\t\t\t\t\t\t\t\t\t\t\t<div class=\"elementor-gallery-item__overlay\"><\/div>\n\t\t\t\t\t\t\t\t\t\t\t\t\t\t<\/a>\n\t\t\t\t\t<\/div>\n\t\t\t<\/div>\n\t\t\t\t<\/div>\n\t\t\t\t<div class=\"elementor-element elementor-element-d59873e elementor-widget elementor-widget-text-editor\" data-id=\"d59873e\" data-element_type=\"widget\" data-widget_type=\"text-editor.default\">\n\t\t\t\t<div class=\"elementor-widget-container\">\n\t\t\t\t\t\t\t<p>Viac fotiek realiz\u00e1ci\u00ed plotov\u00fdch br\u00e1n v Pezinku a okol\u00ed n\u00e1jdete na na\u0161om <a href=\"https:\/\/www.facebook.com\/sarmirsteel.sk\">Facebook \u00fa\u010dte<\/a>.<\/p>\t\t\t\t\t\t<\/div>\n\t\t\t\t<\/div>\n\t\t\t\t\t<\/div>\n\t\t<\/div>\n\t\t\t\t\t<\/div>\n\t\t<\/section>\n\t\t\t\t<\/div>","protected":false},"excerpt":{"rendered":"<p>Plotov\u00e1 br\u00e1na Pezinok na mieru Kompletn\u00e9 rie\u0161enie pre v\u00e1\u0161 pozemok Plotov\u00e1 br\u00e1na Pezinok a okolie na mieru je ide\u00e1lnou vo\u013ebou pre t\u00fdch, ktor\u00ed h\u013eadaj\u00fa kompletn\u00e9 a bezstarostn\u00e9 rie\u0161enie pre ohrani\u010denie a zabezpe\u010denie svojho pozemku. Na\u0161a spolo\u010dnos\u0165 pon\u00faka \u0161irok\u00fd v\u00fdber plotov\u00fdch br\u00e1n na k\u013e\u00fa\u010d, ktor\u00e9 s\u00fa navrhnut\u00e9 tak, aby sp\u013a\u0148ali v\u0161etky va\u0161e po\u017eiadavky na kvalitu, bezpe\u010dnos\u0165 [&hellip;]<\/p>","protected":false},"author":3,"featured_media":2294,"parent":0,"menu_order":0,"comment_status":"closed","ping_status":"closed","template":"","meta":{"footnotes":""},"class_list":["post-2292","page","type-page","status-publish","has-post-thumbnail","hentry"],"_links":{"self":[{"href":"https:\/\/sarmirsteel.sk\/cz\/wp-json\/wp\/v2\/pages\/2292","targetHints":{"allow":["GET"]}}],"collection":[{"href":"https:\/\/sarmirsteel.sk\/cz\/wp-json\/wp\/v2\/pages"}],"about":[{"href":"https:\/\/sarmirsteel.sk\/cz\/wp-json\/wp\/v2\/types\/page"}],"author":[{"embeddable":true,"href":"https:\/\/sarmirsteel.sk\/cz\/wp-json\/wp\/v2\/users\/3"}],"replies":[{"embeddable":true,"href":"https:\/\/sarmirsteel.sk\/cz\/wp-json\/wp\/v2\/comments?post=2292"}],"version-history":[{"count":0,"href":"https:\/\/sarmirsteel.sk\/cz\/wp-json\/wp\/v2\/pages\/2292\/revisions"}],"wp:featuredmedia":[{"embeddable":true,"href":"https:\/\/sarmirsteel.sk\/cz\/wp-json\/wp\/v2\/media\/2294"}],"wp:attachment":[{"href":"https:\/\/sarmirsteel.sk\/cz\/wp-json\/wp\/v2\/media?parent=2292"}],"curies":[{"name":"wp","href":"https:\/\/api.w.org\/{rel}","templated":true}]}}