{"id":2170,"date":"2024-07-01T20:55:50","date_gmt":"2024-07-01T18:55:50","guid":{"rendered":"https:\/\/sarmirsteel.sk\/?page_id=2170"},"modified":"2024-07-01T20:57:35","modified_gmt":"2024-07-01T18:57:35","slug":"elektricke-brany-senica-na-mieru","status":"publish","type":"page","link":"https:\/\/sarmirsteel.sk\/cz\/elektricke-brany-senica-na-mieru\/","title":{"rendered":"Elektrick\u00e9 br\u00e1ny Senica na mieru"},"content":{"rendered":"<div data-elementor-type=\"wp-page\" data-elementor-id=\"2170\" class=\"elementor elementor-2170\" data-elementor-post-type=\"page\">\n\t\t\t\t\t\t<section class=\"elementor-section elementor-top-section elementor-element elementor-element-843b1df elementor-section-height-min-height elementor-section-boxed elementor-section-height-default elementor-section-items-middle\" data-id=\"843b1df\" data-element_type=\"section\" data-settings=\"{&quot;background_background&quot;:&quot;classic&quot;}\">\n\t\t\t\t\t\t<div class=\"elementor-container elementor-column-gap-default\">\n\t\t\t\t\t<div class=\"elementor-column elementor-col-100 elementor-top-column elementor-element elementor-element-2f7ad69c\" data-id=\"2f7ad69c\" data-element_type=\"column\">\n\t\t\t<div class=\"elementor-widget-wrap elementor-element-populated\">\n\t\t\t\t\t\t<div class=\"elementor-element elementor-element-2f2ac149 elementor-widget elementor-widget-heading\" data-id=\"2f2ac149\" data-element_type=\"widget\" data-widget_type=\"heading.default\">\n\t\t\t\t<div class=\"elementor-widget-container\">\n\t\t\t<h1 class=\"elementor-heading-title elementor-size-default\">Elektrick\u00e9 br\u00e1ny Senica a okolie na mieru<\/h1>\t\t<\/div>\n\t\t\t\t<\/div>\n\t\t\t\t\t<\/div>\n\t\t<\/div>\n\t\t\t\t\t<\/div>\n\t\t<\/section>\n\t\t\t\t<section class=\"elementor-section elementor-top-section elementor-element elementor-element-4997ed20 elementor-section-content-middle elementor-section-boxed elementor-section-height-default elementor-section-height-default\" data-id=\"4997ed20\" data-element_type=\"section\" id=\"sluzby\" data-settings=\"{&quot;background_background&quot;:&quot;classic&quot;}\">\n\t\t\t\t\t\t<div class=\"elementor-container elementor-column-gap-no\">\n\t\t\t\t\t<div class=\"elementor-column elementor-col-100 elementor-top-column elementor-element elementor-element-29b4865d\" data-id=\"29b4865d\" data-element_type=\"column\">\n\t\t\t<div class=\"elementor-widget-wrap elementor-element-populated\">\n\t\t\t\t\t\t<section class=\"elementor-section elementor-inner-section elementor-element elementor-element-736e1116 elementor-section-boxed elementor-section-height-default elementor-section-height-default\" data-id=\"736e1116\" data-element_type=\"section\">\n\t\t\t\t\t\t<div class=\"elementor-container elementor-column-gap-default\">\n\t\t\t\t\t<div class=\"elementor-column elementor-col-100 elementor-inner-column elementor-element elementor-element-3c9cc579\" data-id=\"3c9cc579\" data-element_type=\"column\">\n\t\t\t<div class=\"elementor-widget-wrap elementor-element-populated\">\n\t\t\t\t\t\t<div class=\"elementor-element elementor-element-6a629e6e elementor-widget elementor-widget-heading\" data-id=\"6a629e6e\" data-element_type=\"widget\" data-widget_type=\"heading.default\">\n\t\t\t\t<div class=\"elementor-widget-container\">\n\t\t\t<h2 class=\"elementor-heading-title elementor-size-default\">Komfort a bezpe\u010dnos\u0165 pre v\u00e1\u0161 domov<\/h2>\t\t<\/div>\n\t\t\t\t<\/div>\n\t\t\t\t<div class=\"elementor-element elementor-element-3dcaae30 elementor-widget elementor-widget-text-editor\" data-id=\"3dcaae30\" data-element_type=\"widget\" data-widget_type=\"text-editor.default\">\n\t\t\t\t<div class=\"elementor-widget-container\">\n\t\t\t\t\t\t\t<p><strong>Elektrick\u00e9 br\u00e1ny Senica na mieru<\/strong> predstavuj\u00fa modern\u00e9 a pohodln\u00e9 rie\u0161enie pre zabezpe\u010denie v\u00e1\u0161ho domova \u010di podnikania. Na\u0161a spolo\u010dnos\u0165 pon\u00faka \u0161irok\u00fd v\u00fdber elektrick\u00fdch br\u00e1n, ktor\u00e9 kombinuj\u00fa pokro\u010dil\u00e9 technol\u00f3gie, vysok\u00fa kvalitu a estetick\u00fd dizajn.<\/p>\t\t\t\t\t\t<\/div>\n\t\t\t\t<\/div>\n\t\t\t\t<div class=\"elementor-element elementor-element-42626906 elementor-widget elementor-widget-heading\" data-id=\"42626906\" data-element_type=\"widget\" data-widget_type=\"heading.default\">\n\t\t\t\t<div class=\"elementor-widget-container\">\n\t\t\t<h2 class=\"elementor-heading-title elementor-size-default\">V\u00fdhody elektrick\u00fdch br\u00e1n<\/h2>\t\t<\/div>\n\t\t\t\t<\/div>\n\t\t\t\t<div class=\"elementor-element elementor-element-17cc0f03 elementor-widget elementor-widget-text-editor\" data-id=\"17cc0f03\" data-element_type=\"widget\" data-widget_type=\"text-editor.default\">\n\t\t\t\t<div class=\"elementor-widget-container\">\n\t\t\t\t\t\t\t<ul><li class=\"article_title align-center\"><strong>Pohodlie<\/strong><\/li><\/ul><div class=\"article_indents\"><p class=\"article_indent align-center\">Elektrick\u00e9 br\u00e1ny umo\u017e\u0148uj\u00fa jednoduch\u00e9 a pohodln\u00e9 otv\u00e1ranie a zatv\u00e1ranie pomocou dia\u013ekov\u00e9ho ovl\u00e1da\u010da alebo mobilnej aplik\u00e1cie.<\/p><ul><li class=\"article_title align-center\"><strong>Bezpe\u010dnos\u0165<\/strong><\/li><\/ul><div class=\"article_indents\"><p class=\"article_indent align-center\">Na\u0161e elektrick\u00e9 br\u00e1ny s\u00fa vybaven\u00e9 pokro\u010dil\u00fdmi bezpe\u010dnostn\u00fdmi prvkami, ako s\u00fa senzory pohybu, automatick\u00e9 zamykanie a n\u00fadzov\u00e9 odblokovanie.<\/p><ul><li class=\"article_title align-center\"><strong>Odolnos\u0165<\/strong><\/li><\/ul><div class=\"article_indents\"><p class=\"article_indent align-center\">Br\u00e1ny s\u00fa vyroben\u00e9 z kvalitn\u00fdch materi\u00e1lov, ktor\u00e9 zaru\u010duj\u00fa vysok\u00fa odolnos\u0165 vo\u010di poveternostn\u00fdm vplyvom a mechanick\u00e9mu po\u0161kodeniu.<\/p><ul><li class=\"article_title align-center\"><strong>Estetick\u00fd vzh\u013ead<\/strong><\/li><\/ul><div class=\"article_indents\"><p class=\"article_indent align-center\">Pon\u00fakame r\u00f4zne dizajnov\u00e9 varianty a povrchov\u00e9 \u00fapravy, aby elektrick\u00e1 br\u00e1na dokonale ladila s va\u0161im exteri\u00e9rom a sp\u013a\u0148ala va\u0161e individu\u00e1lne po\u017eiadavky.<\/p><div class=\"content_section position-1\"><article id=\"Article_idm139968259295648-15\"><div class=\"Article notab_br decoration-none\"><div class=\"article_indents\">\u00a0<\/div><\/div><\/article><\/div><\/div><\/div><\/div><\/div>\t\t\t\t\t\t<\/div>\n\t\t\t\t<\/div>\n\t\t\t\t<div class=\"elementor-element elementor-element-768475c1 elementor-widget elementor-widget-heading\" data-id=\"768475c1\" data-element_type=\"widget\" data-widget_type=\"heading.default\">\n\t\t\t\t<div class=\"elementor-widget-container\">\n\t\t\t<h2 class=\"elementor-heading-title elementor-size-default\">Technick\u00e9 vlastnosti<\/h2>\t\t<\/div>\n\t\t\t\t<\/div>\n\t\t\t\t<div class=\"elementor-element elementor-element-4d748df9 elementor-widget elementor-widget-text-editor\" data-id=\"4d748df9\" data-element_type=\"widget\" data-widget_type=\"text-editor.default\">\n\t\t\t\t<div class=\"elementor-widget-container\">\n\t\t\t\t\t\t\t<p>Na\u0161e elektrick\u00e9 br\u00e1ny s\u00fa vyroben\u00e9 z prvotriednych materi\u00e1lov, ako je hlin\u00edk, oce\u013e alebo nerezov\u00e1 oce\u013e, ktor\u00e9 zabezpe\u010duj\u00fa ich pevnos\u0165 a trv\u00e1cnos\u0165. Vybaven\u00e9 s\u00fa spo\u013eahliv\u00fdmi motorov\u00fdmi syst\u00e9mami, ktor\u00e9 zaru\u010duj\u00fa tich\u00fa a plynul\u00fa prev\u00e1dzku. Ka\u017ed\u00e1 br\u00e1na je vyr\u00e1ban\u00e1 na mieru pod\u013ea va\u0161ich po\u017eiadaviek, \u010do zaru\u010duje presnos\u0165 a kvalitu ka\u017ed\u00e9ho v\u00fdrobku.<\/p>\t\t\t\t\t\t<\/div>\n\t\t\t\t<\/div>\n\t\t\t\t<div class=\"elementor-element elementor-element-5fe23ae7 elementor-widget elementor-widget-heading\" data-id=\"5fe23ae7\" data-element_type=\"widget\" data-widget_type=\"heading.default\">\n\t\t\t\t<div class=\"elementor-widget-container\">\n\t\t\t<h2 class=\"elementor-heading-title elementor-size-default\">Elektrick\u00e9 br\u00e1ny Senica - mont\u00e1\u017e a servis<\/h2>\t\t<\/div>\n\t\t\t\t<\/div>\n\t\t\t\t<div class=\"elementor-element elementor-element-5a3dc960 elementor-widget elementor-widget-text-editor\" data-id=\"5a3dc960\" data-element_type=\"widget\" data-widget_type=\"text-editor.default\">\n\t\t\t\t<div class=\"elementor-widget-container\">\n\t\t\t\t\t\t\t<p>Na\u0161a spolo\u010dnos\u0165 poskytuje komplexn\u00e9 slu\u017eby vr\u00e1tane profesion\u00e1lnej mont\u00e1\u017ee a servisu elektrick\u00fdch br\u00e1n. Na\u0161i sk\u00fasen\u00ed technici zabezpe\u010dia odborn\u00fa in\u0161tal\u00e1ciu a pravideln\u00fa \u00fadr\u017ebu, aby va\u0161e br\u00e1ny fungovali bezchybne po dlh\u00e9 roky. Sme pripraven\u00ed rie\u0161i\u0165 v\u0161etky va\u0161e po\u017eiadavky a zabezpe\u010di\u0165, \u017ee va\u0161a br\u00e1na bude v\u017edy v perfektnom stave.<\/p>\t\t\t\t\t\t<\/div>\n\t\t\t\t<\/div>\n\t\t\t\t<div class=\"elementor-element elementor-element-24aedb37 elementor-widget elementor-widget-heading\" data-id=\"24aedb37\" data-element_type=\"widget\" data-widget_type=\"heading.default\">\n\t\t\t\t<div class=\"elementor-widget-container\">\n\t\t\t<h2 class=\"elementor-heading-title elementor-size-default\">Pre\u010do si vybra\u0165 n\u00e1s?<\/h2>\t\t<\/div>\n\t\t\t\t<\/div>\n\t\t\t\t<div class=\"elementor-element elementor-element-11327f9f elementor-widget elementor-widget-text-editor\" data-id=\"11327f9f\" data-element_type=\"widget\" data-widget_type=\"text-editor.default\">\n\t\t\t\t<div class=\"elementor-widget-container\">\n\t\t\t\t\t\t\t<ul><li class=\"article_title align-center\"><strong>Kvalita<\/strong><\/li><\/ul><div class=\"article_indents\"><p class=\"article_indent align-center\">\u0160arm\u00edr Steel je z\u00e1rukou toho, \u017ee va\u0161a br\u00e1na bude odoln\u00e1, vysokokvalitn\u00e1 a spo\u013eahliv\u00e1.<\/p><ul><li class=\"article_title align-center\"><strong>Sk\u00fasenosti<\/strong><\/li><\/ul><div class=\"article_indents\"><p class=\"article_indent align-center\">M\u00e1me bohat\u00e9 sk\u00fasenosti v oblasti v\u00fdroby posuvn\u00fdch br\u00e1n a aj ich in\u0161tal\u00e1cie.\u00a0<\/p><ul><li class=\"article_title align-center\"><strong>Z\u00e1kazn\u00edcky servis<\/strong><\/li><\/ul><div class=\"article_indents\"><p class=\"article_indent align-center\">N\u00e1\u0161 t\u00edm je pripraven\u00fd odpoveda\u0165 na v\u0161etky va\u0161e ot\u00e1zky a poskytn\u00fa\u0165 v\u00e1m odborn\u00e9 poradenstvo.<\/p><ul><li class=\"article_title align-center\"><strong>Cenov\u00e1 dostupnos\u0165<\/strong><\/li><\/ul><div class=\"article_indents\"><p class=\"article_indent align-center\">Poskytujeme kvalitn\u00e9 produkty za konkurencieschopn\u00e9 ceny.<\/p><\/div><p>Ak m\u00e1te z\u00e1ujem o na\u0161e elektrick\u00e9 br\u00e1ny na mieru v Senici a okol\u00ed alebo potrebujete viac inform\u00e1ci\u00ed, nev\u00e1hajte n\u00e1s kontaktova\u0165. Radi v\u00e1m pom\u00f4\u017eeme s v\u00fdberom ide\u00e1lneho rie\u0161enia pre v\u00e1\u0161 domov.<\/p><div class=\"article_indents\"><div class=\"content_section position-1\"><article id=\"Article_idm139968259295648-15\"><div class=\"Article notab_br decoration-none\"><div class=\"article_indents\">\u00a0<\/div><\/div><\/article><\/div><\/div><\/div><\/div><\/div>\t\t\t\t\t\t<\/div>\n\t\t\t\t<\/div>\n\t\t\t\t\t<\/div>\n\t\t<\/div>\n\t\t\t\t\t<\/div>\n\t\t<\/section>\n\t\t\t\t\t<\/div>\n\t\t<\/div>\n\t\t\t\t\t<\/div>\n\t\t<\/section>\n\t\t\t\t<section class=\"elementor-section elementor-top-section elementor-element elementor-element-3d01e724 elementor-section-boxed elementor-section-height-default elementor-section-height-default\" data-id=\"3d01e724\" data-element_type=\"section\">\n\t\t\t\t\t\t<div class=\"elementor-container elementor-column-gap-default\">\n\t\t\t\t\t<div class=\"elementor-column elementor-col-100 elementor-top-column elementor-element elementor-element-79748d9\" data-id=\"79748d9\" data-element_type=\"column\">\n\t\t\t<div class=\"elementor-widget-wrap elementor-element-populated\">\n\t\t\t\t\t\t<div class=\"elementor-element elementor-element-11d52121 elementor-widget elementor-widget-heading\" data-id=\"11d52121\" data-element_type=\"widget\" data-widget_type=\"heading.default\">\n\t\t\t\t<div class=\"elementor-widget-container\">\n\t\t\t<h2 class=\"elementor-heading-title elementor-size-default\">Elektrick\u00e9 br\u00e1ny Senica a okolie z na\u0161ej v\u00fdroby<\/h2>\t\t<\/div>\n\t\t\t\t<\/div>\n\t\t\t\t<div class=\"elementor-element elementor-element-496c02ce elementor-widget elementor-widget-gallery\" data-id=\"496c02ce\" data-element_type=\"widget\" data-settings=\"{&quot;lazyload&quot;:&quot;yes&quot;,&quot;gallery_layout&quot;:&quot;grid&quot;,&quot;columns&quot;:4,&quot;columns_tablet&quot;:2,&quot;columns_mobile&quot;:1,&quot;gap&quot;:{&quot;unit&quot;:&quot;px&quot;,&quot;size&quot;:10,&quot;sizes&quot;:[]},&quot;gap_tablet&quot;:{&quot;unit&quot;:&quot;px&quot;,&quot;size&quot;:10,&quot;sizes&quot;:[]},&quot;gap_mobile&quot;:{&quot;unit&quot;:&quot;px&quot;,&quot;size&quot;:10,&quot;sizes&quot;:[]},&quot;link_to&quot;:&quot;file&quot;,&quot;aspect_ratio&quot;:&quot;3:2&quot;,&quot;overlay_background&quot;:&quot;yes&quot;,&quot;content_hover_animation&quot;:&quot;fade-in&quot;}\" data-widget_type=\"gallery.default\">\n\t\t\t\t<div class=\"elementor-widget-container\">\n\t\t\t\t\t<div class=\"elementor-gallery__container\">\n\t\t\t\t\t\t\t<a class=\"e-gallery-item elementor-gallery-item elementor-animated-content\" href=\"https:\/\/sarmirsteel.sk\/wp-content\/uploads\/2024\/07\/elektricke-brany-senica.jpg\" data-elementor-open-lightbox=\"yes\" data-elementor-lightbox-slideshow=\"496c02ce\" data-elementor-lightbox-title=\"elektrick\u00e9-brany-senica\" data-e-action-hash=\"#elementor-action%3Aaction%3Dlightbox%26settings%3DeyJpZCI6MjE3MiwidXJsIjoiaHR0cHM6XC9cL3Nhcm1pcnN0ZWVsLnNrXC93cC1jb250ZW50XC91cGxvYWRzXC8yMDI0XC8wN1wvZWxla3RyaWNrZS1icmFueS1zZW5pY2EuanBnIiwic2xpZGVzaG93IjoiNDk2YzAyY2UifQ%3D%3D\">\n\t\t\t\t\t<div class=\"e-gallery-image elementor-gallery-item__image\" data-thumbnail=\"https:\/\/sarmirsteel.sk\/wp-content\/uploads\/2024\/07\/elektricke-brany-senica-300x300.jpg\" data-width=\"300\" data-height=\"300\" aria-label=\"elektricke brany senica a okolie\" role=\"img\" ><\/div>\n\t\t\t\t\t\t\t\t\t\t\t<div class=\"elementor-gallery-item__overlay\"><\/div>\n\t\t\t\t\t\t\t\t\t\t\t\t\t\t<\/a>\n\t\t\t\t\t<\/div>\n\t\t\t<\/div>\n\t\t\t\t<\/div>\n\t\t\t\t<div class=\"elementor-element elementor-element-f060f65 elementor-widget elementor-widget-text-editor\" data-id=\"f060f65\" data-element_type=\"widget\" data-widget_type=\"text-editor.default\">\n\t\t\t\t<div class=\"elementor-widget-container\">\n\t\t\t\t\t\t\t<p>Viac fotiek realiz\u00e1ci\u00ed elektrick\u00fdch br\u00e1n v Senici a okol\u00ed n\u00e1jdete na na\u0161om <a href=\"https:\/\/www.facebook.com\/sarmirsteel.sk\">Facebook \u00fa\u010dte<\/a>.<\/p>\t\t\t\t\t\t<\/div>\n\t\t\t\t<\/div>\n\t\t\t\t\t<\/div>\n\t\t<\/div>\n\t\t\t\t\t<\/div>\n\t\t<\/section>\n\t\t\t\t<\/div>","protected":false},"excerpt":{"rendered":"<p>Elektrick\u00e9 br\u00e1ny Senica a okolie na mieru Komfort a bezpe\u010dnos\u0165 pre v\u00e1\u0161 domov Elektrick\u00e9 br\u00e1ny Senica na mieru predstavuj\u00fa modern\u00e9 a pohodln\u00e9 rie\u0161enie pre zabezpe\u010denie v\u00e1\u0161ho domova \u010di podnikania. Na\u0161a spolo\u010dnos\u0165 pon\u00faka \u0161irok\u00fd v\u00fdber elektrick\u00fdch br\u00e1n, ktor\u00e9 kombinuj\u00fa pokro\u010dil\u00e9 technol\u00f3gie, vysok\u00fa kvalitu a estetick\u00fd dizajn. V\u00fdhody elektrick\u00fdch br\u00e1n Pohodlie Elektrick\u00e9 br\u00e1ny umo\u017e\u0148uj\u00fa jednoduch\u00e9 a pohodln\u00e9 [&hellip;]<\/p>","protected":false},"author":3,"featured_media":2172,"parent":0,"menu_order":0,"comment_status":"closed","ping_status":"closed","template":"","meta":{"footnotes":""},"class_list":["post-2170","page","type-page","status-publish","has-post-thumbnail","hentry"],"_links":{"self":[{"href":"https:\/\/sarmirsteel.sk\/cz\/wp-json\/wp\/v2\/pages\/2170","targetHints":{"allow":["GET"]}}],"collection":[{"href":"https:\/\/sarmirsteel.sk\/cz\/wp-json\/wp\/v2\/pages"}],"about":[{"href":"https:\/\/sarmirsteel.sk\/cz\/wp-json\/wp\/v2\/types\/page"}],"author":[{"embeddable":true,"href":"https:\/\/sarmirsteel.sk\/cz\/wp-json\/wp\/v2\/users\/3"}],"replies":[{"embeddable":true,"href":"https:\/\/sarmirsteel.sk\/cz\/wp-json\/wp\/v2\/comments?post=2170"}],"version-history":[{"count":0,"href":"https:\/\/sarmirsteel.sk\/cz\/wp-json\/wp\/v2\/pages\/2170\/revisions"}],"wp:featuredmedia":[{"embeddable":true,"href":"https:\/\/sarmirsteel.sk\/cz\/wp-json\/wp\/v2\/media\/2172"}],"wp:attachment":[{"href":"https:\/\/sarmirsteel.sk\/cz\/wp-json\/wp\/v2\/media?parent=2170"}],"curies":[{"name":"wp","href":"https:\/\/api.w.org\/{rel}","templated":true}]}}