{"id":2067,"date":"2024-06-28T15:07:46","date_gmt":"2024-06-28T13:07:46","guid":{"rendered":"https:\/\/sarmirsteel.sk\/?page_id=2067"},"modified":"2024-06-28T15:53:23","modified_gmt":"2024-06-28T13:53:23","slug":"hlinikove-brany-senec-a-okolie","status":"publish","type":"page","link":"https:\/\/sarmirsteel.sk\/cz\/hlinikove-brany-senec-a-okolie\/","title":{"rendered":"Hlin\u00edkov\u00e9 br\u00e1ny Senec a okolie"},"content":{"rendered":"<div data-elementor-type=\"wp-page\" data-elementor-id=\"2067\" class=\"elementor elementor-2067\" data-elementor-post-type=\"page\">\n\t\t\t\t\t\t<section class=\"elementor-section elementor-top-section elementor-element elementor-element-52cfd0df elementor-section-height-min-height elementor-section-boxed elementor-section-height-default elementor-section-items-middle\" data-id=\"52cfd0df\" data-element_type=\"section\" data-settings=\"{&quot;background_background&quot;:&quot;classic&quot;}\">\n\t\t\t\t\t\t<div class=\"elementor-container elementor-column-gap-default\">\n\t\t\t\t\t<div class=\"elementor-column elementor-col-100 elementor-top-column elementor-element elementor-element-22da1e32\" data-id=\"22da1e32\" data-element_type=\"column\">\n\t\t\t<div class=\"elementor-widget-wrap elementor-element-populated\">\n\t\t\t\t\t\t<div class=\"elementor-element elementor-element-5dbf0179 elementor-widget elementor-widget-heading\" data-id=\"5dbf0179\" data-element_type=\"widget\" data-widget_type=\"heading.default\">\n\t\t\t\t<div class=\"elementor-widget-container\">\n\t\t\t<h1 class=\"elementor-heading-title elementor-size-default\">Hlin\u00edkov\u00e9 br\u00e1ny Senec a okolie<\/h1>\t\t<\/div>\n\t\t\t\t<\/div>\n\t\t\t\t\t<\/div>\n\t\t<\/div>\n\t\t\t\t\t<\/div>\n\t\t<\/section>\n\t\t\t\t<section class=\"elementor-section elementor-top-section elementor-element elementor-element-36b3450 elementor-section-content-middle elementor-section-boxed elementor-section-height-default elementor-section-height-default\" data-id=\"36b3450\" data-element_type=\"section\" id=\"sluzby\" data-settings=\"{&quot;background_background&quot;:&quot;classic&quot;}\">\n\t\t\t\t\t\t<div class=\"elementor-container elementor-column-gap-no\">\n\t\t\t\t\t<div class=\"elementor-column elementor-col-100 elementor-top-column elementor-element elementor-element-19e33e22\" data-id=\"19e33e22\" data-element_type=\"column\">\n\t\t\t<div class=\"elementor-widget-wrap elementor-element-populated\">\n\t\t\t\t\t\t<section class=\"elementor-section elementor-inner-section elementor-element elementor-element-4d67abee elementor-section-boxed elementor-section-height-default elementor-section-height-default\" data-id=\"4d67abee\" data-element_type=\"section\">\n\t\t\t\t\t\t<div class=\"elementor-container elementor-column-gap-default\">\n\t\t\t\t\t<div class=\"elementor-column elementor-col-100 elementor-inner-column elementor-element elementor-element-56dca74d\" data-id=\"56dca74d\" data-element_type=\"column\">\n\t\t\t<div class=\"elementor-widget-wrap elementor-element-populated\">\n\t\t\t\t\t\t<div class=\"elementor-element elementor-element-3501561e elementor-widget elementor-widget-heading\" data-id=\"3501561e\" data-element_type=\"widget\" data-widget_type=\"heading.default\">\n\t\t\t\t<div class=\"elementor-widget-container\">\n\t\t\t<h2 class=\"elementor-heading-title elementor-size-default\">Elegancia a trv\u00e1cnos\u0165 pre v\u00e1\u0161 domov<\/h2>\t\t<\/div>\n\t\t\t\t<\/div>\n\t\t\t\t<div class=\"elementor-element elementor-element-148b3246 elementor-widget elementor-widget-text-editor\" data-id=\"148b3246\" data-element_type=\"widget\" data-widget_type=\"text-editor.default\">\n\t\t\t\t<div class=\"elementor-widget-container\">\n\t\t\t\t\t\t\t<p><strong>Hlin\u00edkov\u00e9 br\u00e1ny Senec a okolie<\/strong>\u00a0s\u00fa perfektn\u00fdm rie\u0161en\u00edm pre t\u00fdch, ktor\u00ed h\u013eadaj\u00fa modern\u00e9, odoln\u00e9 a esteticky pr\u00edjemn\u00e9 rie\u0161enie pre svoj domov alebo podnik. Na\u0161a spolo\u010dnos\u0165 pon\u00faka \u0161irok\u00fd v\u00fdber hlin\u00edkov\u00fdch br\u00e1n, ktor\u00e9 sp\u00e1jaj\u00fa \u0161t\u00fdl, kvalitu a spo\u013eahlivos\u0165.<\/p>\t\t\t\t\t\t<\/div>\n\t\t\t\t<\/div>\n\t\t\t\t<div class=\"elementor-element elementor-element-4f431201 elementor-widget elementor-widget-heading\" data-id=\"4f431201\" data-element_type=\"widget\" data-widget_type=\"heading.default\">\n\t\t\t\t<div class=\"elementor-widget-container\">\n\t\t\t<h2 class=\"elementor-heading-title elementor-size-default\">V\u00fdhody hlin\u00edkov\u00fdch br\u00e1n<\/h2>\t\t<\/div>\n\t\t\t\t<\/div>\n\t\t\t\t<div class=\"elementor-element elementor-element-35c3ead3 elementor-widget elementor-widget-text-editor\" data-id=\"35c3ead3\" data-element_type=\"widget\" data-widget_type=\"text-editor.default\">\n\t\t\t\t<div class=\"elementor-widget-container\">\n\t\t\t\t\t\t\t<ul><li class=\"article_title align-center\"><strong>Odolnos\u0165<\/strong><\/li><\/ul><div class=\"article_indents\"><p class=\"article_indent align-center\">Hlin\u00edkov\u00e9 br\u00e1ny s\u00fa zn\u00e1me svojou vysokou odolnos\u0165ou proti kor\u00f3zii a poveternostn\u00fdm vplyvom, \u010do zaru\u010duje ich dlh\u00fa \u017eivotnos\u0165.<\/p><ul><li class=\"article_title align-center\"><strong>\u013dahk\u00e1 kon\u0161trukcia<\/strong><\/li><\/ul><div class=\"article_indents\"><p class=\"article_indent align-center\">Hlin\u00edk je \u013eahk\u00fd materi\u00e1l, \u010do zjednodu\u0161uje manipul\u00e1ciu a in\u0161tal\u00e1ciu, pri\u010dom z\u00e1rove\u0148 zaru\u010duje pevnos\u0165 a stabilitu.<\/p><ul><li class=\"article_title align-center\"><strong>Estetick\u00fd vzh\u013ead<\/strong><\/li><\/ul><div class=\"article_indents\"><p class=\"article_indent align-center\">Pon\u00fakame r\u00f4zne dizajnov\u00e9 varianty a farebn\u00e9 prevedenia, aby hlin\u00edkov\u00e1 br\u00e1na dokonale ladila s va\u0161im exteri\u00e9rom a sp\u013a\u0148ala va\u0161e individu\u00e1lne po\u017eiadavky.<\/p><ul><li class=\"article_title align-center\"><strong>Minim\u00e1lna \u00fadr\u017eba<\/strong><\/li><\/ul><div class=\"article_indents\"><p class=\"article_indent align-center\">Hlin\u00edkov\u00e9 br\u00e1ny vy\u017eaduj\u00fa minim\u00e1lnu \u00fadr\u017ebu, \u010do znamen\u00e1, \u017ee si m\u00f4\u017eete u\u017e\u00edva\u0165 ich kr\u00e1su a funk\u010dnos\u0165 bez zbyto\u010dn\u00fdch starost\u00ed.<\/p><div class=\"content_section position-1\"><article id=\"Article_idm139968259295648-15\"><div class=\"Article notab_br decoration-none\"><div class=\"article_indents\">\u00a0<\/div><\/div><\/article><\/div><\/div><\/div><\/div><\/div>\t\t\t\t\t\t<\/div>\n\t\t\t\t<\/div>\n\t\t\t\t<div class=\"elementor-element elementor-element-6f932538 elementor-widget elementor-widget-heading\" data-id=\"6f932538\" data-element_type=\"widget\" data-widget_type=\"heading.default\">\n\t\t\t\t<div class=\"elementor-widget-container\">\n\t\t\t<h2 class=\"elementor-heading-title elementor-size-default\">Technick\u00e9 vlastnosti<\/h2>\t\t<\/div>\n\t\t\t\t<\/div>\n\t\t\t\t<div class=\"elementor-element elementor-element-2b629e2d elementor-widget elementor-widget-text-editor\" data-id=\"2b629e2d\" data-element_type=\"widget\" data-widget_type=\"text-editor.default\">\n\t\t\t\t<div class=\"elementor-widget-container\">\n\t\t\t\t\t\t\t<p>Na\u0161e hlin\u00edkov\u00e9 br\u00e1ny s\u00fa vyroben\u00e9 z prvotriednych hlin\u00edkov\u00fdch profilov, ktor\u00e9 zaru\u010duj\u00fa pevnos\u0165 a trv\u00e1cnos\u0165. Povrchov\u00e1 \u00faprava vr\u00e1tane pr\u00e1\u0161kov\u00e9ho lakovania zabezpe\u010duje ochranu proti kor\u00f3zii a dlhodob\u00fa estetick\u00fa hodnotu. Ka\u017ed\u00e1 br\u00e1na je vyr\u00e1ban\u00e1 na mieru pod\u013ea va\u0161ich po\u017eiadaviek, \u010do zaru\u010duje presnos\u0165 a kvalitu ka\u017ed\u00e9ho v\u00fdrobku.<\/p>\t\t\t\t\t\t<\/div>\n\t\t\t\t<\/div>\n\t\t\t\t<div class=\"elementor-element elementor-element-1abd3bb4 elementor-widget elementor-widget-heading\" data-id=\"1abd3bb4\" data-element_type=\"widget\" data-widget_type=\"heading.default\">\n\t\t\t\t<div class=\"elementor-widget-container\">\n\t\t\t<h2 class=\"elementor-heading-title elementor-size-default\">Hlin\u00edkov\u00e9 br\u00e1ny Senec a okolie - mont\u00e1\u017e a servis<\/h2>\t\t<\/div>\n\t\t\t\t<\/div>\n\t\t\t\t<div class=\"elementor-element elementor-element-73af1e0a elementor-widget elementor-widget-text-editor\" data-id=\"73af1e0a\" data-element_type=\"widget\" data-widget_type=\"text-editor.default\">\n\t\t\t\t<div class=\"elementor-widget-container\">\n\t\t\t\t\t\t\t<p>Na\u0161a spolo\u010dnos\u0165 poskytuje komplexn\u00e9 slu\u017eby vr\u00e1tane profesion\u00e1lnej mont\u00e1\u017ee a servisu hlin\u00edkov\u00fdch br\u00e1n. Na\u0161i sk\u00fasen\u00ed technici zabezpe\u010dia odborn\u00fa in\u0161tal\u00e1ciu a pravideln\u00fa \u00fadr\u017ebu, aby va\u0161e br\u00e1ny fungovali bezchybne po dlh\u00e9 roky. Sme pripraven\u00ed rie\u0161i\u0165 v\u0161etky va\u0161e po\u017eiadavky a zabezpe\u010di\u0165, \u017ee va\u0161a br\u00e1na bude v\u017edy v perfektnom stave.<\/p>\t\t\t\t\t\t<\/div>\n\t\t\t\t<\/div>\n\t\t\t\t<div class=\"elementor-element elementor-element-58f9501d elementor-widget elementor-widget-heading\" data-id=\"58f9501d\" data-element_type=\"widget\" data-widget_type=\"heading.default\">\n\t\t\t\t<div class=\"elementor-widget-container\">\n\t\t\t<h2 class=\"elementor-heading-title elementor-size-default\">Pre\u010do si vybra\u0165 n\u00e1s?<\/h2>\t\t<\/div>\n\t\t\t\t<\/div>\n\t\t\t\t<div class=\"elementor-element elementor-element-7cb18aee elementor-widget elementor-widget-text-editor\" data-id=\"7cb18aee\" data-element_type=\"widget\" data-widget_type=\"text-editor.default\">\n\t\t\t\t<div class=\"elementor-widget-container\">\n\t\t\t\t\t\t\t<ul><li class=\"article_title align-center\"><strong>Kvalita<\/strong><\/li><\/ul><div class=\"article_indents\"><p class=\"article_indent align-center\">\u0160armirsteel je z\u00e1rukou toho, \u017ee va\u0161a br\u00e1na bude odoln\u00e1, vysokokvalitn\u00e1 a spo\u013eahliv\u00e1.<\/p><ul><li class=\"article_title align-center\"><strong>Sk\u00fasenosti<\/strong><\/li><\/ul><div class=\"article_indents\"><p class=\"article_indent align-center\">M\u00e1me bohat\u00e9 sk\u00fasenosti v oblasti v\u00fdroby posuvn\u00fdch br\u00e1n a aj ich in\u0161tal\u00e1cie.\u00a0<\/p><ul><li class=\"article_title align-center\"><strong>Z\u00e1kazn\u00edcky servis<\/strong><\/li><\/ul><div class=\"article_indents\"><p class=\"article_indent align-center\">N\u00e1\u0161 t\u00edm je pripraven\u00fd odpoveda\u0165 na v\u0161etky va\u0161e ot\u00e1zky a poskytn\u00fa\u0165 v\u00e1m odborn\u00e9 poradenstvo.<\/p><ul><li class=\"article_title align-center\"><strong>Cenov\u00e1 dostupnos\u0165<\/strong><\/li><\/ul><div class=\"article_indents\"><p class=\"article_indent align-center\">Poskytujeme kvalitn\u00e9 produkty za konkurencieschopn\u00e9 ceny.<\/p><\/div><p>Ak m\u00e1te z\u00e1ujem o na\u0161e hlin\u00edkov\u00e9 br\u00e1ny na mieru v Senci a okol\u00ed alebo potrebujete viac inform\u00e1ci\u00ed, nev\u00e1hajte n\u00e1s kontaktova\u0165. Radi v\u00e1m pom\u00f4\u017eeme s v\u00fdberom ide\u00e1lneho rie\u0161enia pre v\u00e1\u0161 domov.<\/p><div class=\"article_indents\"><div class=\"content_section position-1\"><article id=\"Article_idm139968259295648-15\"><div class=\"Article notab_br decoration-none\"><div class=\"article_indents\">\u00a0<\/div><\/div><\/article><\/div><\/div><\/div><\/div><\/div>\t\t\t\t\t\t<\/div>\n\t\t\t\t<\/div>\n\t\t\t\t\t<\/div>\n\t\t<\/div>\n\t\t\t\t\t<\/div>\n\t\t<\/section>\n\t\t\t\t\t<\/div>\n\t\t<\/div>\n\t\t\t\t\t<\/div>\n\t\t<\/section>\n\t\t\t\t<section class=\"elementor-section elementor-top-section elementor-element elementor-element-6aa28f6a elementor-section-boxed elementor-section-height-default elementor-section-height-default\" data-id=\"6aa28f6a\" data-element_type=\"section\">\n\t\t\t\t\t\t<div class=\"elementor-container elementor-column-gap-default\">\n\t\t\t\t\t<div class=\"elementor-column elementor-col-100 elementor-top-column elementor-element elementor-element-4623167c\" data-id=\"4623167c\" data-element_type=\"column\">\n\t\t\t<div class=\"elementor-widget-wrap elementor-element-populated\">\n\t\t\t\t\t\t<div class=\"elementor-element elementor-element-1c04caae elementor-widget elementor-widget-heading\" data-id=\"1c04caae\" data-element_type=\"widget\" data-widget_type=\"heading.default\">\n\t\t\t\t<div class=\"elementor-widget-container\">\n\t\t\t<h2 class=\"elementor-heading-title elementor-size-default\">Hlin\u00edkov\u00e9 br\u00e1ny Senec a okolie z na\u0161ej v\u00fdroby<\/h2>\t\t<\/div>\n\t\t\t\t<\/div>\n\t\t\t\t<div class=\"elementor-element elementor-element-3703de89 elementor-widget elementor-widget-gallery\" data-id=\"3703de89\" data-element_type=\"widget\" data-settings=\"{&quot;lazyload&quot;:&quot;yes&quot;,&quot;gallery_layout&quot;:&quot;grid&quot;,&quot;columns&quot;:4,&quot;columns_tablet&quot;:2,&quot;columns_mobile&quot;:1,&quot;gap&quot;:{&quot;unit&quot;:&quot;px&quot;,&quot;size&quot;:10,&quot;sizes&quot;:[]},&quot;gap_tablet&quot;:{&quot;unit&quot;:&quot;px&quot;,&quot;size&quot;:10,&quot;sizes&quot;:[]},&quot;gap_mobile&quot;:{&quot;unit&quot;:&quot;px&quot;,&quot;size&quot;:10,&quot;sizes&quot;:[]},&quot;link_to&quot;:&quot;file&quot;,&quot;aspect_ratio&quot;:&quot;3:2&quot;,&quot;overlay_background&quot;:&quot;yes&quot;,&quot;content_hover_animation&quot;:&quot;fade-in&quot;}\" data-widget_type=\"gallery.default\">\n\t\t\t\t<div class=\"elementor-widget-container\">\n\t\t\t\t\t<div class=\"elementor-gallery__container\">\n\t\t\t\t\t\t\t<a class=\"e-gallery-item elementor-gallery-item elementor-animated-content\" href=\"https:\/\/sarmirsteel.sk\/wp-content\/uploads\/2024\/06\/hlinikove-brany-bratislava.jpg\" data-elementor-open-lightbox=\"yes\" data-elementor-lightbox-slideshow=\"3703de89\" data-elementor-lightbox-title=\"hlinikove-brany-bratislava\" data-e-action-hash=\"#elementor-action%3Aaction%3Dlightbox%26settings%3DeyJpZCI6MTM4MCwidXJsIjoiaHR0cHM6XC9cL3Nhcm1pcnN0ZWVsLnNrXC93cC1jb250ZW50XC91cGxvYWRzXC8yMDI0XC8wNlwvaGxpbmlrb3ZlLWJyYW55LWJyYXRpc2xhdmEuanBnIiwic2xpZGVzaG93IjoiMzcwM2RlODkifQ%3D%3D\">\n\t\t\t\t\t<div class=\"e-gallery-image elementor-gallery-item__image\" data-thumbnail=\"https:\/\/sarmirsteel.sk\/wp-content\/uploads\/2024\/06\/hlinikove-brany-bratislava-300x225.jpg\" data-width=\"300\" data-height=\"225\" aria-label=\"hlinikove brany bratislava\" role=\"img\" ><\/div>\n\t\t\t\t\t\t\t\t\t\t\t<div class=\"elementor-gallery-item__overlay\"><\/div>\n\t\t\t\t\t\t\t\t\t\t\t\t\t\t<\/a>\n\t\t\t\t\t<\/div>\n\t\t\t<\/div>\n\t\t\t\t<\/div>\n\t\t\t\t<div class=\"elementor-element elementor-element-c6052ad elementor-widget elementor-widget-text-editor\" data-id=\"c6052ad\" data-element_type=\"widget\" data-widget_type=\"text-editor.default\">\n\t\t\t\t<div class=\"elementor-widget-container\">\n\t\t\t\t\t\t\t<div class=\"elementor-element elementor-element-4c5f9c2a elementor-widget elementor-widget-gallery\" data-id=\"4c5f9c2a\" data-element_type=\"widget\" data-settings=\"{&quot;lazyload&quot;:&quot;yes&quot;,&quot;gallery_layout&quot;:&quot;grid&quot;,&quot;columns&quot;:4,&quot;columns_tablet&quot;:2,&quot;columns_mobile&quot;:1,&quot;gap&quot;:{&quot;unit&quot;:&quot;px&quot;,&quot;size&quot;:10,&quot;sizes&quot;:[]},&quot;gap_tablet&quot;:{&quot;unit&quot;:&quot;px&quot;,&quot;size&quot;:10,&quot;sizes&quot;:[]},&quot;gap_mobile&quot;:{&quot;unit&quot;:&quot;px&quot;,&quot;size&quot;:10,&quot;sizes&quot;:[]},&quot;link_to&quot;:&quot;file&quot;,&quot;aspect_ratio&quot;:&quot;3:2&quot;,&quot;overlay_background&quot;:&quot;yes&quot;,&quot;content_hover_animation&quot;:&quot;fade-in&quot;}\" data-widget_type=\"gallery.default\"><div class=\"elementor-widget-container\"><div class=\"elementor-gallery__container e-gallery-container e-gallery-grid e-gallery--ltr e-gallery--lazyload\"><div class=\"elementor-gallery-item__overlay\">Viac fotiek realiz\u00e1ci\u00ed hlin\u00edkov\u00fdch br\u00e1n v Senci a okol\u00ed n\u00e1jdete na na\u0161om <a href=\"https:\/\/www.facebook.com\/sarmirsteel.sk\">Facebook \u00fa\u010dte<\/a>.<\/div><\/div><\/div><\/div>\t\t\t\t\t\t<\/div>\n\t\t\t\t<\/div>\n\t\t\t\t\t<\/div>\n\t\t<\/div>\n\t\t\t\t\t<\/div>\n\t\t<\/section>\n\t\t\t\t<\/div>","protected":false},"excerpt":{"rendered":"<p>Hlin\u00edkov\u00e9 br\u00e1ny Senec a okolie Elegancia a trv\u00e1cnos\u0165 pre v\u00e1\u0161 domov Hlin\u00edkov\u00e9 br\u00e1ny Senec a okolie\u00a0s\u00fa perfektn\u00fdm rie\u0161en\u00edm pre t\u00fdch, ktor\u00ed h\u013eadaj\u00fa modern\u00e9, odoln\u00e9 a esteticky pr\u00edjemn\u00e9 rie\u0161enie pre svoj domov alebo podnik. Na\u0161a spolo\u010dnos\u0165 pon\u00faka \u0161irok\u00fd v\u00fdber hlin\u00edkov\u00fdch br\u00e1n, ktor\u00e9 sp\u00e1jaj\u00fa \u0161t\u00fdl, kvalitu a spo\u013eahlivos\u0165. V\u00fdhody hlin\u00edkov\u00fdch br\u00e1n Odolnos\u0165 Hlin\u00edkov\u00e9 br\u00e1ny s\u00fa zn\u00e1me svojou [&hellip;]<\/p>","protected":false},"author":3,"featured_media":2073,"parent":0,"menu_order":0,"comment_status":"closed","ping_status":"closed","template":"","meta":{"footnotes":""},"class_list":["post-2067","page","type-page","status-publish","has-post-thumbnail","hentry"],"_links":{"self":[{"href":"https:\/\/sarmirsteel.sk\/cz\/wp-json\/wp\/v2\/pages\/2067","targetHints":{"allow":["GET"]}}],"collection":[{"href":"https:\/\/sarmirsteel.sk\/cz\/wp-json\/wp\/v2\/pages"}],"about":[{"href":"https:\/\/sarmirsteel.sk\/cz\/wp-json\/wp\/v2\/types\/page"}],"author":[{"embeddable":true,"href":"https:\/\/sarmirsteel.sk\/cz\/wp-json\/wp\/v2\/users\/3"}],"replies":[{"embeddable":true,"href":"https:\/\/sarmirsteel.sk\/cz\/wp-json\/wp\/v2\/comments?post=2067"}],"version-history":[{"count":0,"href":"https:\/\/sarmirsteel.sk\/cz\/wp-json\/wp\/v2\/pages\/2067\/revisions"}],"wp:featuredmedia":[{"embeddable":true,"href":"https:\/\/sarmirsteel.sk\/cz\/wp-json\/wp\/v2\/media\/2073"}],"wp:attachment":[{"href":"https:\/\/sarmirsteel.sk\/cz\/wp-json\/wp\/v2\/media?parent=2067"}],"curies":[{"name":"wp","href":"https:\/\/api.w.org\/{rel}","templated":true}]}}