{"id":1796,"date":"2024-06-27T13:01:35","date_gmt":"2024-06-27T11:01:35","guid":{"rendered":"https:\/\/sarmirsteel.sk\/?page_id=1796"},"modified":"2024-06-27T13:03:43","modified_gmt":"2024-06-27T11:03:43","slug":"posuvne-brany-sered","status":"publish","type":"page","link":"https:\/\/sarmirsteel.sk\/cz\/posuvne-brany-sered\/","title":{"rendered":"Posuvn\u00e9 br\u00e1ny Sere\u010f"},"content":{"rendered":"<div data-elementor-type=\"wp-page\" data-elementor-id=\"1796\" class=\"elementor elementor-1796\" data-elementor-post-type=\"page\">\n\t\t\t\t\t\t<section class=\"elementor-section elementor-top-section elementor-element elementor-element-357dbef6 elementor-section-height-min-height elementor-section-boxed elementor-section-height-default elementor-section-items-middle\" data-id=\"357dbef6\" data-element_type=\"section\" data-settings=\"{&quot;background_background&quot;:&quot;classic&quot;}\">\n\t\t\t\t\t\t<div class=\"elementor-container elementor-column-gap-default\">\n\t\t\t\t\t<div class=\"elementor-column elementor-col-100 elementor-top-column elementor-element elementor-element-14d97f01\" data-id=\"14d97f01\" data-element_type=\"column\">\n\t\t\t<div class=\"elementor-widget-wrap elementor-element-populated\">\n\t\t\t\t\t\t<div class=\"elementor-element elementor-element-7f7feeb3 elementor-widget elementor-widget-heading\" data-id=\"7f7feeb3\" data-element_type=\"widget\" data-widget_type=\"heading.default\">\n\t\t\t\t<div class=\"elementor-widget-container\">\n\t\t\t<h1 class=\"elementor-heading-title elementor-size-default\">Posuvn\u00e9 br\u00e1ny Sere\u010f<\/h1>\t\t<\/div>\n\t\t\t\t<\/div>\n\t\t\t\t\t<\/div>\n\t\t<\/div>\n\t\t\t\t\t<\/div>\n\t\t<\/section>\n\t\t\t\t<section class=\"elementor-section elementor-top-section elementor-element elementor-element-3f2d9f1 elementor-section-content-middle elementor-section-boxed elementor-section-height-default elementor-section-height-default\" data-id=\"3f2d9f1\" data-element_type=\"section\" id=\"sluzby\" data-settings=\"{&quot;background_background&quot;:&quot;classic&quot;}\">\n\t\t\t\t\t\t<div class=\"elementor-container elementor-column-gap-no\">\n\t\t\t\t\t<div class=\"elementor-column elementor-col-100 elementor-top-column elementor-element elementor-element-3f6b4ff8\" data-id=\"3f6b4ff8\" data-element_type=\"column\">\n\t\t\t<div class=\"elementor-widget-wrap elementor-element-populated\">\n\t\t\t\t\t\t<section class=\"elementor-section elementor-inner-section elementor-element elementor-element-75fc5c92 elementor-section-boxed elementor-section-height-default elementor-section-height-default\" data-id=\"75fc5c92\" data-element_type=\"section\">\n\t\t\t\t\t\t<div class=\"elementor-container elementor-column-gap-default\">\n\t\t\t\t\t<div class=\"elementor-column elementor-col-100 elementor-inner-column elementor-element elementor-element-dbf4746\" data-id=\"dbf4746\" data-element_type=\"column\">\n\t\t\t<div class=\"elementor-widget-wrap elementor-element-populated\">\n\t\t\t\t\t\t<div class=\"elementor-element elementor-element-10eab492 elementor-widget elementor-widget-heading\" data-id=\"10eab492\" data-element_type=\"widget\" data-widget_type=\"heading.default\">\n\t\t\t\t<div class=\"elementor-widget-container\">\n\t\t\t<h2 class=\"elementor-heading-title elementor-size-default\">Bezpe\u010dn\u00e9 a \u0161t\u00fdlov\u00e9 rie\u0161enie pre v\u00e1\u0161 domov<\/h2>\t\t<\/div>\n\t\t\t\t<\/div>\n\t\t\t\t<div class=\"elementor-element elementor-element-26fae712 elementor-widget elementor-widget-text-editor\" data-id=\"26fae712\" data-element_type=\"widget\" data-widget_type=\"text-editor.default\">\n\t\t\t\t<div class=\"elementor-widget-container\">\n\t\t\t\t\t\t\t<p><strong>Posuvn\u00ed br\u00e1ny<\/strong> s\u00fa ide\u00e1lnym rie\u0161en\u00edm pre t\u00fdch, ktor\u00ed h\u013eadaj\u00fa kombin\u00e1ciu bezpe\u010dnosti, funk\u010dnosti a estetick\u00e9ho vzh\u013eadu. Na\u0161a spolo\u010dnos\u0165 v\u00e1m pon\u00faka \u0161irok\u00fa \u0161k\u00e1lu posuvn\u00fdch br\u00e1n, ktor\u00e9 s\u00fa navrhnut\u00e9 tak, aby splnili v\u0161etky va\u0161e po\u017eiadavky.<\/p><div class=\"flex flex-grow flex-col max-w-full\"><div class=\"min-h-[20px] text-message flex flex-col items-start whitespace-pre-wrap break-words [.text-message+&amp;]:mt-5 juice:w-full juice:items-end overflow-x-auto gap-2\" dir=\"auto\" data-message-author-role=\"assistant\" data-message-id=\"6dfc2ccb-f3fb-49a0-a853-cc44ef7d0aac\"><div class=\"flex w-full flex-col gap-1 juice:empty:hidden juice:first:pt-[3px]\"><div class=\"markdown prose w-full break-words dark:prose-invert light\"><div class=\"flex flex-grow flex-col max-w-full\"><div class=\"min-h-[20px] text-message flex flex-col items-start whitespace-pre-wrap break-words [.text-message+&amp;]:mt-5 juice:w-full juice:items-end overflow-x-auto gap-2\" dir=\"auto\" data-message-author-role=\"assistant\" data-message-id=\"ac545a05-cfab-4fc7-b47c-f649e229f3ff\"><div class=\"flex w-full flex-col gap-1 juice:empty:hidden juice:first:pt-[3px]\"><div class=\"markdown prose w-full break-words dark:prose-invert light\"><p>Rozli\u0161ujeme viacero typov posuvn\u00fdch br\u00e1n, medzi ktor\u00e9 patria z\u00e1vesn\u00e9 posuvn\u00e9 br\u00e1ny, samonosn\u00e9 posuvn\u00e9 br\u00e1ny a posuvn\u00e9 br\u00e1ny na ko\u013eajnici. V\u0161etky z t\u00fdchto typov br\u00e1n sa otv\u00e1raj\u00fa do strany pozd\u013a\u017e plotu, \u010do umo\u017e\u0148uje efekt\u00edvne vyu\u017eitie priestoru pred aj za br\u00e1nou. T\u00fdm v\u00e1m zabezpe\u010dia aj plynul\u00fd pohyb bez potreby vyhradenia miesta pre otv\u00e1ranie tradi\u010dn\u00fdch dvojkr\u00eddlov\u00fdch br\u00e1n.<\/p><p>Posuvn\u00fa br\u00e1nu je mo\u017en\u00e9 otv\u00e1ra\u0165 ru\u010dne alebo pomocou motora. Posuvn\u00e9 br\u00e1ny vyr\u00e1bame na mieru pod\u013ea po\u017eiadaviek z\u00e1kazn\u00edka. Vyroben\u00e9 s\u00fa z vysoko kvalitn\u00fdch materi\u00e1lov a sp\u013a\u0148aj\u00fa n\u00e1ro\u010dn\u00e9 \u0161tandardy pre \u010dast\u00e9 pou\u017e\u00edvanie.<\/p><\/div><\/div><\/div><\/div><\/div><\/div><\/div><\/div>\t\t\t\t\t\t<\/div>\n\t\t\t\t<\/div>\n\t\t\t\t<div class=\"elementor-element elementor-element-451f6e65 elementor-widget elementor-widget-heading\" data-id=\"451f6e65\" data-element_type=\"widget\" data-widget_type=\"heading.default\">\n\t\t\t\t<div class=\"elementor-widget-container\">\n\t\t\t<h2 class=\"elementor-heading-title elementor-size-default\">V\u00fdhody posuvn\u00fdch br\u00e1n<\/h2>\t\t<\/div>\n\t\t\t\t<\/div>\n\t\t\t\t<div class=\"elementor-element elementor-element-32a20c07 elementor-widget elementor-widget-text-editor\" data-id=\"32a20c07\" data-element_type=\"widget\" data-widget_type=\"text-editor.default\">\n\t\t\t\t<div class=\"elementor-widget-container\">\n\t\t\t\t\t\t\t<ul><li class=\"article_title align-center\"><strong>\u00daspora miesta<\/strong><\/li><\/ul><div class=\"article_indents\"><p class=\"article_indent align-center\">Posuvn\u00e9 br\u00e1ny sa pohybuj\u00fa pozd\u013a\u017e oplotenia, \u010do znamen\u00e1, \u017ee nepotrebuj\u00fa dodato\u010dn\u00fd priestor na otv\u00e1ranie ako tradi\u010dn\u00e9 kr\u00eddlov\u00e9 br\u00e1ny.<\/p><ul><li class=\"article_title align-center\"><strong>Jednoduch\u00e1 obsluha<\/strong><\/li><\/ul><div class=\"article_indents\"><p class=\"article_indent align-center\">Modern\u00e9 posuvn\u00e9 br\u00e1ny s\u00fa vybaven\u00e9 automatick\u00fdmi pohonmi, ktor\u00e9 umo\u017e\u0148uj\u00fa jednoduch\u00e9 a pohodln\u00e9 ovl\u00e1danie pomocou dia\u013ekov\u00e9ho ovl\u00e1da\u010da.<\/p><ul><li class=\"article_title align-center\"><strong>Bezpe\u010dnos\u0165<\/strong><\/li><\/ul><div class=\"article_indents\"><p class=\"article_indent align-center\">V\u010faka robustnej kon\u0161trukcii a kvalitn\u00fdm materi\u00e1lom poskytuj\u00fa posuvn\u00e9 br\u00e1ny vysok\u00fa \u00farove\u0148 ochrany pred neopr\u00e1vnen\u00fdm vstupom.<\/p><ul><li class=\"article_title align-center\"><strong>Estetika<\/strong><\/li><\/ul><div class=\"article_indents\"><p class=\"article_indent align-center\">Na\u0161e posuvn\u00e9 br\u00e1ny s\u00fa dostupn\u00e9 v r\u00f4znych dizajnoch a farb\u00e1ch, \u010do umo\u017e\u0148uje ich prisp\u00f4sobenie \u0161t\u00fdlu v\u00e1\u0161ho domu a okolia.<\/p><div class=\"content_section position-1\"><article id=\"Article_idm139968259295648-15\"><div class=\"Article notab_br decoration-none\"><div class=\"article_indents\">\u00a0<\/div><\/div><\/article><\/div><\/div><\/div><\/div><\/div>\t\t\t\t\t\t<\/div>\n\t\t\t\t<\/div>\n\t\t\t\t<div class=\"elementor-element elementor-element-2ed6b374 elementor-widget elementor-widget-heading\" data-id=\"2ed6b374\" data-element_type=\"widget\" data-widget_type=\"heading.default\">\n\t\t\t\t<div class=\"elementor-widget-container\">\n\t\t\t<h2 class=\"elementor-heading-title elementor-size-default\">Technick\u00e9 vlastnosti - posuvn\u00e9 br\u00e1ny Sere\u010f<\/h2>\t\t<\/div>\n\t\t\t\t<\/div>\n\t\t\t\t<div class=\"elementor-element elementor-element-1fe6697c elementor-widget elementor-widget-text-editor\" data-id=\"1fe6697c\" data-element_type=\"widget\" data-widget_type=\"text-editor.default\">\n\t\t\t\t<div class=\"elementor-widget-container\">\n\t\t\t\t\t\t\t<p>Na\u0161e posuvn\u00e9 br\u00e1ny s\u00fa vyroben\u00e9 z kvalitn\u00fdch materi\u00e1lov, ktor\u00e9 zaru\u010duj\u00fa dlh\u00fa \u017eivotnos\u0165 a odolnos\u0165 vo\u010di poveternostn\u00fdm vplyvom. Pon\u00fakame mo\u017enos\u0165 v\u00fdberu z r\u00f4znych typov povrchov\u00fdch \u00faprav a farebn\u00fdch preveden\u00ed, ktor\u00e9 zabezpe\u010dia, \u017ee va\u0161a br\u00e1na bude nielen funk\u010dn\u00e1, ale aj esteticky pr\u00ed\u0165a\u017eliv\u00e1.<\/p>\t\t\t\t\t\t<\/div>\n\t\t\t\t<\/div>\n\t\t\t\t<div class=\"elementor-element elementor-element-297839cf elementor-widget elementor-widget-heading\" data-id=\"297839cf\" data-element_type=\"widget\" data-widget_type=\"heading.default\">\n\t\t\t\t<div class=\"elementor-widget-container\">\n\t\t\t<h2 class=\"elementor-heading-title elementor-size-default\">Posuvn\u00e9 br\u00e1ny Sere\u010f - mont\u00e1\u017e a servis <\/h2>\t\t<\/div>\n\t\t\t\t<\/div>\n\t\t\t\t<div class=\"elementor-element elementor-element-42a8cd7c elementor-widget elementor-widget-text-editor\" data-id=\"42a8cd7c\" data-element_type=\"widget\" data-widget_type=\"text-editor.default\">\n\t\t\t\t<div class=\"elementor-widget-container\">\n\t\t\t\t\t\t\t<p>S\u00fa\u010das\u0165ou na\u0161ej ponuky je aj profesion\u00e1lna mont\u00e1\u017e a servis posuvn\u00fdch br\u00e1n v Seredi a okol\u00ed. Na\u0161i sk\u00fasen\u00ed technici zabezpe\u010dia r\u00fdchlu a spo\u013eahliv\u00fa in\u0161tal\u00e1ciu, ako aj pravideln\u00fa \u00fadr\u017ebu a opravy pod\u013ea potreby. Zaru\u010dujeme, \u017ee va\u0161e br\u00e1ny bud\u00fa v\u017edy v perfektnom stave.<\/p>\t\t\t\t\t\t<\/div>\n\t\t\t\t<\/div>\n\t\t\t\t<div class=\"elementor-element elementor-element-4066585b elementor-widget elementor-widget-heading\" data-id=\"4066585b\" data-element_type=\"widget\" data-widget_type=\"heading.default\">\n\t\t\t\t<div class=\"elementor-widget-container\">\n\t\t\t<h2 class=\"elementor-heading-title elementor-size-default\">Pre\u010do si vybra\u0165 n\u00e1s?<\/h2>\t\t<\/div>\n\t\t\t\t<\/div>\n\t\t\t\t<div class=\"elementor-element elementor-element-e05d2cc elementor-widget elementor-widget-text-editor\" data-id=\"e05d2cc\" data-element_type=\"widget\" data-widget_type=\"text-editor.default\">\n\t\t\t\t<div class=\"elementor-widget-container\">\n\t\t\t\t\t\t\t<ul><li class=\"article_title align-center\"><strong>Kvalita<\/strong><\/li><\/ul><div class=\"article_indents\"><p class=\"article_indent align-center\">\u0160arm\u00edr Steel je z\u00e1rukou toho, \u017ee va\u0161a br\u00e1na bude odoln\u00e1, vysokokvalitn\u00e1 a spo\u013eahliv\u00e1.<\/p><ul><li class=\"article_title align-center\"><strong>Sk\u00fasenosti<\/strong><\/li><\/ul><div class=\"article_indents\"><p class=\"article_indent align-center\">M\u00e1me bohat\u00e9 sk\u00fasenosti v oblasti v\u00fdroby posuvn\u00fdch br\u00e1n a aj ich in\u0161tal\u00e1cie.\u00a0<\/p><ul><li class=\"article_title align-center\"><strong>Z\u00e1kazn\u00edcky servis<\/strong><\/li><\/ul><div class=\"article_indents\"><p class=\"article_indent align-center\">N\u00e1\u0161 t\u00edm je pripraven\u00fd odpoveda\u0165 na v\u0161etky va\u0161e ot\u00e1zky a poskytn\u00fa\u0165 v\u00e1m odborn\u00e9 poradenstvo.<\/p><ul><li class=\"article_title align-center\"><strong>Cenov\u00e1 dostupnos\u0165<\/strong><\/li><\/ul><div class=\"article_indents\"><p class=\"article_indent align-center\">Poskytujeme kvalitn\u00e9 produkty za konkurencieschopn\u00e9 ceny.<\/p><\/div><p>Ak m\u00e1te z\u00e1ujem o na\u0161e posuvn\u00e9 br\u00e1ny Sere\u010f a okolie alebo potrebujete viac inform\u00e1ci\u00ed, nev\u00e1hajte n\u00e1s kontaktova\u0165. Radi v\u00e1m pom\u00f4\u017eeme s v\u00fdberom ide\u00e1lneho rie\u0161enia pre v\u00e1\u0161 domov.<\/p><div class=\"article_indents\"><div class=\"content_section position-1\"><article id=\"Article_idm139968259295648-15\"><div class=\"Article notab_br decoration-none\"><div class=\"article_indents\">\u00a0<\/div><\/div><\/article><\/div><\/div><\/div><\/div><\/div>\t\t\t\t\t\t<\/div>\n\t\t\t\t<\/div>\n\t\t\t\t\t<\/div>\n\t\t<\/div>\n\t\t\t\t\t<\/div>\n\t\t<\/section>\n\t\t\t\t\t<\/div>\n\t\t<\/div>\n\t\t\t\t\t<\/div>\n\t\t<\/section>\n\t\t\t\t<section class=\"elementor-section elementor-top-section elementor-element elementor-element-6f635898 elementor-section-boxed elementor-section-height-default elementor-section-height-default\" data-id=\"6f635898\" data-element_type=\"section\">\n\t\t\t\t\t\t<div class=\"elementor-container elementor-column-gap-default\">\n\t\t\t\t\t<div class=\"elementor-column elementor-col-100 elementor-top-column elementor-element elementor-element-5ebd0c7b\" data-id=\"5ebd0c7b\" data-element_type=\"column\">\n\t\t\t<div class=\"elementor-widget-wrap elementor-element-populated\">\n\t\t\t\t\t\t<div class=\"elementor-element elementor-element-707dc2d0 elementor-widget elementor-widget-heading\" data-id=\"707dc2d0\" data-element_type=\"widget\" data-widget_type=\"heading.default\">\n\t\t\t\t<div class=\"elementor-widget-container\">\n\t\t\t<h2 class=\"elementor-heading-title elementor-size-default\">Posuvn\u00e9 br\u00e1ny v Seredi z na\u0161ej v\u00fdroby<\/h2>\t\t<\/div>\n\t\t\t\t<\/div>\n\t\t\t\t<div class=\"elementor-element elementor-element-36c79e3c elementor-widget elementor-widget-gallery\" data-id=\"36c79e3c\" data-element_type=\"widget\" data-settings=\"{&quot;lazyload&quot;:&quot;yes&quot;,&quot;gallery_layout&quot;:&quot;grid&quot;,&quot;columns&quot;:4,&quot;columns_tablet&quot;:2,&quot;columns_mobile&quot;:1,&quot;gap&quot;:{&quot;unit&quot;:&quot;px&quot;,&quot;size&quot;:10,&quot;sizes&quot;:[]},&quot;gap_tablet&quot;:{&quot;unit&quot;:&quot;px&quot;,&quot;size&quot;:10,&quot;sizes&quot;:[]},&quot;gap_mobile&quot;:{&quot;unit&quot;:&quot;px&quot;,&quot;size&quot;:10,&quot;sizes&quot;:[]},&quot;link_to&quot;:&quot;file&quot;,&quot;aspect_ratio&quot;:&quot;3:2&quot;,&quot;overlay_background&quot;:&quot;yes&quot;,&quot;content_hover_animation&quot;:&quot;fade-in&quot;}\" data-widget_type=\"gallery.default\">\n\t\t\t\t<div class=\"elementor-widget-container\">\n\t\t\t\t\t<div class=\"elementor-gallery__container\">\n\t\t\t\t\t\t\t<a class=\"e-gallery-item elementor-gallery-item elementor-animated-content\" href=\"https:\/\/sarmirsteel.sk\/wp-content\/uploads\/2024\/06\/posuvne-brany-sered.jpg\" data-elementor-open-lightbox=\"yes\" data-elementor-lightbox-slideshow=\"36c79e3c\" data-elementor-lightbox-title=\"posuvne brany sered\" data-e-action-hash=\"#elementor-action%3Aaction%3Dlightbox%26settings%3DeyJpZCI6MTgwMSwidXJsIjoiaHR0cHM6XC9cL3Nhcm1pcnN0ZWVsLnNrXC93cC1jb250ZW50XC91cGxvYWRzXC8yMDI0XC8wNlwvcG9zdXZuZS1icmFueS1zZXJlZC5qcGciLCJzbGlkZXNob3ciOiIzNmM3OWUzYyJ9\">\n\t\t\t\t\t<div class=\"e-gallery-image elementor-gallery-item__image\" data-thumbnail=\"https:\/\/sarmirsteel.sk\/wp-content\/uploads\/2024\/06\/posuvne-brany-sered-300x225.jpg\" data-width=\"300\" data-height=\"225\" aria-label=\"posuvne brany sered\" role=\"img\" ><\/div>\n\t\t\t\t\t\t\t\t\t\t\t<div class=\"elementor-gallery-item__overlay\"><\/div>\n\t\t\t\t\t\t\t\t\t\t\t\t\t\t<\/a>\n\t\t\t\t\t<\/div>\n\t\t\t<\/div>\n\t\t\t\t<\/div>\n\t\t\t\t<div class=\"elementor-element elementor-element-dd2b16d elementor-widget elementor-widget-text-editor\" data-id=\"dd2b16d\" data-element_type=\"widget\" data-widget_type=\"text-editor.default\">\n\t\t\t\t<div class=\"elementor-widget-container\">\n\t\t\t\t\t\t\t<p>Viac fotiek realiz\u00e1ci\u00ed posuvn\u00fdch br\u00e1n v Seredi a okol\u00ed n\u00e1jdete na na\u0161om <a href=\"https:\/\/www.facebook.com\/sarmirsteel.sk\">Facebook \u00fa\u010dte<\/a>.<\/p>\t\t\t\t\t\t<\/div>\n\t\t\t\t<\/div>\n\t\t\t\t\t<\/div>\n\t\t<\/div>\n\t\t\t\t\t<\/div>\n\t\t<\/section>\n\t\t\t\t<\/div>","protected":false},"excerpt":{"rendered":"<p>Posuvn\u00e9 br\u00e1ny Sere\u010f Bezpe\u010dn\u00e9 a \u0161t\u00fdlov\u00e9 rie\u0161enie pre v\u00e1\u0161 domov Posuvn\u00e9 br\u00e1ny s\u00fa ide\u00e1lnym rie\u0161en\u00edm pre t\u00fdch, ktor\u00ed h\u013eadaj\u00fa kombin\u00e1ciu bezpe\u010dnosti, funk\u010dnosti a estetick\u00e9ho vzh\u013eadu. Na\u0161a spolo\u010dnos\u0165 v\u00e1m pon\u00faka \u0161irok\u00fa \u0161k\u00e1lu posuvn\u00fdch br\u00e1n, ktor\u00e9 s\u00fa navrhnut\u00e9 tak, aby splnili v\u0161etky va\u0161e po\u017eiadavky. Rozli\u0161ujeme viacero typov posuvn\u00fdch br\u00e1n, medzi ktor\u00e9 patria z\u00e1vesn\u00e9 posuvn\u00e9 br\u00e1ny, samonosn\u00e9 posuvn\u00e9 [&hellip;]<\/p>","protected":false},"author":3,"featured_media":1801,"parent":0,"menu_order":0,"comment_status":"closed","ping_status":"closed","template":"","meta":{"footnotes":""},"class_list":["post-1796","page","type-page","status-publish","has-post-thumbnail","hentry"],"_links":{"self":[{"href":"https:\/\/sarmirsteel.sk\/cz\/wp-json\/wp\/v2\/pages\/1796","targetHints":{"allow":["GET"]}}],"collection":[{"href":"https:\/\/sarmirsteel.sk\/cz\/wp-json\/wp\/v2\/pages"}],"about":[{"href":"https:\/\/sarmirsteel.sk\/cz\/wp-json\/wp\/v2\/types\/page"}],"author":[{"embeddable":true,"href":"https:\/\/sarmirsteel.sk\/cz\/wp-json\/wp\/v2\/users\/3"}],"replies":[{"embeddable":true,"href":"https:\/\/sarmirsteel.sk\/cz\/wp-json\/wp\/v2\/comments?post=1796"}],"version-history":[{"count":0,"href":"https:\/\/sarmirsteel.sk\/cz\/wp-json\/wp\/v2\/pages\/1796\/revisions"}],"wp:featuredmedia":[{"embeddable":true,"href":"https:\/\/sarmirsteel.sk\/cz\/wp-json\/wp\/v2\/media\/1801"}],"wp:attachment":[{"href":"https:\/\/sarmirsteel.sk\/cz\/wp-json\/wp\/v2\/media?parent=1796"}],"curies":[{"name":"wp","href":"https:\/\/api.w.org\/{rel}","templated":true}]}}