{"id":1679,"date":"2024-06-24T13:38:10","date_gmt":"2024-06-24T11:38:10","guid":{"rendered":"https:\/\/sarmirsteel.sk\/?page_id=1679"},"modified":"2024-06-24T15:42:27","modified_gmt":"2024-06-24T13:42:27","slug":"montaz-pohonu-kridlovej-brany-bratislava","status":"publish","type":"page","link":"https:\/\/sarmirsteel.sk\/cz\/montaz-pohonu-kridlovej-brany-bratislava\/","title":{"rendered":"Mont\u00e1\u017e pohonu kr\u00eddlovej br\u00e1ny Bratislava"},"content":{"rendered":"<div data-elementor-type=\"wp-page\" data-elementor-id=\"1679\" class=\"elementor elementor-1679\" data-elementor-post-type=\"page\">\n\t\t\t\t\t\t<section class=\"elementor-section elementor-top-section elementor-element elementor-element-3e73e5cc elementor-section-height-min-height elementor-section-boxed elementor-section-height-default elementor-section-items-middle\" data-id=\"3e73e5cc\" data-element_type=\"section\" data-settings=\"{&quot;background_background&quot;:&quot;classic&quot;}\">\n\t\t\t\t\t\t<div class=\"elementor-container elementor-column-gap-default\">\n\t\t\t\t\t<div class=\"elementor-column elementor-col-100 elementor-top-column elementor-element elementor-element-30bde837\" data-id=\"30bde837\" data-element_type=\"column\">\n\t\t\t<div class=\"elementor-widget-wrap elementor-element-populated\">\n\t\t\t\t\t\t<div class=\"elementor-element elementor-element-3fd4668f elementor-widget elementor-widget-heading\" data-id=\"3fd4668f\" data-element_type=\"widget\" data-widget_type=\"heading.default\">\n\t\t\t\t<div class=\"elementor-widget-container\">\n\t\t\t<h1 class=\"elementor-heading-title elementor-size-default\">Mont\u00e1\u017e pohonu kr\u00eddlovej br\u00e1ny Bratislava\n<\/h1>\t\t<\/div>\n\t\t\t\t<\/div>\n\t\t\t\t\t<\/div>\n\t\t<\/div>\n\t\t\t\t\t<\/div>\n\t\t<\/section>\n\t\t\t\t<section class=\"elementor-section elementor-top-section elementor-element elementor-element-6bbbdf0f elementor-section-content-middle elementor-section-boxed elementor-section-height-default elementor-section-height-default\" data-id=\"6bbbdf0f\" data-element_type=\"section\" id=\"sluzby\" data-settings=\"{&quot;background_background&quot;:&quot;classic&quot;}\">\n\t\t\t\t\t\t<div class=\"elementor-container elementor-column-gap-no\">\n\t\t\t\t\t<div class=\"elementor-column elementor-col-100 elementor-top-column elementor-element elementor-element-1c61c621\" data-id=\"1c61c621\" data-element_type=\"column\">\n\t\t\t<div class=\"elementor-widget-wrap elementor-element-populated\">\n\t\t\t\t\t\t<section class=\"elementor-section elementor-inner-section elementor-element elementor-element-2b8c4ec2 elementor-section-boxed elementor-section-height-default elementor-section-height-default\" data-id=\"2b8c4ec2\" data-element_type=\"section\">\n\t\t\t\t\t\t<div class=\"elementor-container elementor-column-gap-default\">\n\t\t\t\t\t<div class=\"elementor-column elementor-col-100 elementor-inner-column elementor-element elementor-element-7abb7d0c\" data-id=\"7abb7d0c\" data-element_type=\"column\">\n\t\t\t<div class=\"elementor-widget-wrap elementor-element-populated\">\n\t\t\t\t\t\t<div class=\"elementor-element elementor-element-2cb19a91 elementor-widget elementor-widget-heading\" data-id=\"2cb19a91\" data-element_type=\"widget\" data-widget_type=\"heading.default\">\n\t\t\t\t<div class=\"elementor-widget-container\">\n\t\t\t<h2 class=\"elementor-heading-title elementor-size-default\">Profesion\u00e1lna in\u0161tal\u00e1cia pre v\u00e1\u0161 komfort a bezpe\u010dnos\u0165<\/h2>\t\t<\/div>\n\t\t\t\t<\/div>\n\t\t\t\t<div class=\"elementor-element elementor-element-96756a8 elementor-widget elementor-widget-text-editor\" data-id=\"96756a8\" data-element_type=\"widget\" data-widget_type=\"text-editor.default\">\n\t\t\t\t<div class=\"elementor-widget-container\">\n\t\t\t\t\t\t\t<p><strong>Mont\u00e1\u017e pohonu kr\u00eddlovej br\u00e1ny Bratislava<\/strong> je ide\u00e1lnym rie\u0161en\u00edm pre zv\u00fd\u0161enie pohodlia a bezpe\u010dnosti v\u00e1\u0161ho domova \u010di firmy. Na\u0161a spolo\u010dnos\u0165 pon\u00faka odborn\u00e9 slu\u017eby in\u0161tal\u00e1cie pohonov pre kr\u00eddlov\u00e9 br\u00e1ny, \u010d\u00edm zabezpe\u010dujeme ich spo\u013eahliv\u00fa a efekt\u00edvnu prev\u00e1dzku.<\/p>\t\t\t\t\t\t<\/div>\n\t\t\t\t<\/div>\n\t\t\t\t<div class=\"elementor-element elementor-element-2c021c44 elementor-widget elementor-widget-heading\" data-id=\"2c021c44\" data-element_type=\"widget\" data-widget_type=\"heading.default\">\n\t\t\t\t<div class=\"elementor-widget-container\">\n\t\t\t<h2 class=\"elementor-heading-title elementor-size-default\">Na\u0161e slu\u017eby mont\u00e1\u017ee pohonu kr\u00eddlovej br\u00e1ny<\/h2>\t\t<\/div>\n\t\t\t\t<\/div>\n\t\t\t\t<div class=\"elementor-element elementor-element-3dd7d71 elementor-widget elementor-widget-text-editor\" data-id=\"3dd7d71\" data-element_type=\"widget\" data-widget_type=\"text-editor.default\">\n\t\t\t\t<div class=\"elementor-widget-container\">\n\t\t\t\t\t\t\t<ul><li class=\"article_title align-center\"><strong>Konzult\u00e1cia a v\u00fdber pohonu<\/strong><\/li><\/ul><div class=\"article_indents\"><p class=\"article_indent align-center\">Poskytujeme odborn\u00e9 poradenstvo pri v\u00fdbere spr\u00e1vneho pohonu pre va\u0161u kr\u00eddlov\u00fa br\u00e1nu, zoh\u013ead\u0148uj\u00fac va\u0161e potreby a po\u017eiadavky.<\/p><ul><li class=\"article_title align-center\"><strong>Profesion\u00e1lna in\u0161tal\u00e1cia<\/strong><\/li><\/ul><div class=\"article_indents\"><p class=\"article_indent align-center\">Na\u0161i sk\u00fasen\u00ed technici vykonaj\u00fa mont\u00e1\u017e pohonu kr\u00eddlovej br\u00e1ny s d\u00f4razom na kvalitu a bezpe\u010dnos\u0165.<\/p><ul><li class=\"article_title align-center\"><strong>Nastavenie a testovanie<\/strong><\/li><\/ul><div class=\"article_indents\"><p class=\"article_indent align-center\">Po in\u0161tal\u00e1cii zabezpe\u010d\u00edme spr\u00e1vne nastavenie a testovanie pohonu, aby sme garantovali jeho bezprobl\u00e9mov\u00fa prev\u00e1dzku.<\/p><ul><li class=\"article_title align-center\"><strong>\u00dadr\u017eba a z\u00e1ruka<\/strong><\/li><\/ul><div class=\"article_indents\"><p class=\"article_indent align-center\">Pon\u00fakame pravideln\u00fa \u00fadr\u017ebu a servis pohonov, aby va\u0161a kr\u00eddlov\u00e1 br\u00e1na fungovala spo\u013eahlivo aj po rokoch pou\u017e\u00edvania.<\/p><div class=\"content_section position-1\"><article id=\"Article_idm139968259295648-15\"><div class=\"Article notab_br decoration-none\"><div class=\"article_indents\">\u00a0<\/div><\/div><\/article><\/div><\/div><\/div><\/div><\/div>\t\t\t\t\t\t<\/div>\n\t\t\t\t<\/div>\n\t\t\t\t<div class=\"elementor-element elementor-element-27be457f elementor-widget elementor-widget-heading\" data-id=\"27be457f\" data-element_type=\"widget\" data-widget_type=\"heading.default\">\n\t\t\t\t<div class=\"elementor-widget-container\">\n\t\t\t<h2 class=\"elementor-heading-title elementor-size-default\">Kde p\u00f4sob\u00edme?<\/h2>\t\t<\/div>\n\t\t\t\t<\/div>\n\t\t\t\t<div class=\"elementor-element elementor-element-62747c55 elementor-widget elementor-widget-text-editor\" data-id=\"62747c55\" data-element_type=\"widget\" data-widget_type=\"text-editor.default\">\n\t\t\t\t<div class=\"elementor-widget-container\">\n\t\t\t\t\t\t\t<p>Na\u0161a slu\u017eba mont\u00e1\u017ee pohonu kr\u00eddlovej br\u00e1ny je dostupn\u00e1 v Bratislave a okol\u00ed. Pokr\u00fdvame v\u0161etky mestsk\u00e9 \u010dasti Bratislavy a bl\u00edzke obce, ale aj cel\u00fd zvy\u0161ok Z\u00e1padn\u00e9ho Slovenska.<\/p>\t\t\t\t\t\t<\/div>\n\t\t\t\t<\/div>\n\t\t\t\t<div class=\"elementor-element elementor-element-5a908461 elementor-widget elementor-widget-heading\" data-id=\"5a908461\" data-element_type=\"widget\" data-widget_type=\"heading.default\">\n\t\t\t\t<div class=\"elementor-widget-container\">\n\t\t\t<h2 class=\"elementor-heading-title elementor-size-default\">Ako prebieha mont\u00e1\u017e pohonu kr\u00eddlovej br\u00e1ny?<\/h2>\t\t<\/div>\n\t\t\t\t<\/div>\n\t\t\t\t<div class=\"elementor-element elementor-element-4c49edec elementor-widget elementor-widget-text-editor\" data-id=\"4c49edec\" data-element_type=\"widget\" data-widget_type=\"text-editor.default\">\n\t\t\t\t<div class=\"elementor-widget-container\">\n\t\t\t\t\t\t\t<ol><li><strong>Pr\u00edprava:<\/strong> Pred samotnou mont\u00e1\u017eou vykon\u00e1me d\u00f4kladn\u00e9 pos\u00fadenie br\u00e1ny a priprav\u00edme v\u0161etky potrebn\u00e9 materi\u00e1ly a n\u00e1stroje.<\/li><li><strong>In\u0161tal\u00e1cia:<\/strong> Na\u0161i technici zabezpe\u010dia profesion\u00e1lnu in\u0161tal\u00e1ciu pohonu, vr\u00e1tane potrebn\u00fdch elektrick\u00fdch pripojen\u00ed a nastaven\u00ed.<\/li><li><strong>Testovanie a odovzdanie:<\/strong> Po dokon\u010den\u00ed mont\u00e1\u017ee vykon\u00e1me d\u00f4kladn\u00e9 testovanie a nastav\u00edme pohon tak, aby fungoval spo\u013eahlivo a bezpe\u010dne. N\u00e1sledne v\u00e1s za\u0161kol\u00edme v jeho pou\u017e\u00edvan\u00ed.<\/li><\/ol>\t\t\t\t\t\t<\/div>\n\t\t\t\t<\/div>\n\t\t\t\t<div class=\"elementor-element elementor-element-609ffe3a elementor-widget elementor-widget-heading\" data-id=\"609ffe3a\" data-element_type=\"widget\" data-widget_type=\"heading.default\">\n\t\t\t\t<div class=\"elementor-widget-container\">\n\t\t\t<h2 class=\"elementor-heading-title elementor-size-default\">Pre\u010do si vybra\u0165 n\u00e1s?<\/h2>\t\t<\/div>\n\t\t\t\t<\/div>\n\t\t\t\t<div class=\"elementor-element elementor-element-4506cad5 elementor-widget elementor-widget-text-editor\" data-id=\"4506cad5\" data-element_type=\"widget\" data-widget_type=\"text-editor.default\">\n\t\t\t\t<div class=\"elementor-widget-container\">\n\t\t\t\t\t\t\t<ul><li class=\"article_title align-center\"><strong>Kvalita<\/strong><\/li><\/ul><div class=\"article_indents\"><p class=\"article_indent align-center\">\u0160armirsteel je z\u00e1rukou toho, \u017ee va\u0161a br\u00e1na bude odoln\u00e1, vysokokvalitn\u00e1 a spo\u013eahliv\u00e1.<\/p><ul><li class=\"article_title align-center\"><strong>Sk\u00fasenosti<\/strong><\/li><\/ul><div class=\"article_indents\"><p class=\"article_indent align-center\">M\u00e1me bohat\u00e9 sk\u00fasenosti v oblasti v\u00fdroby posuvn\u00fdch br\u00e1n a aj ich in\u0161tal\u00e1cie.\u00a0<\/p><ul><li class=\"article_title align-center\"><strong>Z\u00e1kazn\u00edcky servis<\/strong><\/li><\/ul><div class=\"article_indents\"><p class=\"article_indent align-center\">N\u00e1\u0161 t\u00edm je pripraven\u00fd odpoveda\u0165 na v\u0161etky va\u0161e ot\u00e1zky a poskytn\u00fa\u0165 v\u00e1m odborn\u00e9 poradenstvo.<\/p><ul><li class=\"article_title align-center\"><strong>Cenov\u00e1 dostupnos\u0165<\/strong><\/li><\/ul><div class=\"article_indents\"><p class=\"article_indent align-center\">Poskytujeme kvalitn\u00e9 produkty za konkurencieschopn\u00e9 ceny.<\/p><\/div><p>Ak m\u00e1te z\u00e1ujem o mont\u00e1\u017e pohonu kr\u00eddlovej br\u00e1ny v Bratislave, nev\u00e1hajte n\u00e1s kontaktova\u0165. Na\u0161i odborn\u00edci v\u00e1m radi poradia a poskytn\u00fa bezplatn\u00fa konzult\u00e1ciu. Spo\u013eahnite sa na na\u0161u profesionalitu a kvalitu slu\u017eieb!<\/p><div class=\"article_indents\"><div class=\"content_section position-1\"><article id=\"Article_idm139968259295648-15\"><div class=\"Article notab_br decoration-none\"><div class=\"article_indents\">\u00a0<\/div><\/div><\/article><\/div><\/div><\/div><\/div><\/div>\t\t\t\t\t\t<\/div>\n\t\t\t\t<\/div>\n\t\t\t\t\t<\/div>\n\t\t<\/div>\n\t\t\t\t\t<\/div>\n\t\t<\/section>\n\t\t\t\t\t<\/div>\n\t\t<\/div>\n\t\t\t\t\t<\/div>\n\t\t<\/section>\n\t\t\t\t<section class=\"elementor-section elementor-top-section elementor-element elementor-element-1a1da899 elementor-section-boxed elementor-section-height-default elementor-section-height-default\" data-id=\"1a1da899\" data-element_type=\"section\">\n\t\t\t\t\t\t<div class=\"elementor-container elementor-column-gap-default\">\n\t\t\t\t\t<div class=\"elementor-column elementor-col-100 elementor-top-column elementor-element elementor-element-3cc540ef\" data-id=\"3cc540ef\" data-element_type=\"column\">\n\t\t\t<div class=\"elementor-widget-wrap elementor-element-populated\">\n\t\t\t\t\t\t<div class=\"elementor-element elementor-element-7b36c602 elementor-widget elementor-widget-heading\" data-id=\"7b36c602\" data-element_type=\"widget\" data-widget_type=\"heading.default\">\n\t\t\t\t<div class=\"elementor-widget-container\">\n\t\t\t<h2 class=\"elementor-heading-title elementor-size-default\">Mont\u00e1\u017e pohonu kr\u00eddlovej br\u00e1ny Bratislava<\/h2>\t\t<\/div>\n\t\t\t\t<\/div>\n\t\t\t\t<div class=\"elementor-element elementor-element-64bd405a elementor-widget elementor-widget-gallery\" data-id=\"64bd405a\" data-element_type=\"widget\" data-settings=\"{&quot;lazyload&quot;:&quot;yes&quot;,&quot;gallery_layout&quot;:&quot;grid&quot;,&quot;columns&quot;:4,&quot;columns_tablet&quot;:2,&quot;columns_mobile&quot;:1,&quot;gap&quot;:{&quot;unit&quot;:&quot;px&quot;,&quot;size&quot;:10,&quot;sizes&quot;:[]},&quot;gap_tablet&quot;:{&quot;unit&quot;:&quot;px&quot;,&quot;size&quot;:10,&quot;sizes&quot;:[]},&quot;gap_mobile&quot;:{&quot;unit&quot;:&quot;px&quot;,&quot;size&quot;:10,&quot;sizes&quot;:[]},&quot;link_to&quot;:&quot;file&quot;,&quot;aspect_ratio&quot;:&quot;3:2&quot;,&quot;overlay_background&quot;:&quot;yes&quot;,&quot;content_hover_animation&quot;:&quot;fade-in&quot;}\" data-widget_type=\"gallery.default\">\n\t\t\t\t<div class=\"elementor-widget-container\">\n\t\t\t\t\t<div class=\"elementor-gallery__container\">\n\t\t\t\t\t\t\t<a class=\"e-gallery-item elementor-gallery-item elementor-animated-content\" href=\"https:\/\/sarmirsteel.sk\/wp-content\/uploads\/2024\/06\/Montaz-pohonu-kridlovej-brany-Bratislava-scaled.jpg\" data-elementor-open-lightbox=\"yes\" data-elementor-lightbox-slideshow=\"64bd405a\" data-elementor-lightbox-title=\"Mont\u00e1\u017e pohonu kr\u00eddlovej br\u00e1ny Bratislava\" data-e-action-hash=\"#elementor-action%3Aaction%3Dlightbox%26settings%3DeyJpZCI6MTY4MywidXJsIjoiaHR0cHM6XC9cL3Nhcm1pcnN0ZWVsLnNrXC93cC1jb250ZW50XC91cGxvYWRzXC8yMDI0XC8wNlwvTW9udGF6LXBvaG9udS1rcmlkbG92ZWotYnJhbnktQnJhdGlzbGF2YS1zY2FsZWQuanBnIiwic2xpZGVzaG93IjoiNjRiZDQwNWEifQ%3D%3D\">\n\t\t\t\t\t<div class=\"e-gallery-image elementor-gallery-item__image\" data-thumbnail=\"https:\/\/sarmirsteel.sk\/wp-content\/uploads\/2024\/06\/Montaz-pohonu-kridlovej-brany-Bratislava-300x200.jpg\" data-width=\"300\" data-height=\"200\" aria-label=\"Mont\u00e1\u017e pohonu kr\u00eddlovej br\u00e1ny Bratislava\" role=\"img\" ><\/div>\n\t\t\t\t\t\t\t\t\t\t\t<div class=\"elementor-gallery-item__overlay\"><\/div>\n\t\t\t\t\t\t\t\t\t\t\t\t\t\t<\/a>\n\t\t\t\t\t<\/div>\n\t\t\t<\/div>\n\t\t\t\t<\/div>\n\t\t\t\t<div class=\"elementor-element elementor-element-9a1e1fa elementor-widget elementor-widget-text-editor\" data-id=\"9a1e1fa\" data-element_type=\"widget\" data-widget_type=\"text-editor.default\">\n\t\t\t\t<div class=\"elementor-widget-container\">\n\t\t\t\t\t\t\t<p>Viac fotiek z mont\u00e1\u017e\u00ed pohodnu kr\u00eddlov\u00fdch br\u00e1n v Bratislave a okol\u00ed n\u00e1jdete na na\u0161om <a href=\"https:\/\/www.facebook.com\/sarmirsteel.sk\">Facebook \u00fa\u010dte<\/a>.<\/p>\t\t\t\t\t\t<\/div>\n\t\t\t\t<\/div>\n\t\t\t\t\t<\/div>\n\t\t<\/div>\n\t\t\t\t\t<\/div>\n\t\t<\/section>\n\t\t\t\t<\/div>","protected":false},"excerpt":{"rendered":"<p>Mont\u00e1\u017e pohonu kr\u00eddlovej br\u00e1ny Bratislava Profesion\u00e1lna in\u0161tal\u00e1cia pre v\u00e1\u0161 komfort a bezpe\u010dnos\u0165 Mont\u00e1\u017e pohonu kr\u00eddlovej br\u00e1ny Bratislava je ide\u00e1lnym rie\u0161en\u00edm pre zv\u00fd\u0161enie pohodlia a bezpe\u010dnosti v\u00e1\u0161ho domova \u010di firmy. Na\u0161a spolo\u010dnos\u0165 pon\u00faka odborn\u00e9 slu\u017eby in\u0161tal\u00e1cie pohonov pre kr\u00eddlov\u00e9 br\u00e1ny, \u010d\u00edm zabezpe\u010dujeme ich spo\u013eahliv\u00fa a efekt\u00edvnu prev\u00e1dzku. Na\u0161e slu\u017eby mont\u00e1\u017ee pohonu kr\u00eddlovej br\u00e1ny Konzult\u00e1cia a v\u00fdber [&hellip;]<\/p>","protected":false},"author":3,"featured_media":1683,"parent":0,"menu_order":0,"comment_status":"closed","ping_status":"closed","template":"","meta":{"footnotes":""},"class_list":["post-1679","page","type-page","status-publish","has-post-thumbnail","hentry"],"_links":{"self":[{"href":"https:\/\/sarmirsteel.sk\/cz\/wp-json\/wp\/v2\/pages\/1679","targetHints":{"allow":["GET"]}}],"collection":[{"href":"https:\/\/sarmirsteel.sk\/cz\/wp-json\/wp\/v2\/pages"}],"about":[{"href":"https:\/\/sarmirsteel.sk\/cz\/wp-json\/wp\/v2\/types\/page"}],"author":[{"embeddable":true,"href":"https:\/\/sarmirsteel.sk\/cz\/wp-json\/wp\/v2\/users\/3"}],"replies":[{"embeddable":true,"href":"https:\/\/sarmirsteel.sk\/cz\/wp-json\/wp\/v2\/comments?post=1679"}],"version-history":[{"count":0,"href":"https:\/\/sarmirsteel.sk\/cz\/wp-json\/wp\/v2\/pages\/1679\/revisions"}],"wp:featuredmedia":[{"embeddable":true,"href":"https:\/\/sarmirsteel.sk\/cz\/wp-json\/wp\/v2\/media\/1683"}],"wp:attachment":[{"href":"https:\/\/sarmirsteel.sk\/cz\/wp-json\/wp\/v2\/media?parent=1679"}],"curies":[{"name":"wp","href":"https:\/\/api.w.org\/{rel}","templated":true}]}}