{"id":1671,"date":"2024-06-24T13:05:34","date_gmt":"2024-06-24T11:05:34","guid":{"rendered":"https:\/\/sarmirsteel.sk\/?page_id=1671"},"modified":"2024-06-24T13:19:06","modified_gmt":"2024-06-24T11:19:06","slug":"montaz-pohonu-brany-bratislava","status":"publish","type":"page","link":"https:\/\/sarmirsteel.sk\/cz\/montaz-pohonu-brany-bratislava\/","title":{"rendered":"Mont\u00e1\u017e pohonu br\u00e1ny Bratislava"},"content":{"rendered":"<div data-elementor-type=\"wp-page\" data-elementor-id=\"1671\" class=\"elementor elementor-1671\" data-elementor-post-type=\"page\">\n\t\t\t\t\t\t<section class=\"elementor-section elementor-top-section elementor-element elementor-element-2d9d4741 elementor-section-height-min-height elementor-section-boxed elementor-section-height-default elementor-section-items-middle\" data-id=\"2d9d4741\" data-element_type=\"section\" data-settings=\"{&quot;background_background&quot;:&quot;classic&quot;}\">\n\t\t\t\t\t\t<div class=\"elementor-container elementor-column-gap-default\">\n\t\t\t\t\t<div class=\"elementor-column elementor-col-100 elementor-top-column elementor-element elementor-element-4f1ee6a1\" data-id=\"4f1ee6a1\" data-element_type=\"column\">\n\t\t\t<div class=\"elementor-widget-wrap elementor-element-populated\">\n\t\t\t\t\t\t<div class=\"elementor-element elementor-element-687c5882 elementor-widget elementor-widget-heading\" data-id=\"687c5882\" data-element_type=\"widget\" data-widget_type=\"heading.default\">\n\t\t\t\t<div class=\"elementor-widget-container\">\n\t\t\t<h1 class=\"elementor-heading-title elementor-size-default\">Mont\u00e1\u017e pohonu br\u00e1ny Bratislava a okolie<\/h1>\t\t<\/div>\n\t\t\t\t<\/div>\n\t\t\t\t\t<\/div>\n\t\t<\/div>\n\t\t\t\t\t<\/div>\n\t\t<\/section>\n\t\t\t\t<section class=\"elementor-section elementor-top-section elementor-element elementor-element-3551cf4b elementor-section-content-middle elementor-section-boxed elementor-section-height-default elementor-section-height-default\" data-id=\"3551cf4b\" data-element_type=\"section\" id=\"sluzby\" data-settings=\"{&quot;background_background&quot;:&quot;classic&quot;}\">\n\t\t\t\t\t\t<div class=\"elementor-container elementor-column-gap-no\">\n\t\t\t\t\t<div class=\"elementor-column elementor-col-100 elementor-top-column elementor-element elementor-element-5b9c5ce4\" data-id=\"5b9c5ce4\" data-element_type=\"column\">\n\t\t\t<div class=\"elementor-widget-wrap elementor-element-populated\">\n\t\t\t\t\t\t<section class=\"elementor-section elementor-inner-section elementor-element elementor-element-7cb7235a elementor-section-boxed elementor-section-height-default elementor-section-height-default\" data-id=\"7cb7235a\" data-element_type=\"section\">\n\t\t\t\t\t\t<div class=\"elementor-container elementor-column-gap-default\">\n\t\t\t\t\t<div class=\"elementor-column elementor-col-100 elementor-inner-column elementor-element elementor-element-7ef15471\" data-id=\"7ef15471\" data-element_type=\"column\">\n\t\t\t<div class=\"elementor-widget-wrap elementor-element-populated\">\n\t\t\t\t\t\t<div class=\"elementor-element elementor-element-3b32377 elementor-widget elementor-widget-heading\" data-id=\"3b32377\" data-element_type=\"widget\" data-widget_type=\"heading.default\">\n\t\t\t\t<div class=\"elementor-widget-container\">\n\t\t\t<h2 class=\"elementor-heading-title elementor-size-default\">Profesion\u00e1lne rie\u0161enia pre va\u0161u br\u00e1nu<\/h2>\t\t<\/div>\n\t\t\t\t<\/div>\n\t\t\t\t<div class=\"elementor-element elementor-element-6c5b5dd8 elementor-widget elementor-widget-text-editor\" data-id=\"6c5b5dd8\" data-element_type=\"widget\" data-widget_type=\"text-editor.default\">\n\t\t\t\t<div class=\"elementor-widget-container\">\n\t\t\t\t\t\t\t<p><strong>Mont\u00e1\u017e pohonu br\u00e1ny Bratislava a okolie<\/strong> je neoddelite\u013enou s\u00fa\u010das\u0165ou moderniz\u00e1cie a automatiz\u00e1cie va\u0161ej br\u00e1ny. Na\u0161a spolo\u010dnos\u0165 pon\u00faka odborn\u00e9 slu\u017eby, ktor\u00e9 zaru\u010duj\u00fa bezprobl\u00e9mov\u00fa a bezpe\u010dn\u00fa prev\u00e1dzku va\u0161ej br\u00e1ny, \u010d\u00edm zabezpe\u010d\u00edme v\u00e1\u0161 maxim\u00e1lny komfort a bezpe\u010dnos\u0165.<\/p>\t\t\t\t\t\t<\/div>\n\t\t\t\t<\/div>\n\t\t\t\t<div class=\"elementor-element elementor-element-322db0e2 elementor-widget elementor-widget-heading\" data-id=\"322db0e2\" data-element_type=\"widget\" data-widget_type=\"heading.default\">\n\t\t\t\t<div class=\"elementor-widget-container\">\n\t\t\t<h2 class=\"elementor-heading-title elementor-size-default\">Na\u0161e slu\u017eby mont\u00e1\u017ee pohonu br\u00e1ny<\/h2>\t\t<\/div>\n\t\t\t\t<\/div>\n\t\t\t\t<div class=\"elementor-element elementor-element-19a777c5 elementor-widget elementor-widget-text-editor\" data-id=\"19a777c5\" data-element_type=\"widget\" data-widget_type=\"text-editor.default\">\n\t\t\t\t<div class=\"elementor-widget-container\">\n\t\t\t\t\t\t\t<ul><li class=\"article_title align-center\"><strong>Konzult\u00e1cia a v\u00fdber pohonu br\u00e1ny<\/strong><\/li><\/ul><div class=\"article_indents\"><p class=\"article_indent align-center\">Poskytujeme odborn\u00e9 poradenstvo pri v\u00fdbere najvhodnej\u0161ieho pohonu pre va\u0161u br\u00e1nu, aby sme zabezpe\u010dili optim\u00e1lnu funk\u010dnos\u0165 a dlh\u00fa \u017eivotnos\u0165.<\/p><ul><li class=\"article_title align-center\"><strong>In\u0161tal\u00e1cia<\/strong><\/li><\/ul><div class=\"article_indents\"><p class=\"article_indent align-center\">Na\u0161i sk\u00fasen\u00ed technici vykonaj\u00fa profesion\u00e1lnu mont\u00e1\u017e pohonu, pri\u010dom dbaj\u00fa na ka\u017ed\u00fd detail a dodr\u017eiavaj\u00fa v\u0161etky bezpe\u010dnostn\u00e9 normy.<\/p><ul><li class=\"article_title align-center\"><strong>Nastavenie a testovanie<\/strong><\/li><\/ul><div class=\"article_indents\"><p class=\"article_indent align-center\">Po in\u0161tal\u00e1cii zabezpe\u010d\u00edme spr\u00e1vne nastavenie a d\u00f4kladn\u00e9 testovanie pohonu, aby sme zaru\u010dili jeho spo\u013eahliv\u00fa a bezprobl\u00e9mov\u00fa prev\u00e1dzku.<\/p><ul><li class=\"article_title align-center\"><strong>\u00dadr\u017eba a z\u00e1ruka<\/strong><\/li><\/ul><div class=\"article_indents\"><p class=\"article_indent align-center\">Pon\u00fakame pravideln\u00fa \u00fadr\u017ebu a servis pohonov, aby va\u0161a br\u00e1na fungovala bez probl\u00e9mov aj po rokoch pou\u017e\u00edvania.<\/p><div class=\"content_section position-1\"><article id=\"Article_idm139968259295648-15\"><div class=\"Article notab_br decoration-none\"><div class=\"article_indents\">\u00a0<\/div><\/div><\/article><\/div><\/div><\/div><\/div><\/div>\t\t\t\t\t\t<\/div>\n\t\t\t\t<\/div>\n\t\t\t\t<div class=\"elementor-element elementor-element-17f11ec3 elementor-widget elementor-widget-heading\" data-id=\"17f11ec3\" data-element_type=\"widget\" data-widget_type=\"heading.default\">\n\t\t\t\t<div class=\"elementor-widget-container\">\n\t\t\t<h2 class=\"elementor-heading-title elementor-size-default\">Kde p\u00f4sob\u00edme?<\/h2>\t\t<\/div>\n\t\t\t\t<\/div>\n\t\t\t\t<div class=\"elementor-element elementor-element-3627e5db elementor-widget elementor-widget-text-editor\" data-id=\"3627e5db\" data-element_type=\"widget\" data-widget_type=\"text-editor.default\">\n\t\t\t\t<div class=\"elementor-widget-container\">\n\t\t\t\t\t\t\t<p>Na\u0161a slu\u017eba mont\u00e1\u017ee pohonu br\u00e1ny je dostupn\u00e1 v Bratislave a okol\u00ed. Pokr\u00fdvame v\u0161etky mestsk\u00e9 \u010dasti Bratislavy a bl\u00edzke obce. Okrem toho v\u0161ak p\u00f4sob\u00edme aj v ostatn\u00fdch obciach na Z\u00e1padnom Slovensku.<\/p>\t\t\t\t\t\t<\/div>\n\t\t\t\t<\/div>\n\t\t\t\t<div class=\"elementor-element elementor-element-1cce968b elementor-widget elementor-widget-heading\" data-id=\"1cce968b\" data-element_type=\"widget\" data-widget_type=\"heading.default\">\n\t\t\t\t<div class=\"elementor-widget-container\">\n\t\t\t<h2 class=\"elementor-heading-title elementor-size-default\">Ako prebieha mont\u00e1\u017e pohonu br\u00e1ny<\/h2>\t\t<\/div>\n\t\t\t\t<\/div>\n\t\t\t\t<div class=\"elementor-element elementor-element-10feb644 elementor-widget elementor-widget-text-editor\" data-id=\"10feb644\" data-element_type=\"widget\" data-widget_type=\"text-editor.default\">\n\t\t\t\t<div class=\"elementor-widget-container\">\n\t\t\t\t\t\t\t<ol><li><strong>Pr\u00edprava:<\/strong> Pred samotnou mont\u00e1\u017eou vykon\u00e1me d\u00f4kladn\u00e9 pos\u00fadenie br\u00e1ny a priprav\u00edme v\u0161etky potrebn\u00e9 materi\u00e1ly a n\u00e1stroje.<\/li><li><strong>In\u0161tal\u00e1cia:<\/strong> Na\u0161i technici zabezpe\u010dia profesion\u00e1lnu in\u0161tal\u00e1ciu pohonu, vr\u00e1tane potrebn\u00fdch elektrick\u00fdch pripojen\u00ed a nastaven\u00ed.<\/li><li><strong>Testovanie a odovzdanie:<\/strong> Po dokon\u010den\u00ed mont\u00e1\u017ee vykon\u00e1me d\u00f4kladn\u00e9 testovanie a nastav\u00edme pohon tak, aby fungoval spo\u013eahlivo a bezpe\u010dne. N\u00e1sledne v\u00e1s za\u0161kol\u00edme v jeho pou\u017e\u00edvan\u00ed.<\/li><\/ol>\t\t\t\t\t\t<\/div>\n\t\t\t\t<\/div>\n\t\t\t\t<div class=\"elementor-element elementor-element-2377b69 elementor-widget elementor-widget-heading\" data-id=\"2377b69\" data-element_type=\"widget\" data-widget_type=\"heading.default\">\n\t\t\t\t<div class=\"elementor-widget-container\">\n\t\t\t<h2 class=\"elementor-heading-title elementor-size-default\">Pre\u010do si vybra\u0165 n\u00e1s?<\/h2>\t\t<\/div>\n\t\t\t\t<\/div>\n\t\t\t\t<div class=\"elementor-element elementor-element-24e714bb elementor-widget elementor-widget-text-editor\" data-id=\"24e714bb\" data-element_type=\"widget\" data-widget_type=\"text-editor.default\">\n\t\t\t\t<div class=\"elementor-widget-container\">\n\t\t\t\t\t\t\t<ul><li class=\"article_title align-center\"><strong>Kvalita<\/strong><\/li><\/ul><div class=\"article_indents\"><p class=\"article_indent align-center\">\u0160arm\u00edr Steel je z\u00e1rukou toho, \u017ee va\u0161a br\u00e1na bude odoln\u00e1, vysokokvalitn\u00e1 a spo\u013eahliv\u00e1.<\/p><ul><li class=\"article_title align-center\"><strong>Sk\u00fasenosti<\/strong><\/li><\/ul><div class=\"article_indents\"><p class=\"article_indent align-center\">M\u00e1me bohat\u00e9 sk\u00fasenosti v oblasti v\u00fdroby posuvn\u00fdch br\u00e1n a aj ich in\u0161tal\u00e1cie.\u00a0<\/p><ul><li class=\"article_title align-center\"><strong>Z\u00e1kazn\u00edcky servis<\/strong><\/li><\/ul><div class=\"article_indents\"><p class=\"article_indent align-center\">N\u00e1\u0161 t\u00edm je pripraven\u00fd odpoveda\u0165 na v\u0161etky va\u0161e ot\u00e1zky a poskytn\u00fa\u0165 v\u00e1m odborn\u00e9 poradenstvo.<\/p><ul><li class=\"article_title align-center\"><strong>Cenov\u00e1 dostupnos\u0165<\/strong><\/li><\/ul><div class=\"article_indents\"><p class=\"article_indent align-center\">Poskytujeme kvalitn\u00e9 produkty za konkurencieschopn\u00e9 ceny.<\/p><\/div><p>Ak m\u00e1te z\u00e1ujem o mont\u00e1\u017e pohonu br\u00e1ny Bratislava a okolie, nev\u00e1hajte n\u00e1s kontaktova\u0165. Na\u0161i odborn\u00edci v\u00e1m radi poradia a poskytn\u00fa bezplatn\u00fa konzult\u00e1ciu. Spo\u013eahnite sa na na\u0161u profesionalitu a kvalitu slu\u017eieb!<\/p><div class=\"article_indents\"><div class=\"content_section position-1\"><article id=\"Article_idm139968259295648-15\"><div class=\"Article notab_br decoration-none\"><div class=\"article_indents\">\u00a0<\/div><\/div><\/article><\/div><\/div><\/div><\/div><\/div>\t\t\t\t\t\t<\/div>\n\t\t\t\t<\/div>\n\t\t\t\t\t<\/div>\n\t\t<\/div>\n\t\t\t\t\t<\/div>\n\t\t<\/section>\n\t\t\t\t\t<\/div>\n\t\t<\/div>\n\t\t\t\t\t<\/div>\n\t\t<\/section>\n\t\t\t\t<section class=\"elementor-section elementor-top-section elementor-element elementor-element-4d17c652 elementor-section-boxed elementor-section-height-default elementor-section-height-default\" data-id=\"4d17c652\" data-element_type=\"section\">\n\t\t\t\t\t\t<div class=\"elementor-container elementor-column-gap-default\">\n\t\t\t\t\t<div class=\"elementor-column elementor-col-100 elementor-top-column elementor-element elementor-element-346d2e49\" data-id=\"346d2e49\" data-element_type=\"column\">\n\t\t\t<div class=\"elementor-widget-wrap elementor-element-populated\">\n\t\t\t\t\t\t<div class=\"elementor-element elementor-element-1da489bf elementor-widget elementor-widget-heading\" data-id=\"1da489bf\" data-element_type=\"widget\" data-widget_type=\"heading.default\">\n\t\t\t\t<div class=\"elementor-widget-container\">\n\t\t\t<h2 class=\"elementor-heading-title elementor-size-default\">Mont\u00e1\u017e pohonu br\u00e1ny Bratislava<\/h2>\t\t<\/div>\n\t\t\t\t<\/div>\n\t\t\t\t<div class=\"elementor-element elementor-element-1811583f elementor-widget elementor-widget-gallery\" data-id=\"1811583f\" data-element_type=\"widget\" data-settings=\"{&quot;lazyload&quot;:&quot;yes&quot;,&quot;gallery_layout&quot;:&quot;grid&quot;,&quot;columns&quot;:4,&quot;columns_tablet&quot;:2,&quot;columns_mobile&quot;:1,&quot;gap&quot;:{&quot;unit&quot;:&quot;px&quot;,&quot;size&quot;:10,&quot;sizes&quot;:[]},&quot;gap_tablet&quot;:{&quot;unit&quot;:&quot;px&quot;,&quot;size&quot;:10,&quot;sizes&quot;:[]},&quot;gap_mobile&quot;:{&quot;unit&quot;:&quot;px&quot;,&quot;size&quot;:10,&quot;sizes&quot;:[]},&quot;link_to&quot;:&quot;file&quot;,&quot;aspect_ratio&quot;:&quot;3:2&quot;,&quot;overlay_background&quot;:&quot;yes&quot;,&quot;content_hover_animation&quot;:&quot;fade-in&quot;}\" data-widget_type=\"gallery.default\">\n\t\t\t\t<div class=\"elementor-widget-container\">\n\t\t\t\t\t<div class=\"elementor-gallery__container\">\n\t\t\t\t\t\t\t<a class=\"e-gallery-item elementor-gallery-item elementor-animated-content\" href=\"https:\/\/sarmirsteel.sk\/wp-content\/uploads\/2024\/06\/montaz-pohonu-brany-Bratislava.jpg\" data-elementor-open-lightbox=\"yes\" data-elementor-lightbox-slideshow=\"1811583f\" data-elementor-lightbox-title=\"mont\u00e1\u017e pohonu br\u00e1ny Bratislava\" data-e-action-hash=\"#elementor-action%3Aaction%3Dlightbox%26settings%3DeyJpZCI6MTY3NCwidXJsIjoiaHR0cHM6XC9cL3Nhcm1pcnN0ZWVsLnNrXC93cC1jb250ZW50XC91cGxvYWRzXC8yMDI0XC8wNlwvbW9udGF6LXBvaG9udS1icmFueS1CcmF0aXNsYXZhLmpwZyIsInNsaWRlc2hvdyI6IjE4MTE1ODNmIn0%3D\">\n\t\t\t\t\t<div class=\"e-gallery-image elementor-gallery-item__image\" data-thumbnail=\"https:\/\/sarmirsteel.sk\/wp-content\/uploads\/2024\/06\/montaz-pohonu-brany-Bratislava-300x142.jpg\" data-width=\"300\" data-height=\"142\" aria-label=\"mont\u00e1\u017e pohonu br\u00e1ny Bratislava a okolie\" role=\"img\" ><\/div>\n\t\t\t\t\t\t\t\t\t\t\t<div class=\"elementor-gallery-item__overlay\"><\/div>\n\t\t\t\t\t\t\t\t\t\t\t\t\t\t<\/a>\n\t\t\t\t\t<\/div>\n\t\t\t<\/div>\n\t\t\t\t<\/div>\n\t\t\t\t<div class=\"elementor-element elementor-element-8b6fc00 elementor-widget elementor-widget-text-editor\" data-id=\"8b6fc00\" data-element_type=\"widget\" data-widget_type=\"text-editor.default\">\n\t\t\t\t<div class=\"elementor-widget-container\">\n\t\t\t\t\t\t\t<div class=\"elementor-element elementor-element-4c5f9c2a elementor-widget elementor-widget-gallery\" data-id=\"4c5f9c2a\" data-element_type=\"widget\" data-settings=\"{&quot;lazyload&quot;:&quot;yes&quot;,&quot;gallery_layout&quot;:&quot;grid&quot;,&quot;columns&quot;:4,&quot;columns_tablet&quot;:2,&quot;columns_mobile&quot;:1,&quot;gap&quot;:{&quot;unit&quot;:&quot;px&quot;,&quot;size&quot;:10,&quot;sizes&quot;:[]},&quot;gap_tablet&quot;:{&quot;unit&quot;:&quot;px&quot;,&quot;size&quot;:10,&quot;sizes&quot;:[]},&quot;gap_mobile&quot;:{&quot;unit&quot;:&quot;px&quot;,&quot;size&quot;:10,&quot;sizes&quot;:[]},&quot;link_to&quot;:&quot;file&quot;,&quot;aspect_ratio&quot;:&quot;3:2&quot;,&quot;overlay_background&quot;:&quot;yes&quot;,&quot;content_hover_animation&quot;:&quot;fade-in&quot;}\" data-widget_type=\"gallery.default\"><div class=\"elementor-widget-container\"><div class=\"elementor-gallery__container e-gallery-container e-gallery-grid e-gallery--ltr e-gallery--lazyload\"><div class=\"elementor-gallery-item__overlay\">Viac fotiek mont\u00e1\u017e\u00ed pohonu br\u00e1ny v Bratislave a okol\u00ed n\u00e1jdete na na\u0161om <a href=\"https:\/\/www.facebook.com\/sarmirsteel.sk\">Facebook \u00fa\u010dte<\/a>.<\/div><\/div><\/div><\/div>\t\t\t\t\t\t<\/div>\n\t\t\t\t<\/div>\n\t\t\t\t\t<\/div>\n\t\t<\/div>\n\t\t\t\t\t<\/div>\n\t\t<\/section>\n\t\t\t\t<\/div>","protected":false},"excerpt":{"rendered":"<p>Mont\u00e1\u017e pohonu br\u00e1ny Bratislava a okolie Profesion\u00e1lne rie\u0161enia pre va\u0161u br\u00e1nu Mont\u00e1\u017e pohonu br\u00e1ny Bratislava a okolie je neoddelite\u013enou s\u00fa\u010das\u0165ou moderniz\u00e1cie a automatiz\u00e1cie va\u0161ej br\u00e1ny. Na\u0161a spolo\u010dnos\u0165 pon\u00faka odborn\u00e9 slu\u017eby, ktor\u00e9 zaru\u010duj\u00fa bezprobl\u00e9mov\u00fa a bezpe\u010dn\u00fa prev\u00e1dzku va\u0161ej br\u00e1ny, \u010d\u00edm zabezpe\u010d\u00edme v\u00e1\u0161 maxim\u00e1lny komfort a bezpe\u010dnos\u0165. Na\u0161e slu\u017eby mont\u00e1\u017ee pohonu br\u00e1ny Konzult\u00e1cia a v\u00fdber pohonu br\u00e1ny [&hellip;]<\/p>","protected":false},"author":3,"featured_media":1674,"parent":0,"menu_order":0,"comment_status":"closed","ping_status":"closed","template":"","meta":{"footnotes":""},"class_list":["post-1671","page","type-page","status-publish","has-post-thumbnail","hentry"],"_links":{"self":[{"href":"https:\/\/sarmirsteel.sk\/cz\/wp-json\/wp\/v2\/pages\/1671","targetHints":{"allow":["GET"]}}],"collection":[{"href":"https:\/\/sarmirsteel.sk\/cz\/wp-json\/wp\/v2\/pages"}],"about":[{"href":"https:\/\/sarmirsteel.sk\/cz\/wp-json\/wp\/v2\/types\/page"}],"author":[{"embeddable":true,"href":"https:\/\/sarmirsteel.sk\/cz\/wp-json\/wp\/v2\/users\/3"}],"replies":[{"embeddable":true,"href":"https:\/\/sarmirsteel.sk\/cz\/wp-json\/wp\/v2\/comments?post=1671"}],"version-history":[{"count":0,"href":"https:\/\/sarmirsteel.sk\/cz\/wp-json\/wp\/v2\/pages\/1671\/revisions"}],"wp:featuredmedia":[{"embeddable":true,"href":"https:\/\/sarmirsteel.sk\/cz\/wp-json\/wp\/v2\/media\/1674"}],"wp:attachment":[{"href":"https:\/\/sarmirsteel.sk\/cz\/wp-json\/wp\/v2\/media?parent=1671"}],"curies":[{"name":"wp","href":"https:\/\/api.w.org\/{rel}","templated":true}]}}