{"id":1653,"date":"2024-06-24T12:45:42","date_gmt":"2024-06-24T10:45:42","guid":{"rendered":"https:\/\/sarmirsteel.sk\/?page_id=1653"},"modified":"2024-06-24T13:05:08","modified_gmt":"2024-06-24T11:05:08","slug":"montaz-brany-bratislava","status":"publish","type":"page","link":"https:\/\/sarmirsteel.sk\/cz\/montaz-brany-bratislava\/","title":{"rendered":"Mont\u00e1\u017e br\u00e1ny Bratislava"},"content":{"rendered":"<div data-elementor-type=\"wp-page\" data-elementor-id=\"1653\" class=\"elementor elementor-1653\" data-elementor-post-type=\"page\">\n\t\t\t\t\t\t<section class=\"elementor-section elementor-top-section elementor-element elementor-element-1f1c41ac elementor-section-height-min-height elementor-section-boxed elementor-section-height-default elementor-section-items-middle\" data-id=\"1f1c41ac\" data-element_type=\"section\" data-settings=\"{&quot;background_background&quot;:&quot;classic&quot;}\">\n\t\t\t\t\t\t<div class=\"elementor-container elementor-column-gap-default\">\n\t\t\t\t\t<div class=\"elementor-column elementor-col-100 elementor-top-column elementor-element elementor-element-46e157a6\" data-id=\"46e157a6\" data-element_type=\"column\">\n\t\t\t<div class=\"elementor-widget-wrap elementor-element-populated\">\n\t\t\t\t\t\t<div class=\"elementor-element elementor-element-73a6d06d elementor-widget elementor-widget-heading\" data-id=\"73a6d06d\" data-element_type=\"widget\" data-widget_type=\"heading.default\">\n\t\t\t\t<div class=\"elementor-widget-container\">\n\t\t\t<h1 class=\"elementor-heading-title elementor-size-default\">Mont\u00e1\u017e br\u00e1ny Bratislava a okolie<\/h1>\t\t<\/div>\n\t\t\t\t<\/div>\n\t\t\t\t\t<\/div>\n\t\t<\/div>\n\t\t\t\t\t<\/div>\n\t\t<\/section>\n\t\t\t\t<section class=\"elementor-section elementor-top-section elementor-element elementor-element-79aa242a elementor-section-content-middle elementor-section-boxed elementor-section-height-default elementor-section-height-default\" data-id=\"79aa242a\" data-element_type=\"section\" id=\"sluzby\" data-settings=\"{&quot;background_background&quot;:&quot;classic&quot;}\">\n\t\t\t\t\t\t<div class=\"elementor-container elementor-column-gap-no\">\n\t\t\t\t\t<div class=\"elementor-column elementor-col-100 elementor-top-column elementor-element elementor-element-63d387ee\" data-id=\"63d387ee\" data-element_type=\"column\">\n\t\t\t<div class=\"elementor-widget-wrap elementor-element-populated\">\n\t\t\t\t\t\t<section class=\"elementor-section elementor-inner-section elementor-element elementor-element-73717ddf elementor-section-boxed elementor-section-height-default elementor-section-height-default\" data-id=\"73717ddf\" data-element_type=\"section\">\n\t\t\t\t\t\t<div class=\"elementor-container elementor-column-gap-default\">\n\t\t\t\t\t<div class=\"elementor-column elementor-col-100 elementor-inner-column elementor-element elementor-element-587356d0\" data-id=\"587356d0\" data-element_type=\"column\">\n\t\t\t<div class=\"elementor-widget-wrap elementor-element-populated\">\n\t\t\t\t\t\t<div class=\"elementor-element elementor-element-5694a2ab elementor-widget elementor-widget-heading\" data-id=\"5694a2ab\" data-element_type=\"widget\" data-widget_type=\"heading.default\">\n\t\t\t\t<div class=\"elementor-widget-container\">\n\t\t\t<h2 class=\"elementor-heading-title elementor-size-default\">Profesion\u00e1lne slu\u017eby pre v\u00e1\u0161 pozemok<\/h2>\t\t<\/div>\n\t\t\t\t<\/div>\n\t\t\t\t<div class=\"elementor-element elementor-element-1b1acdc7 elementor-widget elementor-widget-text-editor\" data-id=\"1b1acdc7\" data-element_type=\"widget\" data-widget_type=\"text-editor.default\">\n\t\t\t\t<div class=\"elementor-widget-container\">\n\t\t\t\t\t\t\t<p><strong>Mont\u00e1\u017e br\u00e1ny Bratislava a okolie<\/strong> predstavuje k\u013e\u00fa\u010dov\u00fd krok k zabezpe\u010deniu v\u00e1\u0161ho pozemku a zv\u00fd\u0161eniu jeho estetickej hodnoty. Na\u0161a spolo\u010dnos\u0165 pon\u00faka kompletn\u00e9 slu\u017eby v oblasti mont\u00e1\u017ee br\u00e1n, ktor\u00e9 sp\u013a\u0148aj\u00fa najvy\u0161\u0161ie \u0161tandardy kvality a bezpe\u010dnosti.<\/p>\t\t\t\t\t\t<\/div>\n\t\t\t\t<\/div>\n\t\t\t\t<div class=\"elementor-element elementor-element-292a6f96 elementor-widget elementor-widget-heading\" data-id=\"292a6f96\" data-element_type=\"widget\" data-widget_type=\"heading.default\">\n\t\t\t\t<div class=\"elementor-widget-container\">\n\t\t\t<h2 class=\"elementor-heading-title elementor-size-default\">Na\u0161e slu\u017eby mont\u00e1\u017ee br\u00e1ny<\/h2>\t\t<\/div>\n\t\t\t\t<\/div>\n\t\t\t\t<div class=\"elementor-element elementor-element-6a84cf20 elementor-widget elementor-widget-text-editor\" data-id=\"6a84cf20\" data-element_type=\"widget\" data-widget_type=\"text-editor.default\">\n\t\t\t\t<div class=\"elementor-widget-container\">\n\t\t\t\t\t\t\t<ul><li class=\"article_title align-center\"><strong>Konzult\u00e1cia a n\u00e1vrh<\/strong><\/li><\/ul><div class=\"article_indents\"><p class=\"article_indent align-center\">Poskytujeme bezplatn\u00e9 konzult\u00e1cie a n\u00e1vrhy na mieru, aby sme zabezpe\u010dili, \u017ee va\u0161a nov\u00e1 br\u00e1na bude dokonale zapada\u0165 do v\u00e1\u0161ho prostredia a spln\u00ed v\u0161etky va\u0161e po\u017eiadavky.<\/p><ul><li class=\"article_title align-center\"><strong>V\u00fdber materi\u00e1lov a rie\u0161enia<\/strong><\/li><\/ul><div class=\"article_indents\"><p class=\"article_indent align-center\">Pom\u00f4\u017eeme v\u00e1m vybra\u0165 najvhodnej\u0161ie materi\u00e1ly pre va\u0161u br\u00e1nu, \u010di u\u017e ide o drevo, kov, hlin\u00edk alebo kombinovan\u00e9 rie\u0161enia.<\/p><ul><li class=\"article_title align-center\"><strong>Profesion\u00e1lna mont\u00e1\u017e<\/strong><\/li><\/ul><div class=\"article_indents\"><p class=\"article_indent align-center\">Na\u0161i sk\u00fasen\u00ed technici zabezpe\u010dia r\u00fdchlu a presn\u00fa in\u0161tal\u00e1ciu va\u0161ej br\u00e1ny, pri\u010dom dbaj\u00fa na ka\u017ed\u00fd detail a bezpe\u010dnostn\u00e9 normy.<\/p><ul><li class=\"article_title align-center\"><strong>\u00dadr\u017eba a z\u00e1ruka<\/strong><\/li><\/ul><div class=\"article_indents\"><p class=\"article_indent align-center\">Pon\u00fakame aj slu\u017eby \u00fadr\u017eby a opr\u00e1v, aby va\u0161a br\u00e1na zostala v perfektnom stave po dlh\u00e9 roky.<\/p><div class=\"content_section position-1\"><article id=\"Article_idm139968259295648-15\"><div class=\"Article notab_br decoration-none\"><div class=\"article_indents\">\u00a0<\/div><\/div><\/article><\/div><\/div><\/div><\/div><\/div>\t\t\t\t\t\t<\/div>\n\t\t\t\t<\/div>\n\t\t\t\t<div class=\"elementor-element elementor-element-464dc1f1 elementor-widget elementor-widget-heading\" data-id=\"464dc1f1\" data-element_type=\"widget\" data-widget_type=\"heading.default\">\n\t\t\t\t<div class=\"elementor-widget-container\">\n\t\t\t<h2 class=\"elementor-heading-title elementor-size-default\">Kde p\u00f4sob\u00edme?<\/h2>\t\t<\/div>\n\t\t\t\t<\/div>\n\t\t\t\t<div class=\"elementor-element elementor-element-30aad585 elementor-widget elementor-widget-text-editor\" data-id=\"30aad585\" data-element_type=\"widget\" data-widget_type=\"text-editor.default\">\n\t\t\t\t<div class=\"elementor-widget-container\">\n\t\t\t\t\t\t\t<p>Na\u0161a slu\u017eba mont\u00e1\u017ee br\u00e1ny je dostupn\u00e1 v Bratislave a okol\u00ed. Pokr\u00fdvame v\u0161etky mestsk\u00e9 \u010dasti Bratislavy a bl\u00edzke obce. Okrem bratislavsk\u00e9ho kraja v\u0161ak p\u00f4sob\u00edme aj \u010fal\u0161\u00edch oblastiach Z\u00e1padn\u00e9ho Slovenska.<\/p>\t\t\t\t\t\t<\/div>\n\t\t\t\t<\/div>\n\t\t\t\t<div class=\"elementor-element elementor-element-71da22d1 elementor-widget elementor-widget-heading\" data-id=\"71da22d1\" data-element_type=\"widget\" data-widget_type=\"heading.default\">\n\t\t\t\t<div class=\"elementor-widget-container\">\n\t\t\t<h2 class=\"elementor-heading-title elementor-size-default\">Ako prebieha mont\u00e1\u017e br\u00e1ny?\n<\/h2>\t\t<\/div>\n\t\t\t\t<\/div>\n\t\t\t\t<div class=\"elementor-element elementor-element-e00b8f5 elementor-widget elementor-widget-text-editor\" data-id=\"e00b8f5\" data-element_type=\"widget\" data-widget_type=\"text-editor.default\">\n\t\t\t\t<div class=\"elementor-widget-container\">\n\t\t\t\t\t\t\t<ol><li><strong>Pr\u00edprava: <\/strong>Pred samotnou mont\u00e1\u017eou vykon\u00e1me presn\u00e9 merania a priprav\u00edme v\u0161etky potrebn\u00e9 materi\u00e1ly a n\u00e1stroje.<\/li><li><strong>In\u0161tal\u00e1cia:<\/strong> Na\u0161i technici zabezpe\u010dia profesion\u00e1lnu in\u0161tal\u00e1ciu, ktor\u00e1 zah\u0155\u0148a mont\u00e1\u017e br\u00e1ny, nastavovanie a testovanie funk\u010dnosti.<\/li><li><strong>Kontrola kvality:<\/strong> Po dokon\u010den\u00ed mont\u00e1\u017ee vykon\u00e1me d\u00f4kladn\u00fa kontrolu kvality a zabezpe\u010d\u00edme, \u017ee v\u0161etko funguje spr\u00e1vne a bez probl\u00e9mov.<\/li><\/ol>\t\t\t\t\t\t<\/div>\n\t\t\t\t<\/div>\n\t\t\t\t<div class=\"elementor-element elementor-element-92eb5ca elementor-widget elementor-widget-heading\" data-id=\"92eb5ca\" data-element_type=\"widget\" data-widget_type=\"heading.default\">\n\t\t\t\t<div class=\"elementor-widget-container\">\n\t\t\t<h2 class=\"elementor-heading-title elementor-size-default\">Pre\u010do si vybra\u0165 n\u00e1s?<\/h2>\t\t<\/div>\n\t\t\t\t<\/div>\n\t\t\t\t<div class=\"elementor-element elementor-element-28313317 elementor-widget elementor-widget-text-editor\" data-id=\"28313317\" data-element_type=\"widget\" data-widget_type=\"text-editor.default\">\n\t\t\t\t<div class=\"elementor-widget-container\">\n\t\t\t\t\t\t\t<ul><li class=\"article_title align-center\"><strong>Kvalita<\/strong><\/li><\/ul><div class=\"article_indents\"><p class=\"article_indent align-center\">\u0160arm\u00edr Steel je z\u00e1rukou toho, \u017ee va\u0161a br\u00e1na bude odoln\u00e1, vysokokvalitn\u00e1 a spo\u013eahliv\u00e1.<\/p><ul><li class=\"article_title align-center\"><strong>Sk\u00fasenosti<\/strong><\/li><\/ul><div class=\"article_indents\"><p class=\"article_indent align-center\">M\u00e1me bohat\u00e9 sk\u00fasenosti v oblasti v\u00fdroby posuvn\u00fdch br\u00e1n a aj ich in\u0161tal\u00e1cie.\u00a0<\/p><ul><li class=\"article_title align-center\"><strong>Z\u00e1kazn\u00edcky servis<\/strong><\/li><\/ul><div class=\"article_indents\"><p class=\"article_indent align-center\">N\u00e1\u0161 t\u00edm je pripraven\u00fd odpoveda\u0165 na v\u0161etky va\u0161e ot\u00e1zky a poskytn\u00fa\u0165 v\u00e1m odborn\u00e9 poradenstvo.<\/p><ul><li class=\"article_title align-center\"><strong>Cenov\u00e1 dostupnos\u0165<\/strong><\/li><\/ul><div class=\"article_indents\"><p class=\"article_indent align-center\">Poskytujeme kvalitn\u00e9 produkty za konkurencieschopn\u00e9 ceny.<\/p><\/div><p>Ak m\u00e1te z\u00e1ujem o mont\u00e1\u017e br\u00e1ny Bratislava a okolie, nev\u00e1hajte n\u00e1s kontaktova\u0165. Na\u0161i odborn\u00edci v\u00e1m radi poradia a poskytn\u00fa bezplatn\u00fa konzult\u00e1ciu. Spo\u013eahnite sa na na\u0161u profesionalitu a kvalitu slu\u017eieb!<\/p><div class=\"article_indents\"><div class=\"content_section position-1\"><article id=\"Article_idm139968259295648-15\"><div class=\"Article notab_br decoration-none\"><div class=\"article_indents\">\u00a0<\/div><\/div><\/article><\/div><\/div><\/div><\/div><\/div>\t\t\t\t\t\t<\/div>\n\t\t\t\t<\/div>\n\t\t\t\t\t<\/div>\n\t\t<\/div>\n\t\t\t\t\t<\/div>\n\t\t<\/section>\n\t\t\t\t\t<\/div>\n\t\t<\/div>\n\t\t\t\t\t<\/div>\n\t\t<\/section>\n\t\t\t\t<section class=\"elementor-section elementor-top-section elementor-element elementor-element-344800cf elementor-section-boxed elementor-section-height-default elementor-section-height-default\" data-id=\"344800cf\" data-element_type=\"section\">\n\t\t\t\t\t\t<div class=\"elementor-container elementor-column-gap-default\">\n\t\t\t\t\t<div class=\"elementor-column elementor-col-100 elementor-top-column elementor-element elementor-element-169ce5a6\" data-id=\"169ce5a6\" data-element_type=\"column\">\n\t\t\t<div class=\"elementor-widget-wrap elementor-element-populated\">\n\t\t\t\t\t\t<div class=\"elementor-element elementor-element-7a18ad3 elementor-widget elementor-widget-heading\" data-id=\"7a18ad3\" data-element_type=\"widget\" data-widget_type=\"heading.default\">\n\t\t\t\t<div class=\"elementor-widget-container\">\n\t\t\t<h2 class=\"elementor-heading-title elementor-size-default\">Mont\u00e1\u017e br\u00e1ny Bratislava a okolie<\/h2>\t\t<\/div>\n\t\t\t\t<\/div>\n\t\t\t\t<div class=\"elementor-element elementor-element-1237af02 elementor-widget elementor-widget-gallery\" data-id=\"1237af02\" data-element_type=\"widget\" data-settings=\"{&quot;lazyload&quot;:&quot;yes&quot;,&quot;gallery_layout&quot;:&quot;grid&quot;,&quot;columns&quot;:4,&quot;columns_tablet&quot;:2,&quot;columns_mobile&quot;:1,&quot;gap&quot;:{&quot;unit&quot;:&quot;px&quot;,&quot;size&quot;:10,&quot;sizes&quot;:[]},&quot;gap_tablet&quot;:{&quot;unit&quot;:&quot;px&quot;,&quot;size&quot;:10,&quot;sizes&quot;:[]},&quot;gap_mobile&quot;:{&quot;unit&quot;:&quot;px&quot;,&quot;size&quot;:10,&quot;sizes&quot;:[]},&quot;link_to&quot;:&quot;file&quot;,&quot;aspect_ratio&quot;:&quot;3:2&quot;,&quot;overlay_background&quot;:&quot;yes&quot;,&quot;content_hover_animation&quot;:&quot;fade-in&quot;}\" data-widget_type=\"gallery.default\">\n\t\t\t\t<div class=\"elementor-widget-container\">\n\t\t\t\t\t<div class=\"elementor-gallery__container\">\n\t\t\t\t\t\t\t<a class=\"e-gallery-item elementor-gallery-item elementor-animated-content\" href=\"https:\/\/sarmirsteel.sk\/wp-content\/uploads\/2024\/06\/montaz-brany-bratislava.jpg\" data-elementor-open-lightbox=\"yes\" data-elementor-lightbox-slideshow=\"1237af02\" data-elementor-lightbox-title=\"mont\u00e1\u017e br\u00e1ny bratislava\" data-e-action-hash=\"#elementor-action%3Aaction%3Dlightbox%26settings%3DeyJpZCI6MTY1OSwidXJsIjoiaHR0cHM6XC9cL3Nhcm1pcnN0ZWVsLnNrXC93cC1jb250ZW50XC91cGxvYWRzXC8yMDI0XC8wNlwvbW9udGF6LWJyYW55LWJyYXRpc2xhdmEuanBnIiwic2xpZGVzaG93IjoiMTIzN2FmMDIifQ%3D%3D\">\n\t\t\t\t\t<div class=\"e-gallery-image elementor-gallery-item__image\" data-thumbnail=\"https:\/\/sarmirsteel.sk\/wp-content\/uploads\/2024\/06\/montaz-brany-bratislava-300x225.jpg\" data-width=\"300\" data-height=\"225\" aria-label=\"montaz brany bratislava a okolie\" role=\"img\" ><\/div>\n\t\t\t\t\t\t\t\t\t\t\t<div class=\"elementor-gallery-item__overlay\"><\/div>\n\t\t\t\t\t\t\t\t\t\t\t\t\t\t<\/a>\n\t\t\t\t\t<\/div>\n\t\t\t<\/div>\n\t\t\t\t<\/div>\n\t\t\t\t<div class=\"elementor-element elementor-element-37076c1 elementor-widget elementor-widget-text-editor\" data-id=\"37076c1\" data-element_type=\"widget\" data-widget_type=\"text-editor.default\">\n\t\t\t\t<div class=\"elementor-widget-container\">\n\t\t\t\t\t\t\t<div class=\"elementor-element elementor-element-4c5f9c2a elementor-widget elementor-widget-gallery\" data-id=\"4c5f9c2a\" data-element_type=\"widget\" data-settings=\"{&quot;lazyload&quot;:&quot;yes&quot;,&quot;gallery_layout&quot;:&quot;grid&quot;,&quot;columns&quot;:4,&quot;columns_tablet&quot;:2,&quot;columns_mobile&quot;:1,&quot;gap&quot;:{&quot;unit&quot;:&quot;px&quot;,&quot;size&quot;:10,&quot;sizes&quot;:[]},&quot;gap_tablet&quot;:{&quot;unit&quot;:&quot;px&quot;,&quot;size&quot;:10,&quot;sizes&quot;:[]},&quot;gap_mobile&quot;:{&quot;unit&quot;:&quot;px&quot;,&quot;size&quot;:10,&quot;sizes&quot;:[]},&quot;link_to&quot;:&quot;file&quot;,&quot;aspect_ratio&quot;:&quot;3:2&quot;,&quot;overlay_background&quot;:&quot;yes&quot;,&quot;content_hover_animation&quot;:&quot;fade-in&quot;}\" data-widget_type=\"gallery.default\"><div class=\"elementor-widget-container\"><div class=\"elementor-gallery__container e-gallery-container e-gallery-grid e-gallery--ltr e-gallery--lazyload\"><div class=\"elementor-gallery-item__overlay\">Viac fotiek z mont\u00e1\u017ee br\u00e1n v Bratislave a okol\u00ed n\u00e1jdete na na\u0161om <a href=\"https:\/\/www.facebook.com\/sarmirsteel.sk\">Facebook \u00fa\u010dte<\/a>.<\/div><\/div><\/div><\/div>\t\t\t\t\t\t<\/div>\n\t\t\t\t<\/div>\n\t\t\t\t\t<\/div>\n\t\t<\/div>\n\t\t\t\t\t<\/div>\n\t\t<\/section>\n\t\t\t\t<\/div>","protected":false},"excerpt":{"rendered":"<p>Mont\u00e1\u017e br\u00e1ny Bratislava a okolie Profesion\u00e1lne slu\u017eby pre v\u00e1\u0161 pozemok Mont\u00e1\u017e br\u00e1ny Bratislava a okolie predstavuje k\u013e\u00fa\u010dov\u00fd krok k zabezpe\u010deniu v\u00e1\u0161ho pozemku a zv\u00fd\u0161eniu jeho estetickej hodnoty. Na\u0161a spolo\u010dnos\u0165 pon\u00faka kompletn\u00e9 slu\u017eby v oblasti mont\u00e1\u017ee br\u00e1n, ktor\u00e9 sp\u013a\u0148aj\u00fa najvy\u0161\u0161ie \u0161tandardy kvality a bezpe\u010dnosti. Na\u0161e slu\u017eby mont\u00e1\u017ee br\u00e1ny Konzult\u00e1cia a n\u00e1vrh Poskytujeme bezplatn\u00e9 konzult\u00e1cie a n\u00e1vrhy [&hellip;]<\/p>","protected":false},"author":3,"featured_media":1659,"parent":0,"menu_order":0,"comment_status":"closed","ping_status":"closed","template":"","meta":{"footnotes":""},"class_list":["post-1653","page","type-page","status-publish","has-post-thumbnail","hentry"],"_links":{"self":[{"href":"https:\/\/sarmirsteel.sk\/cz\/wp-json\/wp\/v2\/pages\/1653","targetHints":{"allow":["GET"]}}],"collection":[{"href":"https:\/\/sarmirsteel.sk\/cz\/wp-json\/wp\/v2\/pages"}],"about":[{"href":"https:\/\/sarmirsteel.sk\/cz\/wp-json\/wp\/v2\/types\/page"}],"author":[{"embeddable":true,"href":"https:\/\/sarmirsteel.sk\/cz\/wp-json\/wp\/v2\/users\/3"}],"replies":[{"embeddable":true,"href":"https:\/\/sarmirsteel.sk\/cz\/wp-json\/wp\/v2\/comments?post=1653"}],"version-history":[{"count":0,"href":"https:\/\/sarmirsteel.sk\/cz\/wp-json\/wp\/v2\/pages\/1653\/revisions"}],"wp:featuredmedia":[{"embeddable":true,"href":"https:\/\/sarmirsteel.sk\/cz\/wp-json\/wp\/v2\/media\/1659"}],"wp:attachment":[{"href":"https:\/\/sarmirsteel.sk\/cz\/wp-json\/wp\/v2\/media?parent=1653"}],"curies":[{"name":"wp","href":"https:\/\/api.w.org\/{rel}","templated":true}]}}