{"id":1645,"date":"2024-06-23T19:54:55","date_gmt":"2024-06-23T17:54:55","guid":{"rendered":"https:\/\/sarmirsteel.sk\/?page_id=1645"},"modified":"2024-06-23T20:24:09","modified_gmt":"2024-06-23T18:24:09","slug":"drevene-branky-bratislava","status":"publish","type":"page","link":"https:\/\/sarmirsteel.sk\/cz\/drevene-branky-bratislava\/","title":{"rendered":"Dreven\u00e9 br\u00e1nky Bratislava"},"content":{"rendered":"<div data-elementor-type=\"wp-page\" data-elementor-id=\"1645\" class=\"elementor elementor-1645\" data-elementor-post-type=\"page\">\n\t\t\t\t\t\t<section class=\"elementor-section elementor-top-section elementor-element elementor-element-6e411dbe elementor-section-height-min-height elementor-section-boxed elementor-section-height-default elementor-section-items-middle\" data-id=\"6e411dbe\" data-element_type=\"section\" data-settings=\"{&quot;background_background&quot;:&quot;classic&quot;}\">\n\t\t\t\t\t\t<div class=\"elementor-container elementor-column-gap-default\">\n\t\t\t\t\t<div class=\"elementor-column elementor-col-100 elementor-top-column elementor-element elementor-element-6265d745\" data-id=\"6265d745\" data-element_type=\"column\">\n\t\t\t<div class=\"elementor-widget-wrap elementor-element-populated\">\n\t\t\t\t\t\t<div class=\"elementor-element elementor-element-12847caf elementor-widget elementor-widget-heading\" data-id=\"12847caf\" data-element_type=\"widget\" data-widget_type=\"heading.default\">\n\t\t\t\t<div class=\"elementor-widget-container\">\n\t\t\t<h1 class=\"elementor-heading-title elementor-size-default\">Dreven\u00e9 br\u00e1nky Bratislava a okolie<\/h1>\t\t<\/div>\n\t\t\t\t<\/div>\n\t\t\t\t\t<\/div>\n\t\t<\/div>\n\t\t\t\t\t<\/div>\n\t\t<\/section>\n\t\t\t\t<section class=\"elementor-section elementor-top-section elementor-element elementor-element-71eb193c elementor-section-content-middle elementor-section-boxed elementor-section-height-default elementor-section-height-default\" data-id=\"71eb193c\" data-element_type=\"section\" id=\"sluzby\" data-settings=\"{&quot;background_background&quot;:&quot;classic&quot;}\">\n\t\t\t\t\t\t<div class=\"elementor-container elementor-column-gap-no\">\n\t\t\t\t\t<div class=\"elementor-column elementor-col-100 elementor-top-column elementor-element elementor-element-7191cee0\" data-id=\"7191cee0\" data-element_type=\"column\">\n\t\t\t<div class=\"elementor-widget-wrap elementor-element-populated\">\n\t\t\t\t\t\t<section class=\"elementor-section elementor-inner-section elementor-element elementor-element-48d3d680 elementor-section-boxed elementor-section-height-default elementor-section-height-default\" data-id=\"48d3d680\" data-element_type=\"section\">\n\t\t\t\t\t\t<div class=\"elementor-container elementor-column-gap-default\">\n\t\t\t\t\t<div class=\"elementor-column elementor-col-100 elementor-inner-column elementor-element elementor-element-45cdcd97\" data-id=\"45cdcd97\" data-element_type=\"column\">\n\t\t\t<div class=\"elementor-widget-wrap elementor-element-populated\">\n\t\t\t\t\t\t<div class=\"elementor-element elementor-element-4e1dfc67 elementor-widget elementor-widget-heading\" data-id=\"4e1dfc67\" data-element_type=\"widget\" data-widget_type=\"heading.default\">\n\t\t\t\t<div class=\"elementor-widget-container\">\n\t\t\t<h2 class=\"elementor-heading-title elementor-size-default\">Kvalita a elegancia pre v\u00e1\u0161 pozemok<\/h2>\t\t<\/div>\n\t\t\t\t<\/div>\n\t\t\t\t<div class=\"elementor-element elementor-element-3279d07c elementor-widget elementor-widget-text-editor\" data-id=\"3279d07c\" data-element_type=\"widget\" data-widget_type=\"text-editor.default\">\n\t\t\t\t<div class=\"elementor-widget-container\">\n\t\t\t\t\t\t\t<p><strong>Dreven\u00e9 br\u00e1nky Bratislava a okolie<\/strong> predstavuj\u00fa ide\u00e1lnu vo\u013ebu pre t\u00fdch, ktor\u00ed h\u013eadaj\u00fa harmonick\u00fa kombin\u00e1ciu pr\u00edrodn\u00e9ho vzh\u013eadu a funk\u010dnosti. Na\u0161a spolo\u010dnos\u0165 pon\u00faka \u0161irok\u00fd v\u00fdber dreven\u00fdch br\u00e1nok, ktor\u00e9 s\u00fa navrhnut\u00e9 tak, aby sp\u013a\u0148ali najvy\u0161\u0161ie \u0161tandardy kvality a estetiky.<\/p>\t\t\t\t\t\t<\/div>\n\t\t\t\t<\/div>\n\t\t\t\t<div class=\"elementor-element elementor-element-bb74e98 elementor-widget elementor-widget-heading\" data-id=\"bb74e98\" data-element_type=\"widget\" data-widget_type=\"heading.default\">\n\t\t\t\t<div class=\"elementor-widget-container\">\n\t\t\t<h2 class=\"elementor-heading-title elementor-size-default\">Pre\u010do si vybra\u0165 dreven\u00e9 br\u00e1nky?<\/h2>\t\t<\/div>\n\t\t\t\t<\/div>\n\t\t\t\t<div class=\"elementor-element elementor-element-3f6e16a2 elementor-widget elementor-widget-text-editor\" data-id=\"3f6e16a2\" data-element_type=\"widget\" data-widget_type=\"text-editor.default\">\n\t\t\t\t<div class=\"elementor-widget-container\">\n\t\t\t\t\t\t\t<ul><li class=\"article_title align-center\"><strong>Pr\u00edrodn\u00e1 kr\u00e1sa<\/strong><\/li><\/ul><div class=\"article_indents\"><p class=\"article_indent align-center\">Dreven\u00e9 br\u00e1nky dodaj\u00fa v\u00e1\u0161mu pozemku prirodzen\u00fd a elegantn\u00fd vzh\u013ead, ktor\u00fd sa hod\u00ed do ak\u00e9hoko\u013evek prostredia.<\/p><ul><li class=\"article_title align-center\"><strong>Trv\u00e1cnos\u0165<\/strong><\/li><\/ul><div class=\"article_indents\"><p class=\"article_indent align-center\">Kvalitn\u00e9 drevo, ktor\u00e9 pou\u017e\u00edvame, je odoln\u00e9 vo\u010di poveternostn\u00fdm podmienkam a zabezpe\u010d\u00ed dlh\u00fa \u017eivotnos\u0165 va\u0161ej br\u00e1nky.<\/p><ul><li class=\"article_title align-center\"><strong>Univerz\u00e1lnos\u0165<\/strong><\/li><\/ul><div class=\"article_indents\"><p class=\"article_indent align-center\">Na\u0161e dreven\u00e9 br\u00e1nky s\u00fa dostupn\u00e9 v r\u00f4znych dizajnoch, farb\u00e1ch a ve\u013ekostiach, \u010do umo\u017e\u0148uje ich prisp\u00f4sobenie va\u0161im konkr\u00e9tnym po\u017eiadavk\u00e1m.<\/p><ul><li class=\"article_title align-center\"><strong>Ekologick\u00e1 vo\u013eba<\/strong><\/li><\/ul><div class=\"article_indents\"><p class=\"article_indent align-center\">Pou\u017e\u00edvame drevo z udr\u017eate\u013en\u00fdch zdrojov, \u010d\u00edm prispievame k ochrane \u017eivotn\u00e9ho prostredia.<\/p><div class=\"content_section position-1\"><article id=\"Article_idm139968259295648-15\"><div class=\"Article notab_br decoration-none\"><div class=\"article_indents\">\u00a0<\/div><\/div><\/article><\/div><\/div><\/div><\/div><\/div>\t\t\t\t\t\t<\/div>\n\t\t\t\t<\/div>\n\t\t\t\t<div class=\"elementor-element elementor-element-67bd416b elementor-widget elementor-widget-heading\" data-id=\"67bd416b\" data-element_type=\"widget\" data-widget_type=\"heading.default\">\n\t\t\t\t<div class=\"elementor-widget-container\">\n\t\t\t<h2 class=\"elementor-heading-title elementor-size-default\">Technick\u00e9 vlastnosti<\/h2>\t\t<\/div>\n\t\t\t\t<\/div>\n\t\t\t\t<div class=\"elementor-element elementor-element-348689dc elementor-widget elementor-widget-text-editor\" data-id=\"348689dc\" data-element_type=\"widget\" data-widget_type=\"text-editor.default\">\n\t\t\t\t<div class=\"elementor-widget-container\">\n\t\t\t\t\t\t\t<p>Dreven\u00e9 br\u00e1nky, ktor\u00e9 pon\u00fakame, s\u00fa vyroben\u00e9 z kvalitn\u00fdch drev\u00edn ako dub, smrek, borovica alebo exotick\u00e9 dreviny, ktor\u00e9 s\u00fa zn\u00e1me svojou odolnos\u0165ou a estetickou hodnotou. Povrchov\u00e1 \u00faprava dreva, ako je olejovanie, lakovanie alebo impregn\u00e1cia, zabezpe\u010duje ochranu pred vonkaj\u0161\u00edmi vplyvmi a zvy\u0161uje \u017eivotnos\u0165 br\u00e1nky.<\/p>\t\t\t\t\t\t<\/div>\n\t\t\t\t<\/div>\n\t\t\t\t<div class=\"elementor-element elementor-element-6234cef1 elementor-widget elementor-widget-heading\" data-id=\"6234cef1\" data-element_type=\"widget\" data-widget_type=\"heading.default\">\n\t\t\t\t<div class=\"elementor-widget-container\">\n\t\t\t<h2 class=\"elementor-heading-title elementor-size-default\">Dreven\u00e9 br\u00e1nky Bratislava a okolie - mont\u00e1\u017e a servis<\/h2>\t\t<\/div>\n\t\t\t\t<\/div>\n\t\t\t\t<div class=\"elementor-element elementor-element-6f945293 elementor-widget elementor-widget-text-editor\" data-id=\"6f945293\" data-element_type=\"widget\" data-widget_type=\"text-editor.default\">\n\t\t\t\t<div class=\"elementor-widget-container\">\n\t\t\t\t\t\t\t<p>Na\u0161a spolo\u010dnos\u0165 poskytuje kompletn\u00e9 slu\u017eby od n\u00e1vrhu a\u017e po mont\u00e1\u017e dreven\u00fdch br\u00e1nok. Na\u0161i sk\u00fasen\u00ed technici sa postaraj\u00fa o profesion\u00e1lnu in\u0161tal\u00e1ciu, aby va\u0161a br\u00e1nka perfektne zapadla do v\u00e1\u0161ho pozemku. Okrem toho pon\u00fakame aj \u00fadr\u017ebu a opravy, aby dreven\u00e9 br\u00e1nky zostali v top stave dlh\u00e9 roky.<\/p>\t\t\t\t\t\t<\/div>\n\t\t\t\t<\/div>\n\t\t\t\t<div class=\"elementor-element elementor-element-76d8ee88 elementor-widget elementor-widget-heading\" data-id=\"76d8ee88\" data-element_type=\"widget\" data-widget_type=\"heading.default\">\n\t\t\t\t<div class=\"elementor-widget-container\">\n\t\t\t<h2 class=\"elementor-heading-title elementor-size-default\">Pre\u010do si vybra\u0165 n\u00e1s?<\/h2>\t\t<\/div>\n\t\t\t\t<\/div>\n\t\t\t\t<div class=\"elementor-element elementor-element-23dc9dc5 elementor-widget elementor-widget-text-editor\" data-id=\"23dc9dc5\" data-element_type=\"widget\" data-widget_type=\"text-editor.default\">\n\t\t\t\t<div class=\"elementor-widget-container\">\n\t\t\t\t\t\t\t<ul><li class=\"article_title align-center\"><strong>Kvalita<\/strong><\/li><\/ul><div class=\"article_indents\"><p class=\"article_indent align-center\">\u0160armir Steel je z\u00e1rukou toho, \u017ee va\u0161a br\u00e1na bude odoln\u00e1, vysokokvalitn\u00e1 a spo\u013eahliv\u00e1.<\/p><ul><li class=\"article_title align-center\"><strong>Sk\u00fasenosti<\/strong><\/li><\/ul><div class=\"article_indents\"><p class=\"article_indent align-center\">M\u00e1me bohat\u00e9 sk\u00fasenosti v oblasti v\u00fdroby posuvn\u00fdch br\u00e1n a aj ich in\u0161tal\u00e1cie.\u00a0<\/p><ul><li class=\"article_title align-center\"><strong>Z\u00e1kazn\u00edcky servis<\/strong><\/li><\/ul><div class=\"article_indents\"><p class=\"article_indent align-center\">N\u00e1\u0161 t\u00edm je pripraven\u00fd odpoveda\u0165 na v\u0161etky va\u0161e ot\u00e1zky a poskytn\u00fa\u0165 v\u00e1m odborn\u00e9 poradenstvo.<\/p><ul><li class=\"article_title align-center\"><strong>Cenov\u00e1 dostupnos\u0165<\/strong><\/li><\/ul><div class=\"article_indents\"><p class=\"article_indent align-center\">Poskytujeme kvalitn\u00e9 produkty za konkurencieschopn\u00e9 ceny.<\/p><\/div><p>Ak m\u00e1te z\u00e1ujem o dreven\u00e9 br\u00e1nky v Bratislave a okol\u00ed, nev\u00e1hajte n\u00e1s kontaktova\u0165. Na\u0161i odborn\u00edci v\u00e1m radi poradia a pom\u00f4\u017eu s v\u00fdberom ide\u00e1lnej br\u00e1nky pre v\u00e1\u0161 pozemok.<\/p><div class=\"article_indents\"><div class=\"content_section position-1\"><article id=\"Article_idm139968259295648-15\"><div class=\"Article notab_br decoration-none\"><div class=\"article_indents\">\u00a0<\/div><\/div><\/article><\/div><\/div><\/div><\/div><\/div>\t\t\t\t\t\t<\/div>\n\t\t\t\t<\/div>\n\t\t\t\t\t<\/div>\n\t\t<\/div>\n\t\t\t\t\t<\/div>\n\t\t<\/section>\n\t\t\t\t\t<\/div>\n\t\t<\/div>\n\t\t\t\t\t<\/div>\n\t\t<\/section>\n\t\t\t\t<section class=\"elementor-section elementor-top-section elementor-element elementor-element-66610fa6 elementor-section-boxed elementor-section-height-default elementor-section-height-default\" data-id=\"66610fa6\" data-element_type=\"section\">\n\t\t\t\t\t\t<div class=\"elementor-container elementor-column-gap-default\">\n\t\t\t\t\t<div class=\"elementor-column elementor-col-100 elementor-top-column elementor-element elementor-element-471177c1\" data-id=\"471177c1\" data-element_type=\"column\">\n\t\t\t<div class=\"elementor-widget-wrap elementor-element-populated\">\n\t\t\t\t\t\t<div class=\"elementor-element elementor-element-7207864 elementor-widget elementor-widget-heading\" data-id=\"7207864\" data-element_type=\"widget\" data-widget_type=\"heading.default\">\n\t\t\t\t<div class=\"elementor-widget-container\">\n\t\t\t<h2 class=\"elementor-heading-title elementor-size-default\">Dreven\u00e9 br\u00e1nky Bratislava a okolie z na\u0161ej v\u00fdroby<\/h2>\t\t<\/div>\n\t\t\t\t<\/div>\n\t\t\t\t<div class=\"elementor-element elementor-element-5626753 elementor-widget elementor-widget-gallery\" data-id=\"5626753\" data-element_type=\"widget\" data-settings=\"{&quot;lazyload&quot;:&quot;yes&quot;,&quot;gallery_layout&quot;:&quot;grid&quot;,&quot;columns&quot;:4,&quot;columns_tablet&quot;:2,&quot;columns_mobile&quot;:1,&quot;gap&quot;:{&quot;unit&quot;:&quot;px&quot;,&quot;size&quot;:10,&quot;sizes&quot;:[]},&quot;gap_tablet&quot;:{&quot;unit&quot;:&quot;px&quot;,&quot;size&quot;:10,&quot;sizes&quot;:[]},&quot;gap_mobile&quot;:{&quot;unit&quot;:&quot;px&quot;,&quot;size&quot;:10,&quot;sizes&quot;:[]},&quot;link_to&quot;:&quot;file&quot;,&quot;aspect_ratio&quot;:&quot;3:2&quot;,&quot;overlay_background&quot;:&quot;yes&quot;,&quot;content_hover_animation&quot;:&quot;fade-in&quot;}\" data-widget_type=\"gallery.default\">\n\t\t\t\t<div class=\"elementor-widget-container\">\n\t\t\t\t\t<div class=\"elementor-gallery__container\">\n\t\t\t\t\t\t\t<a class=\"e-gallery-item elementor-gallery-item elementor-animated-content\" href=\"https:\/\/sarmirsteel.sk\/wp-content\/uploads\/2024\/06\/drevena-branka-bratislava-e1719166958577.jpg\" data-elementor-open-lightbox=\"yes\" data-elementor-lightbox-slideshow=\"5626753\" data-elementor-lightbox-title=\"drevene-branky-bratislava\" data-e-action-hash=\"#elementor-action%3Aaction%3Dlightbox%26settings%3DeyJpZCI6MTY0OCwidXJsIjoiaHR0cHM6XC9cL3Nhcm1pcnN0ZWVsLnNrXC93cC1jb250ZW50XC91cGxvYWRzXC8yMDI0XC8wNlwvZHJldmVuYS1icmFua2EtYnJhdGlzbGF2YS1lMTcxOTE2Njk1ODU3Ny5qcGciLCJzbGlkZXNob3ciOiI1NjI2NzUzIn0%3D\">\n\t\t\t\t\t<div class=\"e-gallery-image elementor-gallery-item__image\" data-thumbnail=\"https:\/\/sarmirsteel.sk\/wp-content\/uploads\/2024\/06\/drevena-branka-bratislava-e1719166958577-300x250.jpg\" data-width=\"300\" data-height=\"250\" aria-label=\"drevene branky bratislava a okolie na mieru\" role=\"img\" ><\/div>\n\t\t\t\t\t\t\t\t\t\t\t<div class=\"elementor-gallery-item__overlay\"><\/div>\n\t\t\t\t\t\t\t\t\t\t\t\t\t\t<\/a>\n\t\t\t\t\t<\/div>\n\t\t\t<\/div>\n\t\t\t\t<\/div>\n\t\t\t\t<div class=\"elementor-element elementor-element-5331e3d elementor-widget elementor-widget-text-editor\" data-id=\"5331e3d\" data-element_type=\"widget\" data-widget_type=\"text-editor.default\">\n\t\t\t\t<div class=\"elementor-widget-container\">\n\t\t\t\t\t\t\t<p>Viac fotiek realiz\u00e1ci\u00ed dreven\u00fdch br\u00e1nok v Bratislave a okol\u00ed n\u00e1jdete na na\u0161om <a href=\"https:\/\/www.facebook.com\/sarmirsteel.sk\">Facebook \u00fa\u010dte<\/a>.<\/p>\t\t\t\t\t\t<\/div>\n\t\t\t\t<\/div>\n\t\t\t\t\t<\/div>\n\t\t<\/div>\n\t\t\t\t\t<\/div>\n\t\t<\/section>\n\t\t\t\t<\/div>","protected":false},"excerpt":{"rendered":"<p>Dreven\u00e9 br\u00e1nky Bratislava a okolie Kvalita a elegancia pre v\u00e1\u0161 pozemok Dreven\u00e9 br\u00e1nky Bratislava a okolie predstavuj\u00fa ide\u00e1lnu vo\u013ebu pre t\u00fdch, ktor\u00ed h\u013eadaj\u00fa harmonick\u00fa kombin\u00e1ciu pr\u00edrodn\u00e9ho vzh\u013eadu a funk\u010dnosti. Na\u0161a spolo\u010dnos\u0165 pon\u00faka \u0161irok\u00fd v\u00fdber dreven\u00fdch br\u00e1nok, ktor\u00e9 s\u00fa navrhnut\u00e9 tak, aby sp\u013a\u0148ali najvy\u0161\u0161ie \u0161tandardy kvality a estetiky. Pre\u010do si vybra\u0165 dreven\u00e9 br\u00e1nky? Pr\u00edrodn\u00e1 kr\u00e1sa Dreven\u00e9 [&hellip;]<\/p>","protected":false},"author":3,"featured_media":1648,"parent":0,"menu_order":0,"comment_status":"closed","ping_status":"closed","template":"","meta":{"footnotes":""},"class_list":["post-1645","page","type-page","status-publish","has-post-thumbnail","hentry"],"_links":{"self":[{"href":"https:\/\/sarmirsteel.sk\/cz\/wp-json\/wp\/v2\/pages\/1645","targetHints":{"allow":["GET"]}}],"collection":[{"href":"https:\/\/sarmirsteel.sk\/cz\/wp-json\/wp\/v2\/pages"}],"about":[{"href":"https:\/\/sarmirsteel.sk\/cz\/wp-json\/wp\/v2\/types\/page"}],"author":[{"embeddable":true,"href":"https:\/\/sarmirsteel.sk\/cz\/wp-json\/wp\/v2\/users\/3"}],"replies":[{"embeddable":true,"href":"https:\/\/sarmirsteel.sk\/cz\/wp-json\/wp\/v2\/comments?post=1645"}],"version-history":[{"count":0,"href":"https:\/\/sarmirsteel.sk\/cz\/wp-json\/wp\/v2\/pages\/1645\/revisions"}],"wp:featuredmedia":[{"embeddable":true,"href":"https:\/\/sarmirsteel.sk\/cz\/wp-json\/wp\/v2\/media\/1648"}],"wp:attachment":[{"href":"https:\/\/sarmirsteel.sk\/cz\/wp-json\/wp\/v2\/media?parent=1645"}],"curies":[{"name":"wp","href":"https:\/\/api.w.org\/{rel}","templated":true}]}}