{"id":1632,"date":"2024-06-23T17:14:10","date_gmt":"2024-06-23T15:14:10","guid":{"rendered":"https:\/\/sarmirsteel.sk\/?page_id=1632"},"modified":"2024-06-23T19:54:25","modified_gmt":"2024-06-23T17:54:25","slug":"zahradna-jednokridlova-branka-bratislava","status":"publish","type":"page","link":"https:\/\/sarmirsteel.sk\/cz\/zahradna-jednokridlova-branka-bratislava\/","title":{"rendered":"Z\u00e1hradn\u00e1 jednokr\u00eddlov\u00e1 br\u00e1nka Bratislava"},"content":{"rendered":"<div data-elementor-type=\"wp-page\" data-elementor-id=\"1632\" class=\"elementor elementor-1632\" data-elementor-post-type=\"page\">\n\t\t\t\t\t\t<section class=\"elementor-section elementor-top-section elementor-element elementor-element-da027bb elementor-section-height-min-height elementor-section-boxed elementor-section-height-default elementor-section-items-middle\" data-id=\"da027bb\" data-element_type=\"section\" data-settings=\"{&quot;background_background&quot;:&quot;classic&quot;}\">\n\t\t\t\t\t\t<div class=\"elementor-container elementor-column-gap-default\">\n\t\t\t\t\t<div class=\"elementor-column elementor-col-100 elementor-top-column elementor-element elementor-element-476805b9\" data-id=\"476805b9\" data-element_type=\"column\">\n\t\t\t<div class=\"elementor-widget-wrap elementor-element-populated\">\n\t\t\t\t\t\t<div class=\"elementor-element elementor-element-51fbb387 elementor-widget elementor-widget-heading\" data-id=\"51fbb387\" data-element_type=\"widget\" data-widget_type=\"heading.default\">\n\t\t\t\t<div class=\"elementor-widget-container\">\n\t\t\t<h1 class=\"elementor-heading-title elementor-size-default\">Z\u00e1hradn\u00e1 jednokr\u00eddlov\u00e1 br\u00e1nka Bratislava a okolie<\/h1>\t\t<\/div>\n\t\t\t\t<\/div>\n\t\t\t\t\t<\/div>\n\t\t<\/div>\n\t\t\t\t\t<\/div>\n\t\t<\/section>\n\t\t\t\t<section class=\"elementor-section elementor-top-section elementor-element elementor-element-68bba562 elementor-section-content-middle elementor-section-boxed elementor-section-height-default elementor-section-height-default\" data-id=\"68bba562\" data-element_type=\"section\" id=\"sluzby\" data-settings=\"{&quot;background_background&quot;:&quot;classic&quot;}\">\n\t\t\t\t\t\t<div class=\"elementor-container elementor-column-gap-no\">\n\t\t\t\t\t<div class=\"elementor-column elementor-col-100 elementor-top-column elementor-element elementor-element-2d90f8f0\" data-id=\"2d90f8f0\" data-element_type=\"column\">\n\t\t\t<div class=\"elementor-widget-wrap elementor-element-populated\">\n\t\t\t\t\t\t<section class=\"elementor-section elementor-inner-section elementor-element elementor-element-cc55123 elementor-section-boxed elementor-section-height-default elementor-section-height-default\" data-id=\"cc55123\" data-element_type=\"section\">\n\t\t\t\t\t\t<div class=\"elementor-container elementor-column-gap-default\">\n\t\t\t\t\t<div class=\"elementor-column elementor-col-100 elementor-inner-column elementor-element elementor-element-5e175da9\" data-id=\"5e175da9\" data-element_type=\"column\">\n\t\t\t<div class=\"elementor-widget-wrap elementor-element-populated\">\n\t\t\t\t\t\t<div class=\"elementor-element elementor-element-442cd237 elementor-widget elementor-widget-heading\" data-id=\"442cd237\" data-element_type=\"widget\" data-widget_type=\"heading.default\">\n\t\t\t\t<div class=\"elementor-widget-container\">\n\t\t\t<h2 class=\"elementor-heading-title elementor-size-default\">Spo\u013eahliv\u00e1 a estetick\u00e1 ochrana v\u00e1\u0161ho pozemku<\/h2>\t\t<\/div>\n\t\t\t\t<\/div>\n\t\t\t\t<div class=\"elementor-element elementor-element-aafa5bd elementor-widget elementor-widget-text-editor\" data-id=\"aafa5bd\" data-element_type=\"widget\" data-widget_type=\"text-editor.default\">\n\t\t\t\t<div class=\"elementor-widget-container\">\n\t\t\t\t\t\t\t<p><strong>Z\u00e1hradn\u00e1 jednokr\u00eddlov\u00e1 br\u00e1nka Bratislava a okolie<\/strong> je ide\u00e1lnym rie\u0161en\u00edm pre zabezpe\u010denie vstupu na v\u00e1\u0161 pozemok. Na\u0161a spolo\u010dnos\u0165 pon\u00faka \u0161irok\u00fd v\u00fdber jednokr\u00eddlov\u00fdch br\u00e1nok, ktor\u00e9 kombinuj\u00fa vysok\u00fa kvalitu, odolnos\u0165 a atrakt\u00edvny dizajn. Ka\u017ed\u00e1 br\u00e1nka je vyroben\u00e1 na mieru pod\u013ea va\u0161ich \u0161pecifick\u00fdch po\u017eiadaviek, aby dokonale zapadla do v\u00e1\u0161ho exteri\u00e9ru.<\/p>\t\t\t\t\t\t<\/div>\n\t\t\t\t<\/div>\n\t\t\t\t<div class=\"elementor-element elementor-element-7a8125ea elementor-widget elementor-widget-heading\" data-id=\"7a8125ea\" data-element_type=\"widget\" data-widget_type=\"heading.default\">\n\t\t\t\t<div class=\"elementor-widget-container\">\n\t\t\t<h2 class=\"elementor-heading-title elementor-size-default\">V\u00fdhody jednokr\u00eddlov\u00fdch br\u00e1nok<\/h2>\t\t<\/div>\n\t\t\t\t<\/div>\n\t\t\t\t<div class=\"elementor-element elementor-element-2a7c8094 elementor-widget elementor-widget-text-editor\" data-id=\"2a7c8094\" data-element_type=\"widget\" data-widget_type=\"text-editor.default\">\n\t\t\t\t<div class=\"elementor-widget-container\">\n\t\t\t\t\t\t\t<ul><li class=\"article_title align-center\"><strong>Praktickos\u0165<\/strong><\/li><\/ul><div class=\"article_indents\"><p class=\"article_indent align-center\">Jednokr\u00eddlov\u00e9 br\u00e1nky s\u00fa jednoduch\u00e9 na in\u0161tal\u00e1ciu a pou\u017e\u00edvanie, ide\u00e1lne pre r\u00f4zne typy pozemkov.<\/p><ul><li class=\"article_title align-center\"><strong>Odolnos\u0165<\/strong><\/li><\/ul><div class=\"article_indents\"><p class=\"article_indent align-center\">Vyroben\u00e9 z kvalitn\u00fdch materi\u00e1lov, na\u0161e br\u00e1nky s\u00fa odoln\u00e9 vo\u010di poveternostn\u00fdm podmienkam a kor\u00f3zii, \u010do zaru\u010duje ich dlh\u00fa \u017eivotnos\u0165.<\/p><ul><li class=\"article_title align-center\"><strong>Estetika<\/strong><\/li><\/ul><div class=\"article_indents\"><p class=\"article_indent align-center\">Pon\u00fakame r\u00f4zne dizajny a \u0161t\u00fdly, ktor\u00e9 sa hodia do ka\u017ed\u00e9ho exteri\u00e9ru, \u010d\u00edm dod\u00e1vaj\u00fa v\u00e1\u0161mu pozemku estetick\u00fd vzh\u013ead.<\/p><ul><li class=\"article_title align-center\"><strong>Bezpe\u010dnos\u0165<\/strong><\/li><\/ul><div class=\"article_indents\"><p class=\"article_indent align-center\">Jednokr\u00eddlov\u00e9 br\u00e1nky poskytuj\u00fa spo\u013eahliv\u00fa ochranu a zabezpe\u010denie v\u00e1\u0161ho pozemku.<\/p><div class=\"content_section position-1\"><article id=\"Article_idm139968259295648-15\"><div class=\"Article notab_br decoration-none\"><div class=\"article_indents\">\u00a0<\/div><\/div><\/article><\/div><\/div><\/div><\/div><\/div>\t\t\t\t\t\t<\/div>\n\t\t\t\t<\/div>\n\t\t\t\t<div class=\"elementor-element elementor-element-239036a9 elementor-widget elementor-widget-heading\" data-id=\"239036a9\" data-element_type=\"widget\" data-widget_type=\"heading.default\">\n\t\t\t\t<div class=\"elementor-widget-container\">\n\t\t\t<h2 class=\"elementor-heading-title elementor-size-default\">Technick\u00e9 vlastnosti<\/h2>\t\t<\/div>\n\t\t\t\t<\/div>\n\t\t\t\t<div class=\"elementor-element elementor-element-4ddff1f6 elementor-widget elementor-widget-text-editor\" data-id=\"4ddff1f6\" data-element_type=\"widget\" data-widget_type=\"text-editor.default\">\n\t\t\t\t<div class=\"elementor-widget-container\">\n\t\t\t\t\t\t\t<p>Na\u0161e jednokr\u00eddlov\u00e9 br\u00e1nky s\u00fa dostupn\u00e9 v r\u00f4znych ve\u013ekostiach a materi\u00e1loch, vr\u00e1tane ocele, hlin\u00edka, dreva alebo PVC. V\u0161etky br\u00e1nky s\u00fa navrhnut\u00e9 tak, aby odolali n\u00e1ro\u010dn\u00fdm poveternostn\u00fdm podmienkam a zaru\u010dili dlh\u00fa \u017eivotnos\u0165. Povrchov\u00e1 \u00faprava, ako je pr\u00e1\u0161kov\u00e9 lakovanie alebo galvaniz\u00e1cia, poskytuje dodato\u010dn\u00fa ochranu proti kor\u00f3zii a estetick\u00fd vzh\u013ead.<\/p>\t\t\t\t\t\t<\/div>\n\t\t\t\t<\/div>\n\t\t\t\t<div class=\"elementor-element elementor-element-58b75e2e elementor-widget elementor-widget-heading\" data-id=\"58b75e2e\" data-element_type=\"widget\" data-widget_type=\"heading.default\">\n\t\t\t\t<div class=\"elementor-widget-container\">\n\t\t\t<h2 class=\"elementor-heading-title elementor-size-default\">Z\u00e1hradn\u00e1 jednokr\u00eddlov\u00e1 br\u00e1nka Bratislava - mont\u00e1\u017e a servis<\/h2>\t\t<\/div>\n\t\t\t\t<\/div>\n\t\t\t\t<div class=\"elementor-element elementor-element-467513b7 elementor-widget elementor-widget-text-editor\" data-id=\"467513b7\" data-element_type=\"widget\" data-widget_type=\"text-editor.default\">\n\t\t\t\t<div class=\"elementor-widget-container\">\n\t\t\t\t\t\t\t<p>Na\u0161a spolo\u010dnos\u0165 poskytuje komplexn\u00e9 slu\u017eby vr\u00e1tane profesion\u00e1lnej mont\u00e1\u017ee a servisu jednokr\u00eddlov\u00fdch br\u00e1nok. Na\u0161i sk\u00fasen\u00ed technici zabezpe\u010dia odborn\u00fa in\u0161tal\u00e1ciu a pravideln\u00fa \u00fadr\u017ebu, aby va\u0161e br\u00e1nky fungovali bezchybne a vydr\u017eali \u010do najdlh\u0161ie. Sme tu pre v\u00e1s, aby sme rie\u0161ili v\u0161etky va\u0161e po\u017eiadavky a zabezpe\u010dili, \u017ee va\u0161a jednokr\u00eddlov\u00e1 br\u00e1nka bude v\u017edy v perfektnom stave.<\/p>\t\t\t\t\t\t<\/div>\n\t\t\t\t<\/div>\n\t\t\t\t<div class=\"elementor-element elementor-element-50b6535d elementor-widget elementor-widget-heading\" data-id=\"50b6535d\" data-element_type=\"widget\" data-widget_type=\"heading.default\">\n\t\t\t\t<div class=\"elementor-widget-container\">\n\t\t\t<h2 class=\"elementor-heading-title elementor-size-default\">Pre\u010do si vybra\u0165 n\u00e1s?<\/h2>\t\t<\/div>\n\t\t\t\t<\/div>\n\t\t\t\t<div class=\"elementor-element elementor-element-42bf4971 elementor-widget elementor-widget-text-editor\" data-id=\"42bf4971\" data-element_type=\"widget\" data-widget_type=\"text-editor.default\">\n\t\t\t\t<div class=\"elementor-widget-container\">\n\t\t\t\t\t\t\t<ul><li class=\"article_title align-center\"><strong>Kvalita<\/strong><\/li><\/ul><div class=\"article_indents\"><p class=\"article_indent align-center\">\u0160arm\u00edr Steel je z\u00e1rukou toho, \u017ee va\u0161a br\u00e1na bude odoln\u00e1, vysokokvalitn\u00e1 a spo\u013eahliv\u00e1.<\/p><ul><li class=\"article_title align-center\"><strong>Sk\u00fasenosti<\/strong><\/li><\/ul><div class=\"article_indents\"><p class=\"article_indent align-center\">M\u00e1me bohat\u00e9 sk\u00fasenosti v oblasti v\u00fdroby posuvn\u00fdch br\u00e1n a aj ich in\u0161tal\u00e1cie.\u00a0<\/p><ul><li class=\"article_title align-center\"><strong>Z\u00e1kazn\u00edcky servis<\/strong><\/li><\/ul><div class=\"article_indents\"><p class=\"article_indent align-center\">N\u00e1\u0161 t\u00edm je pripraven\u00fd odpoveda\u0165 na v\u0161etky va\u0161e ot\u00e1zky a poskytn\u00fa\u0165 v\u00e1m odborn\u00e9 poradenstvo.<\/p><ul><li class=\"article_title align-center\"><strong>Cenov\u00e1 dostupnos\u0165<\/strong><\/li><\/ul><div class=\"article_indents\"><p class=\"article_indent align-center\">Poskytujeme kvalitn\u00e9 produkty za konkurencieschopn\u00e9 ceny.<\/p><\/div><p>Ak m\u00e1te z\u00e1ujem o na\u0161e jednokr\u00eddlov\u00e9 z\u00e1hradn\u00e9 br\u00e1nky v Bratislave a okol\u00ed alebo potrebujete viac inform\u00e1ci\u00ed, nev\u00e1hajte n\u00e1s kontaktova\u0165. Radi v\u00e1m pom\u00f4\u017eeme s v\u00fdberom ide\u00e1lneho rie\u0161enia pre v\u00e1\u0161 pozemok.<\/p><div class=\"article_indents\"><div class=\"content_section position-1\"><article id=\"Article_idm139968259295648-15\"><div class=\"Article notab_br decoration-none\"><div class=\"article_indents\">\u00a0<\/div><\/div><\/article><\/div><\/div><\/div><\/div><\/div>\t\t\t\t\t\t<\/div>\n\t\t\t\t<\/div>\n\t\t\t\t\t<\/div>\n\t\t<\/div>\n\t\t\t\t\t<\/div>\n\t\t<\/section>\n\t\t\t\t\t<\/div>\n\t\t<\/div>\n\t\t\t\t\t<\/div>\n\t\t<\/section>\n\t\t\t\t<section class=\"elementor-section elementor-top-section elementor-element elementor-element-5f4aa8fa elementor-section-boxed elementor-section-height-default elementor-section-height-default\" data-id=\"5f4aa8fa\" data-element_type=\"section\">\n\t\t\t\t\t\t<div class=\"elementor-container elementor-column-gap-default\">\n\t\t\t\t\t<div class=\"elementor-column elementor-col-100 elementor-top-column elementor-element elementor-element-6a31b490\" data-id=\"6a31b490\" data-element_type=\"column\">\n\t\t\t<div class=\"elementor-widget-wrap elementor-element-populated\">\n\t\t\t\t\t\t<div class=\"elementor-element elementor-element-4b02295c elementor-widget elementor-widget-heading\" data-id=\"4b02295c\" data-element_type=\"widget\" data-widget_type=\"heading.default\">\n\t\t\t\t<div class=\"elementor-widget-container\">\n\t\t\t<h2 class=\"elementor-heading-title elementor-size-default\">Z\u00e1hradn\u00e1 jednokr\u00eddlov\u00e1 br\u00e1nka Bratislava z na\u0161ej v\u00fdroby<\/h2>\t\t<\/div>\n\t\t\t\t<\/div>\n\t\t\t\t<div class=\"elementor-element elementor-element-56c06bb6 elementor-widget elementor-widget-gallery\" data-id=\"56c06bb6\" data-element_type=\"widget\" data-settings=\"{&quot;lazyload&quot;:&quot;yes&quot;,&quot;gallery_layout&quot;:&quot;grid&quot;,&quot;columns&quot;:4,&quot;columns_tablet&quot;:2,&quot;columns_mobile&quot;:1,&quot;gap&quot;:{&quot;unit&quot;:&quot;px&quot;,&quot;size&quot;:10,&quot;sizes&quot;:[]},&quot;gap_tablet&quot;:{&quot;unit&quot;:&quot;px&quot;,&quot;size&quot;:10,&quot;sizes&quot;:[]},&quot;gap_mobile&quot;:{&quot;unit&quot;:&quot;px&quot;,&quot;size&quot;:10,&quot;sizes&quot;:[]},&quot;link_to&quot;:&quot;file&quot;,&quot;aspect_ratio&quot;:&quot;3:2&quot;,&quot;overlay_background&quot;:&quot;yes&quot;,&quot;content_hover_animation&quot;:&quot;fade-in&quot;}\" data-widget_type=\"gallery.default\">\n\t\t\t\t<div class=\"elementor-widget-container\">\n\t\t\t\t\t<div class=\"elementor-gallery__container\">\n\t\t\t\t\t\t\t<a class=\"e-gallery-item elementor-gallery-item elementor-animated-content\" href=\"https:\/\/sarmirsteel.sk\/wp-content\/uploads\/2024\/06\/zahradna-jednokridlova-branka-bratislava.jpg\" data-elementor-open-lightbox=\"yes\" data-elementor-lightbox-slideshow=\"56c06bb6\" data-elementor-lightbox-title=\"zahradna jednokridlova branka bratislava\" data-e-action-hash=\"#elementor-action%3Aaction%3Dlightbox%26settings%3DeyJpZCI6MTY0MCwidXJsIjoiaHR0cHM6XC9cL3Nhcm1pcnN0ZWVsLnNrXC93cC1jb250ZW50XC91cGxvYWRzXC8yMDI0XC8wNlwvemFocmFkbmEtamVkbm9rcmlkbG92YS1icmFua2EtYnJhdGlzbGF2YS5qcGciLCJzbGlkZXNob3ciOiI1NmMwNmJiNiJ9\">\n\t\t\t\t\t<div class=\"e-gallery-image elementor-gallery-item__image\" data-thumbnail=\"https:\/\/sarmirsteel.sk\/wp-content\/uploads\/2024\/06\/zahradna-jednokridlova-branka-bratislava-225x300.jpg\" data-width=\"225\" data-height=\"300\" aria-label=\"zahradna jednokridlova branka bratislava na mieru\" role=\"img\" ><\/div>\n\t\t\t\t\t\t\t\t\t\t\t<div class=\"elementor-gallery-item__overlay\"><\/div>\n\t\t\t\t\t\t\t\t\t\t\t\t\t\t<\/a>\n\t\t\t\t\t<\/div>\n\t\t\t<\/div>\n\t\t\t\t<\/div>\n\t\t\t\t<div class=\"elementor-element elementor-element-0ab7c25 elementor-widget elementor-widget-text-editor\" data-id=\"0ab7c25\" data-element_type=\"widget\" data-widget_type=\"text-editor.default\">\n\t\t\t\t<div class=\"elementor-widget-container\">\n\t\t\t\t\t\t\t<p>Viac fotiek realiz\u00e1ci\u00ed z\u00e1hradn\u00fdch jednokr\u00eddlov\u00fdch br\u00e1nok v Bratislave a okol\u00ed n\u00e1jdete na na\u0161om <a href=\"https:\/\/www.facebook.com\/sarmirsteel.sk\">Facebook \u00fa\u010dte<\/a>.<\/p>\t\t\t\t\t\t<\/div>\n\t\t\t\t<\/div>\n\t\t\t\t\t<\/div>\n\t\t<\/div>\n\t\t\t\t\t<\/div>\n\t\t<\/section>\n\t\t\t\t<\/div>","protected":false},"excerpt":{"rendered":"<p>Z\u00e1hradn\u00e1 jednokr\u00eddlov\u00e1 br\u00e1nka Bratislava a okolie Spo\u013eahliv\u00e1 a estetick\u00e1 ochrana v\u00e1\u0161ho pozemku Z\u00e1hradn\u00e1 jednokr\u00eddlov\u00e1 br\u00e1nka Bratislava a okolie je ide\u00e1lnym rie\u0161en\u00edm pre zabezpe\u010denie vstupu na v\u00e1\u0161 pozemok. Na\u0161a spolo\u010dnos\u0165 pon\u00faka \u0161irok\u00fd v\u00fdber jednokr\u00eddlov\u00fdch br\u00e1nok, ktor\u00e9 kombinuj\u00fa vysok\u00fa kvalitu, odolnos\u0165 a atrakt\u00edvny dizajn. Ka\u017ed\u00e1 br\u00e1nka je vyroben\u00e1 na mieru pod\u013ea va\u0161ich \u0161pecifick\u00fdch po\u017eiadaviek, aby dokonale zapadla [&hellip;]<\/p>","protected":false},"author":3,"featured_media":1640,"parent":0,"menu_order":0,"comment_status":"closed","ping_status":"closed","template":"","meta":{"footnotes":""},"class_list":["post-1632","page","type-page","status-publish","has-post-thumbnail","hentry"],"_links":{"self":[{"href":"https:\/\/sarmirsteel.sk\/cz\/wp-json\/wp\/v2\/pages\/1632","targetHints":{"allow":["GET"]}}],"collection":[{"href":"https:\/\/sarmirsteel.sk\/cz\/wp-json\/wp\/v2\/pages"}],"about":[{"href":"https:\/\/sarmirsteel.sk\/cz\/wp-json\/wp\/v2\/types\/page"}],"author":[{"embeddable":true,"href":"https:\/\/sarmirsteel.sk\/cz\/wp-json\/wp\/v2\/users\/3"}],"replies":[{"embeddable":true,"href":"https:\/\/sarmirsteel.sk\/cz\/wp-json\/wp\/v2\/comments?post=1632"}],"version-history":[{"count":0,"href":"https:\/\/sarmirsteel.sk\/cz\/wp-json\/wp\/v2\/pages\/1632\/revisions"}],"wp:featuredmedia":[{"embeddable":true,"href":"https:\/\/sarmirsteel.sk\/cz\/wp-json\/wp\/v2\/media\/1640"}],"wp:attachment":[{"href":"https:\/\/sarmirsteel.sk\/cz\/wp-json\/wp\/v2\/media?parent=1632"}],"curies":[{"name":"wp","href":"https:\/\/api.w.org\/{rel}","templated":true}]}}