{"id":1618,"date":"2024-06-23T16:52:26","date_gmt":"2024-06-23T14:52:26","guid":{"rendered":"https:\/\/sarmirsteel.sk\/?page_id=1618"},"modified":"2024-06-23T16:59:11","modified_gmt":"2024-06-23T14:59:11","slug":"zahradna-branka-bratislava","status":"publish","type":"page","link":"https:\/\/sarmirsteel.sk\/cz\/zahradna-branka-bratislava\/","title":{"rendered":"Z\u00e1hradn\u00e1 br\u00e1nka Bratislava"},"content":{"rendered":"<div data-elementor-type=\"wp-page\" data-elementor-id=\"1618\" class=\"elementor elementor-1618\" data-elementor-post-type=\"page\">\n\t\t\t\t\t\t<section class=\"elementor-section elementor-top-section elementor-element elementor-element-3ebb59b3 elementor-section-height-min-height elementor-section-boxed elementor-section-height-default elementor-section-items-middle\" data-id=\"3ebb59b3\" data-element_type=\"section\" data-settings=\"{&quot;background_background&quot;:&quot;classic&quot;}\">\n\t\t\t\t\t\t<div class=\"elementor-container elementor-column-gap-default\">\n\t\t\t\t\t<div class=\"elementor-column elementor-col-100 elementor-top-column elementor-element elementor-element-60913b8\" data-id=\"60913b8\" data-element_type=\"column\">\n\t\t\t<div class=\"elementor-widget-wrap elementor-element-populated\">\n\t\t\t\t\t\t<div class=\"elementor-element elementor-element-2ffc325d elementor-widget elementor-widget-heading\" data-id=\"2ffc325d\" data-element_type=\"widget\" data-widget_type=\"heading.default\">\n\t\t\t\t<div class=\"elementor-widget-container\">\n\t\t\t<h1 class=\"elementor-heading-title elementor-size-default\">Z\u00e1hradn\u00e1 br\u00e1nka Bratislava a okolie<\/h1>\t\t<\/div>\n\t\t\t\t<\/div>\n\t\t\t\t\t<\/div>\n\t\t<\/div>\n\t\t\t\t\t<\/div>\n\t\t<\/section>\n\t\t\t\t<section class=\"elementor-section elementor-top-section elementor-element elementor-element-2db11931 elementor-section-content-middle elementor-section-boxed elementor-section-height-default elementor-section-height-default\" data-id=\"2db11931\" data-element_type=\"section\" id=\"sluzby\" data-settings=\"{&quot;background_background&quot;:&quot;classic&quot;}\">\n\t\t\t\t\t\t<div class=\"elementor-container elementor-column-gap-no\">\n\t\t\t\t\t<div class=\"elementor-column elementor-col-100 elementor-top-column elementor-element elementor-element-5765dc6d\" data-id=\"5765dc6d\" data-element_type=\"column\">\n\t\t\t<div class=\"elementor-widget-wrap elementor-element-populated\">\n\t\t\t\t\t\t<section class=\"elementor-section elementor-inner-section elementor-element elementor-element-764900ba elementor-section-boxed elementor-section-height-default elementor-section-height-default\" data-id=\"764900ba\" data-element_type=\"section\">\n\t\t\t\t\t\t<div class=\"elementor-container elementor-column-gap-default\">\n\t\t\t\t\t<div class=\"elementor-column elementor-col-100 elementor-inner-column elementor-element elementor-element-4db040d7\" data-id=\"4db040d7\" data-element_type=\"column\">\n\t\t\t<div class=\"elementor-widget-wrap elementor-element-populated\">\n\t\t\t\t\t\t<div class=\"elementor-element elementor-element-3341504f elementor-widget elementor-widget-heading\" data-id=\"3341504f\" data-element_type=\"widget\" data-widget_type=\"heading.default\">\n\t\t\t\t<div class=\"elementor-widget-container\">\n\t\t\t<h2 class=\"elementor-heading-title elementor-size-default\">Spo\u013eahliv\u00e9 a estetick\u00e9 rie\u0161enie pre va\u0161u z\u00e1hradu<\/h2>\t\t<\/div>\n\t\t\t\t<\/div>\n\t\t\t\t<div class=\"elementor-element elementor-element-be9337e elementor-widget elementor-widget-text-editor\" data-id=\"be9337e\" data-element_type=\"widget\" data-widget_type=\"text-editor.default\">\n\t\t\t\t<div class=\"elementor-widget-container\">\n\t\t\t\t\t\t\t<p><strong>Z\u00e1hradn\u00e1 br\u00e1nka Bratislava a okolie<\/strong> je neoddelite\u013enou s\u00fa\u010das\u0165ou ka\u017ed\u00e9ho domu so z\u00e1hradou, poskytuj\u00faca nielen bezpe\u010dn\u00fd vstup, ale aj estetick\u00fd prvok, ktor\u00fd dop\u013a\u0148a celkov\u00fd vzh\u013ead v\u00e1\u0161ho exteri\u00e9ru. Na\u0161a spolo\u010dnos\u0165 pon\u00faka \u0161irok\u00fd v\u00fdber z\u00e1hradn\u00fdch br\u00e1nok, ktor\u00e9 sp\u00e1jaj\u00fa kvalitu, odolnos\u0165 a atrakt\u00edvny dizajn. Ka\u017ed\u00e1 br\u00e1nka je vyroben\u00e1 na mieru pod\u013ea va\u0161ich \u0161pecifick\u00fdch po\u017eiadaviek, aby dokonale ladila s va\u0161ou z\u00e1hradou.<\/p>\t\t\t\t\t\t<\/div>\n\t\t\t\t<\/div>\n\t\t\t\t<div class=\"elementor-element elementor-element-2e2942de elementor-widget elementor-widget-heading\" data-id=\"2e2942de\" data-element_type=\"widget\" data-widget_type=\"heading.default\">\n\t\t\t\t<div class=\"elementor-widget-container\">\n\t\t\t<h2 class=\"elementor-heading-title elementor-size-default\">V\u00fdhody z\u00e1hradn\u00fdch br\u00e1nok<\/h2>\t\t<\/div>\n\t\t\t\t<\/div>\n\t\t\t\t<div class=\"elementor-element elementor-element-74607224 elementor-widget elementor-widget-text-editor\" data-id=\"74607224\" data-element_type=\"widget\" data-widget_type=\"text-editor.default\">\n\t\t\t\t<div class=\"elementor-widget-container\">\n\t\t\t\t\t\t\t<ul><li class=\"article_title align-center\"><strong>\u0160irok\u00fd v\u00fdber dizajnov<\/strong><\/li><\/ul><div class=\"article_indents\"><p class=\"article_indent align-center\">Pon\u00fakame r\u00f4zne \u0161t\u00fdly a dizajny, ktor\u00e9 sa hodia do ka\u017ed\u00e9ho typu z\u00e1hrady a exteri\u00e9ru.<\/p><ul><li class=\"article_title align-center\"><strong>Kvalitn\u00e9 materi\u00e1ly<\/strong><\/li><\/ul><div class=\"article_indents\"><p class=\"article_indent align-center\">Z\u00e1hradn\u00e9 br\u00e1nky poskytuj\u00fa spo\u013eahliv\u00fa ochranu va\u0161ej z\u00e1hrady a domu, \u010d\u00edm zvy\u0161uj\u00fa bezpe\u010dnos\u0165 v\u00e1\u0161ho domova.<\/p><ul><li class=\"article_title align-center\"><strong>Bezpe\u010dnos\u0165<\/strong><\/li><\/ul><div class=\"article_indents\"><p class=\"article_indent align-center\">V\u010faka robustnej kon\u0161trukcii a kvalitn\u00fdm materi\u00e1lom poskytuj\u00fa posuvn\u00e9 br\u00e1ny vysok\u00fa \u00farove\u0148 ochrany pred neopr\u00e1vnen\u00fdm vstupom.<\/p><ul><li class=\"article_title align-center\"><strong>Jednoduch\u00e1 in\u0161tal\u00e1cia<\/strong><\/li><\/ul><div class=\"article_indents\"><p class=\"article_indent align-center\">Na\u0161e br\u00e1nky s\u00fa navrhnut\u00e9 tak, aby ich in\u0161tal\u00e1cia bola r\u00fdchla a jednoduch\u00e1, bez zbyto\u010dn\u00fdch komplik\u00e1ci\u00ed.<\/p><div class=\"content_section position-1\"><article id=\"Article_idm139968259295648-15\"><div class=\"Article notab_br decoration-none\"><div class=\"article_indents\">\u00a0<\/div><\/div><\/article><\/div><\/div><\/div><\/div><\/div>\t\t\t\t\t\t<\/div>\n\t\t\t\t<\/div>\n\t\t\t\t<div class=\"elementor-element elementor-element-618d49df elementor-widget elementor-widget-heading\" data-id=\"618d49df\" data-element_type=\"widget\" data-widget_type=\"heading.default\">\n\t\t\t\t<div class=\"elementor-widget-container\">\n\t\t\t<h2 class=\"elementor-heading-title elementor-size-default\">Technick\u00e9 vlastnosti<\/h2>\t\t<\/div>\n\t\t\t\t<\/div>\n\t\t\t\t<div class=\"elementor-element elementor-element-5980f70c elementor-widget elementor-widget-text-editor\" data-id=\"5980f70c\" data-element_type=\"widget\" data-widget_type=\"text-editor.default\">\n\t\t\t\t<div class=\"elementor-widget-container\">\n\t\t\t\t\t\t\t<p>Na\u0161e z\u00e1hradn\u00e9 br\u00e1nky s\u00fa dostupn\u00e9 v r\u00f4znych ve\u013ekostiach a tvaroch, aby vyhovovali v\u0161etk\u00fdm va\u0161im potreb\u00e1m. Materi\u00e1ly, ako je oce\u013e, hlin\u00edk, drevo alebo plast, zaru\u010duj\u00fa odolnos\u0165 vo\u010di poveternostn\u00fdm podmienkam a kor\u00f3zii. Povrchov\u00e1 \u00faprava, vr\u00e1tane pr\u00e1\u0161kov\u00e9ho lakovania alebo galvaniz\u00e1cie, poskytuje dodato\u010dn\u00fa ochranu a estetick\u00fd vzh\u013ead.<\/p>\t\t\t\t\t\t<\/div>\n\t\t\t\t<\/div>\n\t\t\t\t<div class=\"elementor-element elementor-element-7e33df71 elementor-widget elementor-widget-heading\" data-id=\"7e33df71\" data-element_type=\"widget\" data-widget_type=\"heading.default\">\n\t\t\t\t<div class=\"elementor-widget-container\">\n\t\t\t<h2 class=\"elementor-heading-title elementor-size-default\">Z\u00e1hradn\u00e1 br\u00e1nka Bratislava a okolie - mont\u00e1\u017e a servis<\/h2>\t\t<\/div>\n\t\t\t\t<\/div>\n\t\t\t\t<div class=\"elementor-element elementor-element-73481822 elementor-widget elementor-widget-text-editor\" data-id=\"73481822\" data-element_type=\"widget\" data-widget_type=\"text-editor.default\">\n\t\t\t\t<div class=\"elementor-widget-container\">\n\t\t\t\t\t\t\t<p>Na\u0161a spolo\u010dnos\u0165 zabezpe\u010duje kompletn\u00e9 slu\u017eby vr\u00e1tane profesion\u00e1lnej mont\u00e1\u017ee a servisu z\u00e1hradn\u00fdch br\u00e1nok. Na\u0161i sk\u00fasen\u00ed technici zaistia odborn\u00fa in\u0161tal\u00e1ciu a pravideln\u00fa \u00fadr\u017ebu, aby va\u0161e br\u00e1nky fungovali bezchybne a dlho vydr\u017eali. Sme tu pre v\u00e1s, aby sme rie\u0161ili v\u0161etky va\u0161e po\u017eiadavky a zabezpe\u010dili, \u017ee va\u0161a z\u00e1hradn\u00e1 br\u00e1nka bude v\u017edy v perfektnom stave.<\/p>\t\t\t\t\t\t<\/div>\n\t\t\t\t<\/div>\n\t\t\t\t<div class=\"elementor-element elementor-element-6874ffb7 elementor-widget elementor-widget-heading\" data-id=\"6874ffb7\" data-element_type=\"widget\" data-widget_type=\"heading.default\">\n\t\t\t\t<div class=\"elementor-widget-container\">\n\t\t\t<h2 class=\"elementor-heading-title elementor-size-default\">Pre\u010do si vybra\u0165 n\u00e1s?<\/h2>\t\t<\/div>\n\t\t\t\t<\/div>\n\t\t\t\t<div class=\"elementor-element elementor-element-ea7956d elementor-widget elementor-widget-text-editor\" data-id=\"ea7956d\" data-element_type=\"widget\" data-widget_type=\"text-editor.default\">\n\t\t\t\t<div class=\"elementor-widget-container\">\n\t\t\t\t\t\t\t<ul><li class=\"article_title align-center\"><strong>Kvalita<\/strong><\/li><\/ul><div class=\"article_indents\"><p class=\"article_indent align-center\">\u0160arm\u00edr Steel je z\u00e1rukou toho, \u017ee va\u0161a br\u00e1na bude odoln\u00e1, vysokokvalitn\u00e1 a spo\u013eahliv\u00e1.<\/p><ul><li class=\"article_title align-center\"><strong>Sk\u00fasenosti<\/strong><\/li><\/ul><div class=\"article_indents\"><p class=\"article_indent align-center\">M\u00e1me bohat\u00e9 sk\u00fasenosti v oblasti v\u00fdroby posuvn\u00fdch br\u00e1n a aj ich in\u0161tal\u00e1cie.\u00a0<\/p><ul><li class=\"article_title align-center\"><strong>Z\u00e1kazn\u00edcky servis<\/strong><\/li><\/ul><div class=\"article_indents\"><p class=\"article_indent align-center\">N\u00e1\u0161 t\u00edm je pripraven\u00fd odpoveda\u0165 na v\u0161etky va\u0161e ot\u00e1zky a poskytn\u00fa\u0165 v\u00e1m odborn\u00e9 poradenstvo.<\/p><ul><li class=\"article_title align-center\"><strong>Cenov\u00e1 dostupnos\u0165<\/strong><\/li><\/ul><div class=\"article_indents\"><p class=\"article_indent align-center\">Poskytujeme kvalitn\u00e9 produkty za konkurencieschopn\u00e9 ceny.<\/p><\/div><p>Ak m\u00e1te z\u00e1ujem o na\u0161e z\u00e1hradn\u00e9 br\u00e1nky v Bratislave a okol\u00ed alebo potrebujete viac inform\u00e1ci\u00ed, nev\u00e1hajte n\u00e1s kontaktova\u0165. Radi v\u00e1m pom\u00f4\u017eeme s v\u00fdberom ide\u00e1lneho rie\u0161enia pre va\u0161u z\u00e1hradu.<\/p><\/div><\/div><\/div>\t\t\t\t\t\t<\/div>\n\t\t\t\t<\/div>\n\t\t\t\t\t<\/div>\n\t\t<\/div>\n\t\t\t\t\t<\/div>\n\t\t<\/section>\n\t\t\t\t\t<\/div>\n\t\t<\/div>\n\t\t\t\t\t<\/div>\n\t\t<\/section>\n\t\t\t\t<section class=\"elementor-section elementor-top-section elementor-element elementor-element-3621d2cd elementor-section-boxed elementor-section-height-default elementor-section-height-default\" data-id=\"3621d2cd\" data-element_type=\"section\">\n\t\t\t\t\t\t<div class=\"elementor-container elementor-column-gap-default\">\n\t\t\t\t\t<div class=\"elementor-column elementor-col-100 elementor-top-column elementor-element elementor-element-595a331d\" data-id=\"595a331d\" data-element_type=\"column\">\n\t\t\t<div class=\"elementor-widget-wrap elementor-element-populated\">\n\t\t\t\t\t\t<div class=\"elementor-element elementor-element-2989ecf1 elementor-widget elementor-widget-heading\" data-id=\"2989ecf1\" data-element_type=\"widget\" data-widget_type=\"heading.default\">\n\t\t\t\t<div class=\"elementor-widget-container\">\n\t\t\t<h2 class=\"elementor-heading-title elementor-size-default\">Z\u00e1hradn\u00e1 br\u00e1nka Bratislava a okolie z na\u0161ej v\u00fdroby<\/h2>\t\t<\/div>\n\t\t\t\t<\/div>\n\t\t\t\t<div class=\"elementor-element elementor-element-77ac1452 elementor-widget elementor-widget-gallery\" data-id=\"77ac1452\" data-element_type=\"widget\" data-settings=\"{&quot;lazyload&quot;:&quot;yes&quot;,&quot;gallery_layout&quot;:&quot;grid&quot;,&quot;columns&quot;:4,&quot;columns_tablet&quot;:2,&quot;columns_mobile&quot;:1,&quot;gap&quot;:{&quot;unit&quot;:&quot;px&quot;,&quot;size&quot;:10,&quot;sizes&quot;:[]},&quot;gap_tablet&quot;:{&quot;unit&quot;:&quot;px&quot;,&quot;size&quot;:10,&quot;sizes&quot;:[]},&quot;gap_mobile&quot;:{&quot;unit&quot;:&quot;px&quot;,&quot;size&quot;:10,&quot;sizes&quot;:[]},&quot;link_to&quot;:&quot;file&quot;,&quot;aspect_ratio&quot;:&quot;3:2&quot;,&quot;overlay_background&quot;:&quot;yes&quot;,&quot;content_hover_animation&quot;:&quot;fade-in&quot;}\" data-widget_type=\"gallery.default\">\n\t\t\t\t<div class=\"elementor-widget-container\">\n\t\t\t\t\t<div class=\"elementor-gallery__container\">\n\t\t\t\t\t\t\t<a class=\"e-gallery-item elementor-gallery-item elementor-animated-content\" href=\"https:\/\/sarmirsteel.sk\/wp-content\/uploads\/2024\/06\/zahradna-branka-bratislava.jpg\" data-elementor-open-lightbox=\"yes\" data-elementor-lightbox-slideshow=\"77ac1452\" data-elementor-lightbox-title=\"zahradna branka bratislava\" data-e-action-hash=\"#elementor-action%3Aaction%3Dlightbox%26settings%3DeyJpZCI6MTYyMSwidXJsIjoiaHR0cHM6XC9cL3Nhcm1pcnN0ZWVsLnNrXC93cC1jb250ZW50XC91cGxvYWRzXC8yMDI0XC8wNlwvemFocmFkbmEtYnJhbmthLWJyYXRpc2xhdmEuanBnIiwic2xpZGVzaG93IjoiNzdhYzE0NTIifQ%3D%3D\">\n\t\t\t\t\t<div class=\"e-gallery-image elementor-gallery-item__image\" data-thumbnail=\"https:\/\/sarmirsteel.sk\/wp-content\/uploads\/2024\/06\/zahradna-branka-bratislava-300x200.jpg\" data-width=\"300\" data-height=\"200\" aria-label=\"zahradna branka bratislava\" role=\"img\" ><\/div>\n\t\t\t\t\t\t\t\t\t\t\t<div class=\"elementor-gallery-item__overlay\"><\/div>\n\t\t\t\t\t\t\t\t\t\t\t\t\t\t<\/a>\n\t\t\t\t\t<\/div>\n\t\t\t<\/div>\n\t\t\t\t<\/div>\n\t\t\t\t<div class=\"elementor-element elementor-element-af0a963 elementor-widget elementor-widget-text-editor\" data-id=\"af0a963\" data-element_type=\"widget\" data-widget_type=\"text-editor.default\">\n\t\t\t\t<div class=\"elementor-widget-container\">\n\t\t\t\t\t\t\t<p>Viac fotiek realiz\u00e1ci\u00ed z\u00e1hradn\u00fdch br\u00e1nok v Bratislave a okol\u00ed n\u00e1jdete na na\u0161om <a href=\"https:\/\/www.facebook.com\/sarmirsteel.sk\">Facebook \u00fa\u010dte<\/a>.<\/p>\t\t\t\t\t\t<\/div>\n\t\t\t\t<\/div>\n\t\t\t\t\t<\/div>\n\t\t<\/div>\n\t\t\t\t\t<\/div>\n\t\t<\/section>\n\t\t\t\t<\/div>","protected":false},"excerpt":{"rendered":"<p>Z\u00e1hradn\u00e1 br\u00e1nka Bratislava a okolie Spo\u013eahliv\u00e9 a estetick\u00e9 rie\u0161enie pre va\u0161u z\u00e1hradu Z\u00e1hradn\u00e1 br\u00e1nka Bratislava a okolie je neoddelite\u013enou s\u00fa\u010das\u0165ou ka\u017ed\u00e9ho domu so z\u00e1hradou, poskytuj\u00faca nielen bezpe\u010dn\u00fd vstup, ale aj estetick\u00fd prvok, ktor\u00fd dop\u013a\u0148a celkov\u00fd vzh\u013ead v\u00e1\u0161ho exteri\u00e9ru. Na\u0161a spolo\u010dnos\u0165 pon\u00faka \u0161irok\u00fd v\u00fdber z\u00e1hradn\u00fdch br\u00e1nok, ktor\u00e9 sp\u00e1jaj\u00fa kvalitu, odolnos\u0165 a atrakt\u00edvny dizajn. Ka\u017ed\u00e1 br\u00e1nka je [&hellip;]<\/p>","protected":false},"author":3,"featured_media":1621,"parent":0,"menu_order":0,"comment_status":"closed","ping_status":"closed","template":"","meta":{"footnotes":""},"class_list":["post-1618","page","type-page","status-publish","has-post-thumbnail","hentry"],"_links":{"self":[{"href":"https:\/\/sarmirsteel.sk\/cz\/wp-json\/wp\/v2\/pages\/1618","targetHints":{"allow":["GET"]}}],"collection":[{"href":"https:\/\/sarmirsteel.sk\/cz\/wp-json\/wp\/v2\/pages"}],"about":[{"href":"https:\/\/sarmirsteel.sk\/cz\/wp-json\/wp\/v2\/types\/page"}],"author":[{"embeddable":true,"href":"https:\/\/sarmirsteel.sk\/cz\/wp-json\/wp\/v2\/users\/3"}],"replies":[{"embeddable":true,"href":"https:\/\/sarmirsteel.sk\/cz\/wp-json\/wp\/v2\/comments?post=1618"}],"version-history":[{"count":0,"href":"https:\/\/sarmirsteel.sk\/cz\/wp-json\/wp\/v2\/pages\/1618\/revisions"}],"wp:featuredmedia":[{"embeddable":true,"href":"https:\/\/sarmirsteel.sk\/cz\/wp-json\/wp\/v2\/media\/1621"}],"wp:attachment":[{"href":"https:\/\/sarmirsteel.sk\/cz\/wp-json\/wp\/v2\/media?parent=1618"}],"curies":[{"name":"wp","href":"https:\/\/api.w.org\/{rel}","templated":true}]}}