{"id":1611,"date":"2024-06-23T16:46:35","date_gmt":"2024-06-23T14:46:35","guid":{"rendered":"https:\/\/sarmirsteel.sk\/?page_id=1611"},"modified":"2024-06-23T16:51:56","modified_gmt":"2024-06-23T14:51:56","slug":"kovova-branka-bratislava","status":"publish","type":"page","link":"https:\/\/sarmirsteel.sk\/cz\/kovova-branka-bratislava\/","title":{"rendered":"Kovov\u00e1 br\u00e1nka Bratislava"},"content":{"rendered":"<div data-elementor-type=\"wp-page\" data-elementor-id=\"1611\" class=\"elementor elementor-1611\" data-elementor-post-type=\"page\">\n\t\t\t\t\t\t<section class=\"elementor-section elementor-top-section elementor-element elementor-element-460b0dfd elementor-section-height-min-height elementor-section-boxed elementor-section-height-default elementor-section-items-middle\" data-id=\"460b0dfd\" data-element_type=\"section\" data-settings=\"{&quot;background_background&quot;:&quot;classic&quot;}\">\n\t\t\t\t\t\t<div class=\"elementor-container elementor-column-gap-default\">\n\t\t\t\t\t<div class=\"elementor-column elementor-col-100 elementor-top-column elementor-element elementor-element-6f41b01c\" data-id=\"6f41b01c\" data-element_type=\"column\">\n\t\t\t<div class=\"elementor-widget-wrap elementor-element-populated\">\n\t\t\t\t\t\t<div class=\"elementor-element elementor-element-41420c6 elementor-widget elementor-widget-heading\" data-id=\"41420c6\" data-element_type=\"widget\" data-widget_type=\"heading.default\">\n\t\t\t\t<div class=\"elementor-widget-container\">\n\t\t\t<h1 class=\"elementor-heading-title elementor-size-default\">Kovov\u00e1 br\u00e1nka Bratislava a okolie na mieru<\/h1>\t\t<\/div>\n\t\t\t\t<\/div>\n\t\t\t\t\t<\/div>\n\t\t<\/div>\n\t\t\t\t\t<\/div>\n\t\t<\/section>\n\t\t\t\t<section class=\"elementor-section elementor-top-section elementor-element elementor-element-71b50e10 elementor-section-content-middle elementor-section-boxed elementor-section-height-default elementor-section-height-default\" data-id=\"71b50e10\" data-element_type=\"section\" id=\"sluzby\" data-settings=\"{&quot;background_background&quot;:&quot;classic&quot;}\">\n\t\t\t\t\t\t<div class=\"elementor-container elementor-column-gap-no\">\n\t\t\t\t\t<div class=\"elementor-column elementor-col-100 elementor-top-column elementor-element elementor-element-52a574e0\" data-id=\"52a574e0\" data-element_type=\"column\">\n\t\t\t<div class=\"elementor-widget-wrap elementor-element-populated\">\n\t\t\t\t\t\t<section class=\"elementor-section elementor-inner-section elementor-element elementor-element-11919274 elementor-section-boxed elementor-section-height-default elementor-section-height-default\" data-id=\"11919274\" data-element_type=\"section\">\n\t\t\t\t\t\t<div class=\"elementor-container elementor-column-gap-default\">\n\t\t\t\t\t<div class=\"elementor-column elementor-col-100 elementor-inner-column elementor-element elementor-element-499d1e71\" data-id=\"499d1e71\" data-element_type=\"column\">\n\t\t\t<div class=\"elementor-widget-wrap elementor-element-populated\">\n\t\t\t\t\t\t<div class=\"elementor-element elementor-element-1abd8b1f elementor-widget elementor-widget-heading\" data-id=\"1abd8b1f\" data-element_type=\"widget\" data-widget_type=\"heading.default\">\n\t\t\t\t<div class=\"elementor-widget-container\">\n\t\t\t<h2 class=\"elementor-heading-title elementor-size-default\">Kvalita a bezpe\u010dnos\u0165 pre v\u00e1\u0161 domov<\/h2>\t\t<\/div>\n\t\t\t\t<\/div>\n\t\t\t\t<div class=\"elementor-element elementor-element-62480155 elementor-widget elementor-widget-text-editor\" data-id=\"62480155\" data-element_type=\"widget\" data-widget_type=\"text-editor.default\">\n\t\t\t\t<div class=\"elementor-widget-container\">\n\t\t\t\t\t\t\t<p><strong>Kovov\u00e1 br\u00e1nka Bratislava a okolie<\/strong> je ide\u00e1lnym rie\u0161en\u00edm pre t\u00fdch, ktor\u00ed h\u013eadaj\u00fa pevn\u00fd, odoln\u00fd a estetick\u00fd vstup pre svoj pozemok. Na\u0161a spolo\u010dnos\u0165 pon\u00faka \u0161irok\u00fd v\u00fdber kovov\u00fdch br\u00e1nok, ktor\u00e9 kombinuj\u00fa vysok\u00fa kvalitu, modern\u00fd dizajn a dlh\u00fa \u017eivotnos\u0165. Ka\u017ed\u00e1 br\u00e1nka je vyroben\u00e1 na mieru pod\u013ea va\u0161ich \u0161pecifick\u00fdch po\u017eiadaviek, aby dokonale sp\u013a\u0148ala va\u0161e o\u010dak\u00e1vania.<\/p>\t\t\t\t\t\t<\/div>\n\t\t\t\t<\/div>\n\t\t\t\t<div class=\"elementor-element elementor-element-5af40c4f elementor-widget elementor-widget-heading\" data-id=\"5af40c4f\" data-element_type=\"widget\" data-widget_type=\"heading.default\">\n\t\t\t\t<div class=\"elementor-widget-container\">\n\t\t\t<h2 class=\"elementor-heading-title elementor-size-default\">V\u00fdhody kovov\u00fdch br\u00e1nok<\/h2>\t\t<\/div>\n\t\t\t\t<\/div>\n\t\t\t\t<div class=\"elementor-element elementor-element-13d1fd79 elementor-widget elementor-widget-text-editor\" data-id=\"13d1fd79\" data-element_type=\"widget\" data-widget_type=\"text-editor.default\">\n\t\t\t\t<div class=\"elementor-widget-container\">\n\t\t\t\t\t\t\t<ul><li class=\"article_title align-center\"><strong>Vysok\u00e1 pevnos\u0165<\/strong><\/li><\/ul><div class=\"article_indents\"><p class=\"article_indent align-center\">Kovov\u00e9 br\u00e1nky s\u00fa mimoriadne pevn\u00e9 a odoln\u00e9, \u010do zaru\u010duje ich dlh\u00fa \u017eivotnos\u0165 a bezpe\u010dnos\u0165.<\/p><ul><li class=\"article_title align-center\"><strong>Estetick\u00fd vzh\u013ead<\/strong><\/li><\/ul><div class=\"article_indents\"><p class=\"article_indent align-center\">Pon\u00fakame modern\u00e9 a elegantn\u00e9 dizajny, ktor\u00e9 dodaj\u00fa v\u00e1\u0161mu domovu sofistikovan\u00fd a upraven\u00fd vzh\u013ead.<\/p><ul><li class=\"article_title align-center\"><strong>Odolnos\u0165 vo\u010di poveternostn\u00fdm vplyvom<\/strong><\/li><\/ul><div class=\"article_indents\"><p class=\"article_indent align-center\">Kovov\u00e9 br\u00e1nky s\u00fa odoln\u00e9 vo\u010di kor\u00f3zii a poveternostn\u00fdm podmienkam, \u010do znamen\u00e1, \u017ee si zachovaj\u00fa svoj vzh\u013ead aj po rokoch pou\u017e\u00edvania.<\/p><ul><li class=\"article_title align-center\"><strong>N\u00edzka \u00fadr\u017eba<\/strong><\/li><\/ul><div class=\"article_indents\"><p class=\"article_indent align-center\">Kovov\u00e9 br\u00e1nky vy\u017eaduj\u00fa minim\u00e1lnu \u00fadr\u017ebu, \u010do v\u00e1m u\u0161etr\u00ed \u010das a n\u00e1mahu.<\/p><div class=\"content_section position-1\"><article id=\"Article_idm139968259295648-15\"><div class=\"Article notab_br decoration-none\"><div class=\"article_indents\">\u00a0<\/div><\/div><\/article><\/div><\/div><\/div><\/div><\/div>\t\t\t\t\t\t<\/div>\n\t\t\t\t<\/div>\n\t\t\t\t<div class=\"elementor-element elementor-element-119157d3 elementor-widget elementor-widget-heading\" data-id=\"119157d3\" data-element_type=\"widget\" data-widget_type=\"heading.default\">\n\t\t\t\t<div class=\"elementor-widget-container\">\n\t\t\t<h2 class=\"elementor-heading-title elementor-size-default\">Technick\u00e9 vlastnosti<\/h2>\t\t<\/div>\n\t\t\t\t<\/div>\n\t\t\t\t<div class=\"elementor-element elementor-element-facd8e1 elementor-widget elementor-widget-text-editor\" data-id=\"facd8e1\" data-element_type=\"widget\" data-widget_type=\"text-editor.default\">\n\t\t\t\t<div class=\"elementor-widget-container\">\n\t\t\t\t\t\t\t<p>Na\u0161e kovov\u00e9 br\u00e1nky s\u00fa vyroben\u00e9 z kvalitnej ocele alebo hlin\u00edka, ktor\u00e9 zabezpe\u010duj\u00fa ich pevnos\u0165 a odolnos\u0165. Povrchov\u00e1 \u00faprava, vr\u00e1tane pr\u00e1\u0161kov\u00e9ho lakovania alebo galvaniz\u00e1cie, poskytuje dodato\u010dn\u00fa ochranu proti kor\u00f3zii a zvy\u0161uje estetick\u00fa hodnotu. Ka\u017ed\u00e1 br\u00e1nka je prisp\u00f4soben\u00e1 va\u0161im \u0161pecifick\u00fdm potreb\u00e1m a po\u017eiadavk\u00e1m, \u010do zaru\u010duje jej presnos\u0165 a kvalitu.<\/p>\t\t\t\t\t\t<\/div>\n\t\t\t\t<\/div>\n\t\t\t\t<div class=\"elementor-element elementor-element-6d8d1886 elementor-widget elementor-widget-heading\" data-id=\"6d8d1886\" data-element_type=\"widget\" data-widget_type=\"heading.default\">\n\t\t\t\t<div class=\"elementor-widget-container\">\n\t\t\t<h2 class=\"elementor-heading-title elementor-size-default\">Kovov\u00e1 br\u00e1nka Bratislava a okolie - mont\u00e1\u017e a servis<\/h2>\t\t<\/div>\n\t\t\t\t<\/div>\n\t\t\t\t<div class=\"elementor-element elementor-element-4bcc33d9 elementor-widget elementor-widget-text-editor\" data-id=\"4bcc33d9\" data-element_type=\"widget\" data-widget_type=\"text-editor.default\">\n\t\t\t\t<div class=\"elementor-widget-container\">\n\t\t\t\t\t\t\t<p>Na\u0161a spolo\u010dnos\u0165 poskytuje komplexn\u00e9 slu\u017eby vr\u00e1tane profesion\u00e1lnej mont\u00e1\u017ee a servisu kovov\u00fdch br\u00e1nok. Na\u0161i sk\u00fasen\u00ed technici zabezpe\u010dia odborn\u00fa in\u0161tal\u00e1ciu a pravideln\u00fa \u00fadr\u017ebu, aby va\u0161e br\u00e1nky fungovali bezchybne po dlh\u00e9 roky. Sme pripraven\u00ed rie\u0161i\u0165 v\u0161etky va\u0161e po\u017eiadavky a zabezpe\u010di\u0165, \u017ee va\u0161a kovov\u00e1 br\u00e1nka bude v\u017edy v perfektnom stave.<\/p>\t\t\t\t\t\t<\/div>\n\t\t\t\t<\/div>\n\t\t\t\t<div class=\"elementor-element elementor-element-1c2e7060 elementor-widget elementor-widget-heading\" data-id=\"1c2e7060\" data-element_type=\"widget\" data-widget_type=\"heading.default\">\n\t\t\t\t<div class=\"elementor-widget-container\">\n\t\t\t<h2 class=\"elementor-heading-title elementor-size-default\">Pre\u010do si vybra\u0165 n\u00e1s?<\/h2>\t\t<\/div>\n\t\t\t\t<\/div>\n\t\t\t\t<div class=\"elementor-element elementor-element-46aa421e elementor-widget elementor-widget-text-editor\" data-id=\"46aa421e\" data-element_type=\"widget\" data-widget_type=\"text-editor.default\">\n\t\t\t\t<div class=\"elementor-widget-container\">\n\t\t\t\t\t\t\t<ul><li class=\"article_title align-center\"><strong>Kvalita<\/strong><\/li><\/ul><div class=\"article_indents\"><p class=\"article_indent align-center\">\u0160arm\u00edr Steel je z\u00e1rukou toho, \u017ee va\u0161a br\u00e1na bude odoln\u00e1, vysokokvalitn\u00e1 a spo\u013eahliv\u00e1.<\/p><ul><li class=\"article_title align-center\"><strong>Sk\u00fasenosti<\/strong><\/li><\/ul><div class=\"article_indents\"><p class=\"article_indent align-center\">M\u00e1me bohat\u00e9 sk\u00fasenosti v oblasti v\u00fdroby posuvn\u00fdch br\u00e1n a aj ich in\u0161tal\u00e1cie.\u00a0<\/p><ul><li class=\"article_title align-center\"><strong>Z\u00e1kazn\u00edcky servis<\/strong><\/li><\/ul><div class=\"article_indents\"><p class=\"article_indent align-center\">N\u00e1\u0161 t\u00edm je pripraven\u00fd odpoveda\u0165 na v\u0161etky va\u0161e ot\u00e1zky a poskytn\u00fa\u0165 v\u00e1m odborn\u00e9 poradenstvo.<\/p><ul><li class=\"article_title align-center\"><strong>Cenov\u00e1 dostupnos\u0165<\/strong><\/li><\/ul><div class=\"article_indents\"><p class=\"article_indent align-center\">Poskytujeme kvalitn\u00e9 produkty za konkurencieschopn\u00e9 ceny.<\/p><\/div><p>Ak m\u00e1te z\u00e1ujem o na\u0161e kovov\u00e9 br\u00e1nky v Bratislave a okol\u00ed alebo potrebujete viac inform\u00e1ci\u00ed, nev\u00e1hajte n\u00e1s kontaktova\u0165. Radi v\u00e1m pom\u00f4\u017eeme s v\u00fdberom ide\u00e1lneho rie\u0161enia pre v\u00e1\u0161 pozemok.<\/p><div class=\"article_indents\"><div class=\"content_section position-1\"><article id=\"Article_idm139968259295648-15\"><div class=\"Article notab_br decoration-none\"><div class=\"article_indents\">\u00a0<\/div><\/div><\/article><\/div><\/div><\/div><\/div><\/div>\t\t\t\t\t\t<\/div>\n\t\t\t\t<\/div>\n\t\t\t\t\t<\/div>\n\t\t<\/div>\n\t\t\t\t\t<\/div>\n\t\t<\/section>\n\t\t\t\t\t<\/div>\n\t\t<\/div>\n\t\t\t\t\t<\/div>\n\t\t<\/section>\n\t\t\t\t<section class=\"elementor-section elementor-top-section elementor-element elementor-element-673590c6 elementor-section-boxed elementor-section-height-default elementor-section-height-default\" data-id=\"673590c6\" data-element_type=\"section\">\n\t\t\t\t\t\t<div class=\"elementor-container elementor-column-gap-default\">\n\t\t\t\t\t<div class=\"elementor-column elementor-col-100 elementor-top-column elementor-element elementor-element-782c0124\" data-id=\"782c0124\" data-element_type=\"column\">\n\t\t\t<div class=\"elementor-widget-wrap elementor-element-populated\">\n\t\t\t\t\t\t<div class=\"elementor-element elementor-element-14662e7c elementor-widget elementor-widget-heading\" data-id=\"14662e7c\" data-element_type=\"widget\" data-widget_type=\"heading.default\">\n\t\t\t\t<div class=\"elementor-widget-container\">\n\t\t\t<h2 class=\"elementor-heading-title elementor-size-default\">Kovov\u00e1 br\u00e1nka Bratislava a okolie z na\u0161ej v\u00fdroby<\/h2>\t\t<\/div>\n\t\t\t\t<\/div>\n\t\t\t\t<div class=\"elementor-element elementor-element-c1be9c7 elementor-widget elementor-widget-gallery\" data-id=\"c1be9c7\" data-element_type=\"widget\" data-settings=\"{&quot;lazyload&quot;:&quot;yes&quot;,&quot;gallery_layout&quot;:&quot;grid&quot;,&quot;columns&quot;:4,&quot;columns_tablet&quot;:2,&quot;columns_mobile&quot;:1,&quot;gap&quot;:{&quot;unit&quot;:&quot;px&quot;,&quot;size&quot;:10,&quot;sizes&quot;:[]},&quot;gap_tablet&quot;:{&quot;unit&quot;:&quot;px&quot;,&quot;size&quot;:10,&quot;sizes&quot;:[]},&quot;gap_mobile&quot;:{&quot;unit&quot;:&quot;px&quot;,&quot;size&quot;:10,&quot;sizes&quot;:[]},&quot;link_to&quot;:&quot;file&quot;,&quot;aspect_ratio&quot;:&quot;3:2&quot;,&quot;overlay_background&quot;:&quot;yes&quot;,&quot;content_hover_animation&quot;:&quot;fade-in&quot;}\" data-widget_type=\"gallery.default\">\n\t\t\t\t<div class=\"elementor-widget-container\">\n\t\t\t\t\t<div class=\"elementor-gallery__container\">\n\t\t\t\t\t\t\t<a class=\"e-gallery-item elementor-gallery-item elementor-animated-content\" href=\"https:\/\/sarmirsteel.sk\/wp-content\/uploads\/2024\/06\/kovova-branka-bratislava.jpg\" data-elementor-open-lightbox=\"yes\" data-elementor-lightbox-slideshow=\"c1be9c7\" data-elementor-lightbox-title=\"kovova-branka-bratislava\" data-e-action-hash=\"#elementor-action%3Aaction%3Dlightbox%26settings%3DeyJpZCI6MTYxNCwidXJsIjoiaHR0cHM6XC9cL3Nhcm1pcnN0ZWVsLnNrXC93cC1jb250ZW50XC91cGxvYWRzXC8yMDI0XC8wNlwva292b3ZhLWJyYW5rYS1icmF0aXNsYXZhLmpwZyIsInNsaWRlc2hvdyI6ImMxYmU5YzcifQ%3D%3D\">\n\t\t\t\t\t<div class=\"e-gallery-image elementor-gallery-item__image\" data-thumbnail=\"https:\/\/sarmirsteel.sk\/wp-content\/uploads\/2024\/06\/kovova-branka-bratislava-300x226.jpg\" data-width=\"300\" data-height=\"226\" aria-label=\"kovova branka bratislava a okolie na mieru\" role=\"img\" ><\/div>\n\t\t\t\t\t\t\t\t\t\t\t<div class=\"elementor-gallery-item__overlay\"><\/div>\n\t\t\t\t\t\t\t\t\t\t\t\t\t\t<\/a>\n\t\t\t\t\t<\/div>\n\t\t\t<\/div>\n\t\t\t\t<\/div>\n\t\t\t\t<div class=\"elementor-element elementor-element-17d6af6 elementor-widget elementor-widget-text-editor\" data-id=\"17d6af6\" data-element_type=\"widget\" data-widget_type=\"text-editor.default\">\n\t\t\t\t<div class=\"elementor-widget-container\">\n\t\t\t\t\t\t\t<p>Viac fotiek realiz\u00e1ci\u00ed kovov\u00fdch br\u00e1nok v Bratislave a okol\u00ed n\u00e1jdete na na\u0161om <a href=\"https:\/\/www.facebook.com\/sarmirsteel.sk\">Facebook \u00fa\u010dte<\/a>.<\/p>\t\t\t\t\t\t<\/div>\n\t\t\t\t<\/div>\n\t\t\t\t\t<\/div>\n\t\t<\/div>\n\t\t\t\t\t<\/div>\n\t\t<\/section>\n\t\t\t\t<\/div>","protected":false},"excerpt":{"rendered":"<p>Kovov\u00e1 br\u00e1nka Bratislava a okolie na mieru Kvalita a bezpe\u010dnos\u0165 pre v\u00e1\u0161 domov Kovov\u00e1 br\u00e1nka Bratislava a okolie je ide\u00e1lnym rie\u0161en\u00edm pre t\u00fdch, ktor\u00ed h\u013eadaj\u00fa pevn\u00fd, odoln\u00fd a estetick\u00fd vstup pre svoj pozemok. Na\u0161a spolo\u010dnos\u0165 pon\u00faka \u0161irok\u00fd v\u00fdber kovov\u00fdch br\u00e1nok, ktor\u00e9 kombinuj\u00fa vysok\u00fa kvalitu, modern\u00fd dizajn a dlh\u00fa \u017eivotnos\u0165. Ka\u017ed\u00e1 br\u00e1nka je vyroben\u00e1 na mieru [&hellip;]<\/p>","protected":false},"author":3,"featured_media":1614,"parent":0,"menu_order":0,"comment_status":"closed","ping_status":"closed","template":"","meta":{"footnotes":""},"class_list":["post-1611","page","type-page","status-publish","has-post-thumbnail","hentry"],"_links":{"self":[{"href":"https:\/\/sarmirsteel.sk\/cz\/wp-json\/wp\/v2\/pages\/1611","targetHints":{"allow":["GET"]}}],"collection":[{"href":"https:\/\/sarmirsteel.sk\/cz\/wp-json\/wp\/v2\/pages"}],"about":[{"href":"https:\/\/sarmirsteel.sk\/cz\/wp-json\/wp\/v2\/types\/page"}],"author":[{"embeddable":true,"href":"https:\/\/sarmirsteel.sk\/cz\/wp-json\/wp\/v2\/users\/3"}],"replies":[{"embeddable":true,"href":"https:\/\/sarmirsteel.sk\/cz\/wp-json\/wp\/v2\/comments?post=1611"}],"version-history":[{"count":0,"href":"https:\/\/sarmirsteel.sk\/cz\/wp-json\/wp\/v2\/pages\/1611\/revisions"}],"wp:featuredmedia":[{"embeddable":true,"href":"https:\/\/sarmirsteel.sk\/cz\/wp-json\/wp\/v2\/media\/1614"}],"wp:attachment":[{"href":"https:\/\/sarmirsteel.sk\/cz\/wp-json\/wp\/v2\/media?parent=1611"}],"curies":[{"name":"wp","href":"https:\/\/api.w.org\/{rel}","templated":true}]}}