{"id":1041,"date":"2024-06-06T20:11:33","date_gmt":"2024-06-06T18:11:33","guid":{"rendered":"https:\/\/sarmirsteel.sk\/?page_id=1041"},"modified":"2024-06-20T23:06:13","modified_gmt":"2024-06-20T21:06:13","slug":"vejarove-brany-bratislava","status":"publish","type":"page","link":"https:\/\/sarmirsteel.sk\/cz\/vejarove-brany-bratislava\/","title":{"rendered":"Vej\u00e1rov\u00e9 br\u00e1ny Bratislava a okolie na mieru"},"content":{"rendered":"<div data-elementor-type=\"wp-page\" data-elementor-id=\"1041\" class=\"elementor elementor-1041\" data-elementor-post-type=\"page\">\n\t\t\t\t\t\t<section class=\"elementor-section elementor-top-section elementor-element elementor-element-3512fdcb elementor-section-height-min-height elementor-section-boxed elementor-section-height-default elementor-section-items-middle\" data-id=\"3512fdcb\" data-element_type=\"section\" data-settings=\"{&quot;background_background&quot;:&quot;classic&quot;}\">\n\t\t\t\t\t\t<div class=\"elementor-container elementor-column-gap-default\">\n\t\t\t\t\t<div class=\"elementor-column elementor-col-100 elementor-top-column elementor-element elementor-element-3f85021a\" data-id=\"3f85021a\" data-element_type=\"column\">\n\t\t\t<div class=\"elementor-widget-wrap elementor-element-populated\">\n\t\t\t\t\t\t<div class=\"elementor-element elementor-element-306865a2 elementor-widget elementor-widget-heading\" data-id=\"306865a2\" data-element_type=\"widget\" data-widget_type=\"heading.default\">\n\t\t\t\t<div class=\"elementor-widget-container\">\n\t\t\t<h1 class=\"elementor-heading-title elementor-size-default\">Vej\u00e1rov\u00e9 br\u00e1ny Bratislava a okolie na mieru<\/h1>\t\t<\/div>\n\t\t\t\t<\/div>\n\t\t\t\t\t<\/div>\n\t\t<\/div>\n\t\t\t\t\t<\/div>\n\t\t<\/section>\n\t\t\t\t<section class=\"elementor-section elementor-top-section elementor-element elementor-element-6a65c303 elementor-section-content-middle elementor-section-boxed elementor-section-height-default elementor-section-height-default\" data-id=\"6a65c303\" data-element_type=\"section\" id=\"sluzby\" data-settings=\"{&quot;background_background&quot;:&quot;classic&quot;}\">\n\t\t\t\t\t\t<div class=\"elementor-container elementor-column-gap-no\">\n\t\t\t\t\t<div class=\"elementor-column elementor-col-100 elementor-top-column elementor-element elementor-element-47222da\" data-id=\"47222da\" data-element_type=\"column\">\n\t\t\t<div class=\"elementor-widget-wrap elementor-element-populated\">\n\t\t\t\t\t\t<section class=\"elementor-section elementor-inner-section elementor-element elementor-element-168e928a elementor-section-boxed elementor-section-height-default elementor-section-height-default\" data-id=\"168e928a\" data-element_type=\"section\">\n\t\t\t\t\t\t<div class=\"elementor-container elementor-column-gap-default\">\n\t\t\t\t\t<div class=\"elementor-column elementor-col-100 elementor-inner-column elementor-element elementor-element-28c4942f\" data-id=\"28c4942f\" data-element_type=\"column\">\n\t\t\t<div class=\"elementor-widget-wrap elementor-element-populated\">\n\t\t\t\t\t\t<div class=\"elementor-element elementor-element-30dc3263 elementor-widget elementor-widget-heading\" data-id=\"30dc3263\" data-element_type=\"widget\" data-widget_type=\"heading.default\">\n\t\t\t\t<div class=\"elementor-widget-container\">\n\t\t\t<h2 class=\"elementor-heading-title elementor-size-default\">Elegantn\u00e9 a inovat\u00edvne rie\u0161enie pre v\u00e1\u0161 domov<\/h2>\t\t<\/div>\n\t\t\t\t<\/div>\n\t\t\t\t<div class=\"elementor-element elementor-element-6142b95a elementor-widget elementor-widget-text-editor\" data-id=\"6142b95a\" data-element_type=\"widget\" data-widget_type=\"text-editor.default\">\n\t\t\t\t<div class=\"elementor-widget-container\">\n\t\t\t\t\t\t\t<p><strong>Vej\u00e1rov\u00e9 br\u00e1ny Bratislava <\/strong>\u00a0predstavuj\u00fa modern\u00e9 a estetick\u00e9 rie\u0161enie pre vstup na v\u00e1\u0161 pozemok. Na\u0161a spolo\u010dnos\u0165 pon\u00faka \u0161irok\u00fd v\u00fdber vej\u00e1rov\u00fdch br\u00e1n, ktor\u00e9 kombinuj\u00fa eleganciu, funk\u010dnos\u0165 a vysok\u00fa kvalitu. Ka\u017ed\u00e1 vej\u00e1rov\u00e1 br\u00e1na je vyroben\u00e1 na mieru, aby dokonale sp\u013a\u0148ala va\u0161e po\u017eiadavky a o\u010dak\u00e1vania.<\/p>\t\t\t\t\t\t<\/div>\n\t\t\t\t<\/div>\n\t\t\t\t<div class=\"elementor-element elementor-element-65da4aff elementor-widget elementor-widget-heading\" data-id=\"65da4aff\" data-element_type=\"widget\" data-widget_type=\"heading.default\">\n\t\t\t\t<div class=\"elementor-widget-container\">\n\t\t\t<h2 class=\"elementor-heading-title elementor-size-default\">V\u00fdhody vej\u00e1rov\u00fdch br\u00e1n<\/h2>\t\t<\/div>\n\t\t\t\t<\/div>\n\t\t\t\t<div class=\"elementor-element elementor-element-39633e63 elementor-widget elementor-widget-text-editor\" data-id=\"39633e63\" data-element_type=\"widget\" data-widget_type=\"text-editor.default\">\n\t\t\t\t<div class=\"elementor-widget-container\">\n\t\t\t\t\t\t\t<ul><li class=\"article_title align-center\"><strong>Modern\u00fd dizajn<\/strong><\/li><\/ul><div class=\"article_indents\"><p class=\"article_indent align-center\">Vej\u00e1rov\u00e9 br\u00e1ny vynikaj\u00fa svoj\u00edm unik\u00e1tnym a atrakt\u00edvnym vzh\u013eadom, ktor\u00fd prid\u00e1va \u0161mrnc a prest\u00ed\u017e v\u00e1\u0161mu domovu.<\/p><ul><li class=\"article_title align-center\"><strong>\u00daspora priestoru<\/strong><\/li><\/ul><div class=\"article_indents\"><p class=\"article_indent align-center\">V\u010faka svojmu kon\u0161truk\u010dn\u00e9mu rie\u0161eniu vej\u00e1rov\u00e9 br\u00e1ny zaberaj\u00fa menej miesta pri otv\u00e1ran\u00ed a zatv\u00e1ran\u00ed, \u010do je ide\u00e1lne pre men\u0161ie pozemky.<\/p><ul><li class=\"article_title align-center\"><strong>Jednoduch\u00e1 manipul\u00e1cia<\/strong><\/li><\/ul><div class=\"article_indents\"><p class=\"article_indent align-center\">Pokro\u010dil\u00e9 technol\u00f3gie a kvalitn\u00e9 motorov\u00e9 syst\u00e9my zabezpe\u010duj\u00fa hladk\u00fa a tich\u00fa prev\u00e1dzku.<\/p><ul><li class=\"article_title align-center\"><strong>Odolnos\u0165<\/strong><\/li><\/ul><div class=\"article_indents\"><p class=\"article_indent align-center\">Na\u0161e vej\u00e1rov\u00e9 br\u00e1ny s\u00fa vyroben\u00e9 z prvotriednych materi\u00e1lov, ktor\u00e9 zaru\u010duj\u00fa dlh\u00fa \u017eivotnos\u0165 a odolnos\u0165 vo\u010di poveternostn\u00fdm vplyvom.<\/p><div class=\"content_section position-1\"><article id=\"Article_idm139968259295648-15\"><div class=\"Article notab_br decoration-none\"><div class=\"article_indents\">\u00a0<\/div><\/div><\/article><\/div><\/div><\/div><\/div><\/div>\t\t\t\t\t\t<\/div>\n\t\t\t\t<\/div>\n\t\t\t\t<div class=\"elementor-element elementor-element-5ef5983f elementor-widget elementor-widget-heading\" data-id=\"5ef5983f\" data-element_type=\"widget\" data-widget_type=\"heading.default\">\n\t\t\t\t<div class=\"elementor-widget-container\">\n\t\t\t<h2 class=\"elementor-heading-title elementor-size-default\">Technick\u00e9 vlastnosti - Vej\u00e1rov\u00e9 br\u00e1ny Bratislava<\/h2>\t\t<\/div>\n\t\t\t\t<\/div>\n\t\t\t\t<div class=\"elementor-element elementor-element-78898a8e elementor-widget elementor-widget-text-editor\" data-id=\"78898a8e\" data-element_type=\"widget\" data-widget_type=\"text-editor.default\">\n\t\t\t\t<div class=\"elementor-widget-container\">\n\t\t\t\t\t\t\t<p>Na\u0161e vej\u00e1rov\u00e9 br\u00e1ny s\u00fa vyr\u00e1ban\u00e9 z kvalitn\u00fdch materi\u00e1lov, ako je hlin\u00edk alebo oce\u013e, ktor\u00e9 zaru\u010duj\u00fa ich pevnos\u0165 a trv\u00e1cnos\u0165. Povrchov\u00e1 \u00faprava zabezpe\u010duje odolnos\u0165 proti kor\u00f3zii a dlhodob\u00fa estetick\u00fa hodnotu. Ka\u017ed\u00e1 br\u00e1na je prisp\u00f4soben\u00e1 va\u0161im \u0161pecifick\u00fdm potreb\u00e1m a po\u017eiadavk\u00e1m, \u010do zaru\u010duje jej presnos\u0165 a kvalitu.<\/p>\t\t\t\t\t\t<\/div>\n\t\t\t\t<\/div>\n\t\t\t\t<div class=\"elementor-element elementor-element-43c5b105 elementor-widget elementor-widget-heading\" data-id=\"43c5b105\" data-element_type=\"widget\" data-widget_type=\"heading.default\">\n\t\t\t\t<div class=\"elementor-widget-container\">\n\t\t\t<h2 class=\"elementor-heading-title elementor-size-default\">Mont\u00e1\u017e a servis vej\u00e1rovej br\u00e1ny na mieru v Bratislave<\/h2>\t\t<\/div>\n\t\t\t\t<\/div>\n\t\t\t\t<div class=\"elementor-element elementor-element-ee10a3 elementor-widget elementor-widget-text-editor\" data-id=\"ee10a3\" data-element_type=\"widget\" data-widget_type=\"text-editor.default\">\n\t\t\t\t<div class=\"elementor-widget-container\">\n\t\t\t\t\t\t\t<p>Na\u0161a spolo\u010dnos\u0165 pon\u00faka kompletn\u00e9 slu\u017eby vr\u00e1tane profesion\u00e1lnej mont\u00e1\u017ee a servisu vej\u00e1rov\u00fdch br\u00e1n. Na\u0161i sk\u00fasen\u00ed technici zabezpe\u010dia odborn\u00fa in\u0161tal\u00e1ciu a pravideln\u00fa \u00fadr\u017ebu, aby va\u0161e br\u00e1ny fungovali bezchybne po dlh\u00e9 roky. Sme pripraven\u00ed rie\u0161i\u0165 v\u0161etky va\u0161e po\u017eiadavky a zabezpe\u010di\u0165, \u017ee va\u0161a vej\u00e1rov\u00e1 br\u00e1na bude v\u017edy v perfektnom stave.<\/p>\t\t\t\t\t\t<\/div>\n\t\t\t\t<\/div>\n\t\t\t\t<div class=\"elementor-element elementor-element-7309e26a elementor-widget elementor-widget-heading\" data-id=\"7309e26a\" data-element_type=\"widget\" data-widget_type=\"heading.default\">\n\t\t\t\t<div class=\"elementor-widget-container\">\n\t\t\t<h2 class=\"elementor-heading-title elementor-size-default\">Pre\u010do si vybra\u0165 n\u00e1s?<\/h2>\t\t<\/div>\n\t\t\t\t<\/div>\n\t\t\t\t<div class=\"elementor-element elementor-element-14e587bd elementor-widget elementor-widget-text-editor\" data-id=\"14e587bd\" data-element_type=\"widget\" data-widget_type=\"text-editor.default\">\n\t\t\t\t<div class=\"elementor-widget-container\">\n\t\t\t\t\t\t\t<ul><li class=\"article_title align-center\"><strong>Kvalita<\/strong><\/li><\/ul><div class=\"article_indents\"><p class=\"article_indent align-center\">\u0160armir Steel je z\u00e1rukou toho, \u017ee va\u0161a br\u00e1na bude odoln\u00e1, vysokokvalitn\u00e1 a spo\u013eahliv\u00e1.<\/p><ul><li class=\"article_title align-center\"><strong>Sk\u00fasenosti<\/strong><\/li><\/ul><div class=\"article_indents\"><p class=\"article_indent align-center\">M\u00e1me bohat\u00e9 sk\u00fasenosti v oblasti v\u00fdroby posuvn\u00fdch br\u00e1n a aj ich in\u0161tal\u00e1cie.\u00a0<\/p><ul><li class=\"article_title align-center\"><strong>Z\u00e1kazn\u00edcky servis<\/strong><\/li><\/ul><div class=\"article_indents\"><p class=\"article_indent align-center\">N\u00e1\u0161 t\u00edm je pripraven\u00fd odpoveda\u0165 na v\u0161etky va\u0161e ot\u00e1zky a poskytn\u00fa\u0165 v\u00e1m odborn\u00e9 poradenstvo.<\/p><ul><li class=\"article_title align-center\"><strong>Cenov\u00e1 dostupnos\u0165<\/strong><\/li><\/ul><div class=\"article_indents\"><p class=\"article_indent align-center\">Poskytujeme kvalitn\u00e9 produkty za konkurencieschopn\u00e9 ceny.<\/p><\/div><p>Ak m\u00e1te z\u00e1ujem o na\u0161e vej\u00e1rov\u00e9 br\u00e1ny na mieru v Bratislave a okol\u00ed alebo potrebujete viac inform\u00e1ci\u00ed, nev\u00e1hajte n\u00e1s kontaktova\u0165. Radi v\u00e1m pom\u00f4\u017eeme s v\u00fdberom ide\u00e1lneho rie\u0161enia pre v\u00e1\u0161 pozemok.<\/p><div class=\"article_indents\"><div class=\"content_section position-1\"><article id=\"Article_idm139968259295648-15\"><div class=\"Article notab_br decoration-none\"><div class=\"article_indents\">\u00a0<\/div><\/div><\/article><\/div><\/div><\/div><\/div><\/div>\t\t\t\t\t\t<\/div>\n\t\t\t\t<\/div>\n\t\t\t\t\t<\/div>\n\t\t<\/div>\n\t\t\t\t\t<\/div>\n\t\t<\/section>\n\t\t\t\t\t<\/div>\n\t\t<\/div>\n\t\t\t\t\t<\/div>\n\t\t<\/section>\n\t\t\t\t<section class=\"elementor-section elementor-top-section elementor-element elementor-element-73863247 elementor-section-boxed elementor-section-height-default elementor-section-height-default\" data-id=\"73863247\" data-element_type=\"section\">\n\t\t\t\t\t\t<div class=\"elementor-container elementor-column-gap-default\">\n\t\t\t\t\t<div class=\"elementor-column elementor-col-100 elementor-top-column elementor-element elementor-element-33251fa4\" data-id=\"33251fa4\" data-element_type=\"column\">\n\t\t\t<div class=\"elementor-widget-wrap elementor-element-populated\">\n\t\t\t\t\t\t<div class=\"elementor-element elementor-element-75553913 elementor-widget elementor-widget-heading\" data-id=\"75553913\" data-element_type=\"widget\" data-widget_type=\"heading.default\">\n\t\t\t\t<div class=\"elementor-widget-container\">\n\t\t\t<h2 class=\"elementor-heading-title elementor-size-default\">Vej\u00e1rov\u00e9 br\u00e1ny Bratislava a okolie z na\u0161ej v\u00fdroby<\/h2>\t\t<\/div>\n\t\t\t\t<\/div>\n\t\t\t\t<div class=\"elementor-element elementor-element-3c733836 elementor-widget elementor-widget-gallery\" data-id=\"3c733836\" data-element_type=\"widget\" data-settings=\"{&quot;lazyload&quot;:&quot;yes&quot;,&quot;gallery_layout&quot;:&quot;grid&quot;,&quot;columns&quot;:4,&quot;columns_tablet&quot;:2,&quot;columns_mobile&quot;:1,&quot;gap&quot;:{&quot;unit&quot;:&quot;px&quot;,&quot;size&quot;:10,&quot;sizes&quot;:[]},&quot;gap_tablet&quot;:{&quot;unit&quot;:&quot;px&quot;,&quot;size&quot;:10,&quot;sizes&quot;:[]},&quot;gap_mobile&quot;:{&quot;unit&quot;:&quot;px&quot;,&quot;size&quot;:10,&quot;sizes&quot;:[]},&quot;link_to&quot;:&quot;file&quot;,&quot;aspect_ratio&quot;:&quot;3:2&quot;,&quot;overlay_background&quot;:&quot;yes&quot;,&quot;content_hover_animation&quot;:&quot;fade-in&quot;}\" data-widget_type=\"gallery.default\">\n\t\t\t\t<div class=\"elementor-widget-container\">\n\t\t\t\t\t<div class=\"elementor-gallery__container\">\n\t\t\t\t\t\t\t<a class=\"e-gallery-item elementor-gallery-item elementor-animated-content\" href=\"https:\/\/sarmirsteel.sk\/wp-content\/uploads\/2024\/06\/vejarove-brany-bratislava.jpg\" data-elementor-open-lightbox=\"yes\" data-elementor-lightbox-slideshow=\"3c733836\" data-elementor-lightbox-title=\"vej\u00e1rov\u00e9-brany-bratislava\" data-e-action-hash=\"#elementor-action%3Aaction%3Dlightbox%26settings%3DeyJpZCI6MTUzOCwidXJsIjoiaHR0cHM6XC9cL3Nhcm1pcnN0ZWVsLnNrXC93cC1jb250ZW50XC91cGxvYWRzXC8yMDI0XC8wNlwvdmVqYXJvdmUtYnJhbnktYnJhdGlzbGF2YS5qcGciLCJzbGlkZXNob3ciOiIzYzczMzgzNiJ9\">\n\t\t\t\t\t<div class=\"e-gallery-image elementor-gallery-item__image\" data-thumbnail=\"https:\/\/sarmirsteel.sk\/wp-content\/uploads\/2024\/06\/vejarove-brany-bratislava-300x225.jpg\" data-width=\"300\" data-height=\"225\" aria-label=\"vejarove brany bratislava\" role=\"img\" ><\/div>\n\t\t\t\t\t\t\t\t\t\t\t<div class=\"elementor-gallery-item__overlay\"><\/div>\n\t\t\t\t\t\t\t\t\t\t\t\t\t\t<\/a>\n\t\t\t\t\t<\/div>\n\t\t\t<\/div>\n\t\t\t\t<\/div>\n\t\t\t\t<div class=\"elementor-element elementor-element-6ab1b7a elementor-widget elementor-widget-text-editor\" data-id=\"6ab1b7a\" data-element_type=\"widget\" data-widget_type=\"text-editor.default\">\n\t\t\t\t<div class=\"elementor-widget-container\">\n\t\t\t\t\t\t\t<p>Viac fotiek realiz\u00e1ci\u00ed vej\u00e1rov\u00fdch br\u00e1n v Bratislave a okol\u00ed n\u00e1jdete na na\u0161om <a href=\"https:\/\/www.facebook.com\/sarmirsteel.sk\">Facebook \u00fa\u010dte<\/a>.<\/p>\t\t\t\t\t\t<\/div>\n\t\t\t\t<\/div>\n\t\t\t\t\t<\/div>\n\t\t<\/div>\n\t\t\t\t\t<\/div>\n\t\t<\/section>\n\t\t\t\t<\/div>","protected":false},"excerpt":{"rendered":"<p>Vej\u00e1rov\u00e9 br\u00e1ny Bratislava a okolie na mieru Elegantn\u00e9 a inovat\u00edvne rie\u0161enie pre v\u00e1\u0161 domov Vej\u00e1rov\u00e9 br\u00e1ny Bratislava \u00a0predstavuj\u00fa modern\u00e9 a estetick\u00e9 rie\u0161enie pre vstup na v\u00e1\u0161 pozemok. Na\u0161a spolo\u010dnos\u0165 pon\u00faka \u0161irok\u00fd v\u00fdber vej\u00e1rov\u00fdch br\u00e1n, ktor\u00e9 kombinuj\u00fa eleganciu, funk\u010dnos\u0165 a vysok\u00fa kvalitu. Ka\u017ed\u00e1 vej\u00e1rov\u00e1 br\u00e1na je vyroben\u00e1 na mieru, aby dokonale sp\u013a\u0148ala va\u0161e po\u017eiadavky a o\u010dak\u00e1vania. [&hellip;]<\/p>","protected":false},"author":3,"featured_media":1538,"parent":0,"menu_order":0,"comment_status":"closed","ping_status":"closed","template":"","meta":{"footnotes":""},"class_list":["post-1041","page","type-page","status-publish","has-post-thumbnail","hentry"],"_links":{"self":[{"href":"https:\/\/sarmirsteel.sk\/cz\/wp-json\/wp\/v2\/pages\/1041","targetHints":{"allow":["GET"]}}],"collection":[{"href":"https:\/\/sarmirsteel.sk\/cz\/wp-json\/wp\/v2\/pages"}],"about":[{"href":"https:\/\/sarmirsteel.sk\/cz\/wp-json\/wp\/v2\/types\/page"}],"author":[{"embeddable":true,"href":"https:\/\/sarmirsteel.sk\/cz\/wp-json\/wp\/v2\/users\/3"}],"replies":[{"embeddable":true,"href":"https:\/\/sarmirsteel.sk\/cz\/wp-json\/wp\/v2\/comments?post=1041"}],"version-history":[{"count":0,"href":"https:\/\/sarmirsteel.sk\/cz\/wp-json\/wp\/v2\/pages\/1041\/revisions"}],"wp:featuredmedia":[{"embeddable":true,"href":"https:\/\/sarmirsteel.sk\/cz\/wp-json\/wp\/v2\/media\/1538"}],"wp:attachment":[{"href":"https:\/\/sarmirsteel.sk\/cz\/wp-json\/wp\/v2\/media?parent=1041"}],"curies":[{"name":"wp","href":"https:\/\/api.w.org\/{rel}","templated":true}]}}